{"id":4259,"date":"2026-03-31T16:14:24","date_gmt":"2026-03-31T16:14:24","guid":{"rendered":"https:\/\/presses-universitaires.parisnanterre.fr\/?post_type=product&#038;p=4259"},"modified":"2026-04-27T08:18:43","modified_gmt":"2026-04-27T08:18:43","slug":"une-voix-a-soi-la-formation-de-la-narratrice-dans-les-oeuvres-de-rosa-chacel-elena-quiroga-et-ana-maria-matute","status":"publish","type":"product","link":"https:\/\/presses-universitaires.parisnanterre.fr\/index.php\/produit\/une-voix-a-soi-la-formation-de-la-narratrice-dans-les-oeuvres-de-rosa-chacel-elena-quiroga-et-ana-maria-matute\/","title":{"rendered":"Une voix \u00e0 soi. La formation de la narratrice dans les \u0153uvres de Rosa Chacel, Elena Quiroga et Ana Mar\u00eda Matute"},"content":{"rendered":"","protected":false},"excerpt":{"rendered":"<ul>\n<li>Lou Freda<\/li>\n<li>Langue : fran\u00e7ais et espagnol<\/li>\n<li>352 pages<\/li>\n<li>ISBN : 978-2-84016-623-8<\/li>\n<li>Date de publication : avril 2026<\/li>\n<\/ul>\n","protected":false},"featured_media":4260,"comment_status":"closed","ping_status":"closed","template":"","meta":{"_kad_blocks_custom_css":"","_kad_blocks_head_custom_js":"","_kad_blocks_body_custom_js":"","_kad_blocks_footer_custom_js":"","_kadence_starter_templates_imported_post":false,"_kad_post_transparent":"default","_kad_post_title":"","_kad_post_layout":"default","_kad_post_sidebar_id":"","_kad_post_content_style":"default","_kad_post_vertical_padding":"default","_kad_post_feature":"","_kad_post_feature_position":"","_kad_post_header":false,"_kad_post_footer":false,"_kad_post_classname":""},"product_brand":[],"product_cat":[396,420,509,463],"product_tag":[392],"class_list":{"0":"post-4259","1":"product","2":"type-product","3":"status-publish","4":"has-post-thumbnail","6":"product_cat-civilisations-et-cultures-etrangeres","7":"product_cat-espagne","8":"product_cat-litterature-espagnole","9":"product_cat-xxe-siecle","10":"product_tag-mondes-hispaniques","12":"first","13":"instock","14":"taxable","15":"shipping-taxable","16":"purchasable","17":"product-type-simple","18":"entry","19":"content-bg","20":"loop-entry"},"taxonomy_info":{"product_cat":[{"value":396,"label":"Civilisations et cultures \u00e9trang\u00e8res"},{"value":420,"label":"Espagne"},{"value":509,"label":"Litt\u00e9rature espagnole"},{"value":463,"label":"XXe si\u00e8cle"}],"product_tag":[{"value":392,"label":"Mondes hispaniques"}]},"featured_image_src_large":["https:\/\/presses-universitaires.parisnanterre.fr\/wp-content\/uploads\/2026\/03\/9782840166238-686x1024.jpg",686,1024,true],"author_info":[],"comment_info":0,"_links":{"self":[{"href":"https:\/\/presses-universitaires.parisnanterre.fr\/index.php\/wp-json\/wp\/v2\/product\/4259","targetHints":{"allow":["GET"]}}],"collection":[{"href":"https:\/\/presses-universitaires.parisnanterre.fr\/index.php\/wp-json\/wp\/v2\/product"}],"about":[{"href":"https:\/\/presses-universitaires.parisnanterre.fr\/index.php\/wp-json\/wp\/v2\/types\/product"}],"replies":[{"embeddable":true,"href":"https:\/\/presses-universitaires.parisnanterre.fr\/index.php\/wp-json\/wp\/v2\/comments?post=4259"}],"wp:featuredmedia":[{"embeddable":true,"href":"https:\/\/presses-universitaires.parisnanterre.fr\/index.php\/wp-json\/wp\/v2\/media\/4260"}],"wp:attachment":[{"href":"https:\/\/presses-universitaires.parisnanterre.fr\/index.php\/wp-json\/wp\/v2\/media?parent=4259"}],"wp:term":[{"taxonomy":"product_brand","embeddable":true,"href":"https:\/\/presses-universitaires.parisnanterre.fr\/index.php\/wp-json\/wp\/v2\/product_brand?post=4259"},{"taxonomy":"product_cat","embeddable":true,"href":"https:\/\/presses-universitaires.parisnanterre.fr\/index.php\/wp-json\/wp\/v2\/product_cat?post=4259"},{"taxonomy":"product_tag","embeddable":true,"href":"https:\/\/presses-universitaires.parisnanterre.fr\/index.php\/wp-json\/wp\/v2\/product_tag?post=4259"}],"curies":[{"name":"wp","href":"https:\/\/api.w.org\/{rel}","templated":true}]}}