{"id":4195,"date":"2026-01-28T13:27:16","date_gmt":"2026-01-28T13:27:16","guid":{"rendered":"https:\/\/presses-universitaires.parisnanterre.fr\/?post_type=product&#038;p=4195"},"modified":"2026-04-23T13:34:43","modified_gmt":"2026-04-23T13:34:43","slug":"la-puissance-russe-au-xxie-siecle-une-approche-multiscalaire-et-pluridisciplinaire","status":"publish","type":"product","link":"https:\/\/presses-universitaires.parisnanterre.fr\/index.php\/produit\/la-puissance-russe-au-xxie-siecle-une-approche-multiscalaire-et-pluridisciplinaire\/","title":{"rendered":"La puissance russe au XXIe si\u00e8cle. Une approche multiscalaire et pluridisciplinaire"},"content":{"rendered":"","protected":false},"excerpt":{"rendered":"<ul>\n<li>Jean-Robert Raviot, Maxime Dani\u00e9lou et Gabriel Porc (dir.)<\/li>\n<li>Langue : fran\u00e7ais et anglais<\/li>\n<li>172 pages<\/li>\n<li>ISBN : 978-2-84016-622-1<\/li>\n<li>Date de publication : 2 avril 2026<\/li>\n<\/ul>\n<p>&nbsp;<\/p>\n","protected":false},"featured_media":4197,"comment_status":"closed","ping_status":"closed","template":"","meta":{"_kad_blocks_custom_css":"","_kad_blocks_head_custom_js":"","_kad_blocks_body_custom_js":"","_kad_blocks_footer_custom_js":"","_kadence_starter_templates_imported_post":false,"_kad_post_transparent":"default","_kad_post_title":"","_kad_post_layout":"default","_kad_post_sidebar_id":"","_kad_post_content_style":"default","_kad_post_vertical_padding":"default","_kad_post_feature":"","_kad_post_feature_position":"","_kad_post_header":false,"_kad_post_footer":false,"_kad_post_classname":""},"product_brand":[],"product_cat":[398,399,426,561,562,560],"product_tag":[545],"class_list":{"0":"post-4195","1":"product","2":"type-product","3":"status-publish","4":"has-post-thumbnail","6":"product_cat-droit-economie-sciences-politiques","7":"product_cat-geographie","8":"product_cat-geopolitique","9":"product_cat-russie","10":"product_cat-ukraine","11":"product_cat-xxie-siecle","12":"product_tag-transverses","14":"first","15":"instock","16":"taxable","17":"shipping-taxable","18":"purchasable","19":"product-type-simple","20":"entry","21":"content-bg","22":"loop-entry"},"taxonomy_info":{"product_cat":[{"value":398,"label":"Droit, \u00e9conomie, sciences politiques"},{"value":399,"label":"G\u00e9ographie"},{"value":426,"label":"G\u00e9opolitique"},{"value":561,"label":"Russie"},{"value":562,"label":"Ukraine"},{"value":560,"label":"XXIe si\u00e8cle"}],"product_tag":[{"value":545,"label":"Transverses"}]},"featured_image_src_large":["https:\/\/presses-universitaires.parisnanterre.fr\/wp-content\/uploads\/2026\/01\/couv-Russie-copie-copie-2.jpg",659,936,false],"author_info":[],"comment_info":0,"_links":{"self":[{"href":"https:\/\/presses-universitaires.parisnanterre.fr\/index.php\/wp-json\/wp\/v2\/product\/4195","targetHints":{"allow":["GET"]}}],"collection":[{"href":"https:\/\/presses-universitaires.parisnanterre.fr\/index.php\/wp-json\/wp\/v2\/product"}],"about":[{"href":"https:\/\/presses-universitaires.parisnanterre.fr\/index.php\/wp-json\/wp\/v2\/types\/product"}],"replies":[{"embeddable":true,"href":"https:\/\/presses-universitaires.parisnanterre.fr\/index.php\/wp-json\/wp\/v2\/comments?post=4195"}],"wp:featuredmedia":[{"embeddable":true,"href":"https:\/\/presses-universitaires.parisnanterre.fr\/index.php\/wp-json\/wp\/v2\/media\/4197"}],"wp:attachment":[{"href":"https:\/\/presses-universitaires.parisnanterre.fr\/index.php\/wp-json\/wp\/v2\/media?parent=4195"}],"wp:term":[{"taxonomy":"product_brand","embeddable":true,"href":"https:\/\/presses-universitaires.parisnanterre.fr\/index.php\/wp-json\/wp\/v2\/product_brand?post=4195"},{"taxonomy":"product_cat","embeddable":true,"href":"https:\/\/presses-universitaires.parisnanterre.fr\/index.php\/wp-json\/wp\/v2\/product_cat?post=4195"},{"taxonomy":"product_tag","embeddable":true,"href":"https:\/\/presses-universitaires.parisnanterre.fr\/index.php\/wp-json\/wp\/v2\/product_tag?post=4195"}],"curies":[{"name":"wp","href":"https:\/\/api.w.org\/{rel}","templated":true}]}}