{"id":4192,"date":"2026-01-28T13:09:38","date_gmt":"2026-01-28T13:09:38","guid":{"rendered":"https:\/\/presses-universitaires.parisnanterre.fr\/?post_type=product&#038;p=4192"},"modified":"2026-05-07T08:47:12","modified_gmt":"2026-05-07T08:47:12","slug":"daniel-menager-lecteur-de-la-litterature-europeenne-au-miroir-de-la-renaissance","status":"publish","type":"product","link":"https:\/\/presses-universitaires.parisnanterre.fr\/index.php\/produit\/daniel-menager-lecteur-de-la-litterature-europeenne-au-miroir-de-la-renaissance\/","title":{"rendered":"Daniel M\u00e9nager. Lecteur de la litt\u00e9rature europ\u00e9enne au miroir de la Renaissance"},"content":{"rendered":"","protected":false},"excerpt":{"rendered":"<ul>\n<li>Marie-Christine Gomez-G\u00e9raud, Frank Lestringant et Olivier Millet (dir.)<\/li>\n<li>Langue : fran\u00e7ais<\/li>\n<li>160 pages (provisoire)<\/li>\n<li>ISBN : 978-2-84016-618-4<\/li>\n<li>Date de parution : avril 2026<\/li>\n<\/ul>\n","protected":false},"featured_media":4194,"comment_status":"closed","ping_status":"closed","template":"","meta":{"_kad_blocks_custom_css":"","_kad_blocks_head_custom_js":"","_kad_blocks_body_custom_js":"","_kad_blocks_footer_custom_js":"","_kadence_starter_templates_imported_post":false,"_kad_post_transparent":"default","_kad_post_title":"","_kad_post_layout":"default","_kad_post_sidebar_id":"","_kad_post_content_style":"default","_kad_post_vertical_padding":"default","_kad_post_feature":"","_kad_post_feature_position":"","_kad_post_header":false,"_kad_post_footer":false,"_kad_post_classname":""},"product_brand":[],"product_cat":[412,400,428,403,443,444,559],"product_tag":[487],"class_list":{"0":"post-4192","1":"product","2":"type-product","3":"status-publish","4":"has-post-thumbnail","6":"product_cat-arts-visuels","7":"product_cat-histoire","8":"product_cat-histoire-de-lart","9":"product_cat-litteratures","10":"product_cat-philosophie-thematiques","11":"product_cat-poesie","12":"product_cat-renaissance","13":"product_tag-orbis-litterarum","15":"first","16":"instock","17":"taxable","18":"shipping-taxable","19":"product-type-simple","20":"entry","21":"content-bg","22":"loop-entry"},"taxonomy_info":{"product_cat":[{"value":412,"label":"Arts visuels"},{"value":400,"label":"Histoire"},{"value":428,"label":"Histoire de l'art"},{"value":403,"label":"Litt\u00e9ratures"},{"value":443,"label":"Philosophie"},{"value":444,"label":"Po\u00e9sie"},{"value":559,"label":"Renaissance"}],"product_tag":[{"value":487,"label":"Orbis litterarum"}]},"featured_image_src_large":["https:\/\/presses-universitaires.parisnanterre.fr\/wp-content\/uploads\/2026\/01\/9782840166184-869x1024.jpg",869,1024,true],"author_info":[],"comment_info":0,"_links":{"self":[{"href":"https:\/\/presses-universitaires.parisnanterre.fr\/index.php\/wp-json\/wp\/v2\/product\/4192","targetHints":{"allow":["GET"]}}],"collection":[{"href":"https:\/\/presses-universitaires.parisnanterre.fr\/index.php\/wp-json\/wp\/v2\/product"}],"about":[{"href":"https:\/\/presses-universitaires.parisnanterre.fr\/index.php\/wp-json\/wp\/v2\/types\/product"}],"replies":[{"embeddable":true,"href":"https:\/\/presses-universitaires.parisnanterre.fr\/index.php\/wp-json\/wp\/v2\/comments?post=4192"}],"wp:featuredmedia":[{"embeddable":true,"href":"https:\/\/presses-universitaires.parisnanterre.fr\/index.php\/wp-json\/wp\/v2\/media\/4194"}],"wp:attachment":[{"href":"https:\/\/presses-universitaires.parisnanterre.fr\/index.php\/wp-json\/wp\/v2\/media?parent=4192"}],"wp:term":[{"taxonomy":"product_brand","embeddable":true,"href":"https:\/\/presses-universitaires.parisnanterre.fr\/index.php\/wp-json\/wp\/v2\/product_brand?post=4192"},{"taxonomy":"product_cat","embeddable":true,"href":"https:\/\/presses-universitaires.parisnanterre.fr\/index.php\/wp-json\/wp\/v2\/product_cat?post=4192"},{"taxonomy":"product_tag","embeddable":true,"href":"https:\/\/presses-universitaires.parisnanterre.fr\/index.php\/wp-json\/wp\/v2\/product_tag?post=4192"}],"curies":[{"name":"wp","href":"https:\/\/api.w.org\/{rel}","templated":true}]}}