{"id":4191,"date":"2026-01-28T13:08:34","date_gmt":"2026-01-28T13:08:34","guid":{"rendered":"https:\/\/presses-universitaires.parisnanterre.fr\/?post_type=product&#038;p=4191"},"modified":"2026-05-07T08:47:39","modified_gmt":"2026-05-07T08:47:39","slug":"de-bagdad-a-cambridge-voyage-a-travers-lanalyse-de-donnees","status":"publish","type":"product","link":"https:\/\/presses-universitaires.parisnanterre.fr\/index.php\/produit\/de-bagdad-a-cambridge-voyage-a-travers-lanalyse-de-donnees\/","title":{"rendered":"De Bagdad \u00e0 Cambridge. Voyage \u00e0 travers l&rsquo;analyse de donn\u00e9es"},"content":{"rendered":"","protected":false},"excerpt":{"rendered":"<ul>\n<li>Jordane Boudesseul<\/li>\n<li>Langue fran\u00e7aise<\/li>\n<li>200 pages<\/li>\n<li>ISBN : 978-2-84016-624-5<\/li>\n<li>Date de publication : mai 2026<\/li>\n<\/ul>\n","protected":false},"featured_media":4198,"comment_status":"closed","ping_status":"closed","template":"","meta":{"_kad_blocks_custom_css":"","_kad_blocks_head_custom_js":"","_kad_blocks_body_custom_js":"","_kad_blocks_footer_custom_js":"","_kadence_starter_templates_imported_post":false,"_kad_post_transparent":"default","_kad_post_title":"","_kad_post_layout":"default","_kad_post_sidebar_id":"","_kad_post_content_style":"default","_kad_post_vertical_padding":"default","_kad_post_feature":"","_kad_post_feature_position":"","_kad_post_header":false,"_kad_post_footer":false,"_kad_post_classname":""},"product_brand":[],"product_cat":[404,564,448,406,563],"product_tag":[483],"class_list":{"0":"post-4191","1":"product","2":"type-product","3":"status-publish","4":"has-post-thumbnail","6":"product_cat-manuels-agregation","7":"product_cat-methodologie","8":"product_cat-psychologie","9":"product_cat-psychologie-psychanalyse","10":"product_cat-statistiques","11":"product_tag-manuels","13":"first","14":"instock","15":"taxable","16":"shipping-taxable","17":"product-type-simple","18":"entry","19":"content-bg","20":"loop-entry"},"taxonomy_info":{"product_cat":[{"value":404,"label":"Manuels \u2013 Agr\u00e9gation"},{"value":564,"label":"M\u00e9thodologie"},{"value":448,"label":"Psychologie"},{"value":406,"label":"Psychologie, psychanalyse"},{"value":563,"label":"Statistiques"}],"product_tag":[{"value":483,"label":"Manuels"}]},"featured_image_src_large":["https:\/\/presses-universitaires.parisnanterre.fr\/wp-content\/uploads\/2026\/01\/Couv-Boudesseul-test-lpa_4-copie-756x1024.jpg",756,1024,true],"author_info":[],"comment_info":0,"_links":{"self":[{"href":"https:\/\/presses-universitaires.parisnanterre.fr\/index.php\/wp-json\/wp\/v2\/product\/4191","targetHints":{"allow":["GET"]}}],"collection":[{"href":"https:\/\/presses-universitaires.parisnanterre.fr\/index.php\/wp-json\/wp\/v2\/product"}],"about":[{"href":"https:\/\/presses-universitaires.parisnanterre.fr\/index.php\/wp-json\/wp\/v2\/types\/product"}],"replies":[{"embeddable":true,"href":"https:\/\/presses-universitaires.parisnanterre.fr\/index.php\/wp-json\/wp\/v2\/comments?post=4191"}],"wp:featuredmedia":[{"embeddable":true,"href":"https:\/\/presses-universitaires.parisnanterre.fr\/index.php\/wp-json\/wp\/v2\/media\/4198"}],"wp:attachment":[{"href":"https:\/\/presses-universitaires.parisnanterre.fr\/index.php\/wp-json\/wp\/v2\/media?parent=4191"}],"wp:term":[{"taxonomy":"product_brand","embeddable":true,"href":"https:\/\/presses-universitaires.parisnanterre.fr\/index.php\/wp-json\/wp\/v2\/product_brand?post=4191"},{"taxonomy":"product_cat","embeddable":true,"href":"https:\/\/presses-universitaires.parisnanterre.fr\/index.php\/wp-json\/wp\/v2\/product_cat?post=4191"},{"taxonomy":"product_tag","embeddable":true,"href":"https:\/\/presses-universitaires.parisnanterre.fr\/index.php\/wp-json\/wp\/v2\/product_tag?post=4191"}],"curies":[{"name":"wp","href":"https:\/\/api.w.org\/{rel}","templated":true}]}}