{"id":416,"date":"2021-04-20T16:14:46","date_gmt":"2021-04-20T16:14:46","guid":{"rendered":"https:\/\/presses-universitaires.parisnanterre.fr\/?post_type=product&#038;p=416"},"modified":"2022-03-02T13:58:30","modified_gmt":"2022-03-02T13:58:30","slug":"nouveau-theatre-espagnol-1967-1978-histoire-dune-resistance-politique-culturelle-et-esthetique-sous-le-franquisme-tardif","status":"publish","type":"product","link":"https:\/\/presses-universitaires.parisnanterre.fr\/index.php\/produit\/nouveau-theatre-espagnol-1967-1978-histoire-dune-resistance-politique-culturelle-et-esthetique-sous-le-franquisme-tardif\/","title":{"rendered":"Le Nouveau Th\u00e9\u00e2tre espagnol (1967-1978) Histoire d&rsquo;une r\u00e9sistance politique, culturelle et esth\u00e9tique sous le franquisme tardif"},"content":{"rendered":"","protected":false},"excerpt":{"rendered":"<ul>\n<li>Anne-Laure Feuillastre<\/li>\n<li>Langue: Fran\u00e7ais<\/li>\n<li>482 pages<\/li>\n<li>ISBN: 978-2-84016-389-3<\/li>\n<li>Date de publication : 2021<\/li>\n<\/ul>\n","protected":false},"featured_media":418,"comment_status":"closed","ping_status":"closed","template":"","meta":{"_kad_blocks_custom_css":"","_kad_blocks_head_custom_js":"","_kad_blocks_body_custom_js":"","_kad_blocks_footer_custom_js":"","_kadence_starter_templates_imported_post":false,"_kad_post_transparent":"default","_kad_post_title":"","_kad_post_layout":"default","_kad_post_sidebar_id":"","_kad_post_content_style":"default","_kad_post_vertical_padding":"default","_kad_post_feature":"","_kad_post_feature_position":"","_kad_post_header":false,"_kad_post_footer":false,"_kad_post_classname":""},"product_brand":[],"product_cat":[396,420,458],"product_tag":[392],"class_list":{"0":"post-416","1":"product","2":"type-product","3":"status-publish","4":"has-post-thumbnail","6":"product_cat-civilisations-et-cultures-etrangeres","7":"product_cat-espagne","8":"product_cat-theatre","9":"product_tag-mondes-hispaniques","11":"first","12":"instock","13":"taxable","14":"shipping-taxable","15":"purchasable","16":"product-type-simple","17":"entry","18":"content-bg","19":"loop-entry"},"taxonomy_info":{"product_cat":[{"value":396,"label":"Civilisations et cultures \u00e9trang\u00e8res"},{"value":420,"label":"Espagne"},{"value":458,"label":"Th\u00e9\u00e2tre"}],"product_tag":[{"value":392,"label":"Mondes hispaniques"}]},"featured_image_src_large":["https:\/\/presses-universitaires.parisnanterre.fr\/wp-content\/uploads\/2021\/04\/nouveau-the\u0301a\u0302tre-665x1024.jpg",665,1024,true],"author_info":[],"comment_info":0,"_links":{"self":[{"href":"https:\/\/presses-universitaires.parisnanterre.fr\/index.php\/wp-json\/wp\/v2\/product\/416","targetHints":{"allow":["GET"]}}],"collection":[{"href":"https:\/\/presses-universitaires.parisnanterre.fr\/index.php\/wp-json\/wp\/v2\/product"}],"about":[{"href":"https:\/\/presses-universitaires.parisnanterre.fr\/index.php\/wp-json\/wp\/v2\/types\/product"}],"replies":[{"embeddable":true,"href":"https:\/\/presses-universitaires.parisnanterre.fr\/index.php\/wp-json\/wp\/v2\/comments?post=416"}],"wp:featuredmedia":[{"embeddable":true,"href":"https:\/\/presses-universitaires.parisnanterre.fr\/index.php\/wp-json\/wp\/v2\/media\/418"}],"wp:attachment":[{"href":"https:\/\/presses-universitaires.parisnanterre.fr\/index.php\/wp-json\/wp\/v2\/media?parent=416"}],"wp:term":[{"taxonomy":"product_brand","embeddable":true,"href":"https:\/\/presses-universitaires.parisnanterre.fr\/index.php\/wp-json\/wp\/v2\/product_brand?post=416"},{"taxonomy":"product_cat","embeddable":true,"href":"https:\/\/presses-universitaires.parisnanterre.fr\/index.php\/wp-json\/wp\/v2\/product_cat?post=416"},{"taxonomy":"product_tag","embeddable":true,"href":"https:\/\/presses-universitaires.parisnanterre.fr\/index.php\/wp-json\/wp\/v2\/product_tag?post=416"}],"curies":[{"name":"wp","href":"https:\/\/api.w.org\/{rel}","templated":true}]}}