{"id":4143,"date":"2026-01-13T12:19:07","date_gmt":"2026-01-13T12:19:07","guid":{"rendered":"https:\/\/presses-universitaires.parisnanterre.fr\/?post_type=product&#038;p=4143"},"modified":"2026-02-20T15:11:34","modified_gmt":"2026-02-20T15:11:34","slug":"problemes-de-la-liberte-dexpression-en-france-et-en-grece","status":"publish","type":"product","link":"https:\/\/presses-universitaires.parisnanterre.fr\/index.php\/produit\/problemes-de-la-liberte-dexpression-en-france-et-en-grece\/","title":{"rendered":"Probl\u00e8mes de la libert\u00e9 d&rsquo;expression en France et en Gr\u00e8ce"},"content":{"rendered":"","protected":false},"excerpt":{"rendered":"<ul>\n<li>Thomas Hochmann et \u00a0Georges Karavokyris (dir.)<\/li>\n<li>Langue : fran\u00e7ais<\/li>\n<li>226 pages<\/li>\n<li>ISBN : 978-2-84016-616-0<\/li>\n<li>Date de publication : f\u00e9vrier 2026<\/li>\n<\/ul>\n","protected":false},"featured_media":4148,"comment_status":"closed","ping_status":"closed","template":"","meta":{"_kad_blocks_custom_css":"","_kad_blocks_head_custom_js":"","_kad_blocks_body_custom_js":"","_kad_blocks_footer_custom_js":"","_kadence_starter_templates_imported_post":false,"_kad_post_transparent":"default","_kad_post_title":"","_kad_post_layout":"default","_kad_post_sidebar_id":"","_kad_post_content_style":"default","_kad_post_vertical_padding":"default","_kad_post_feature":"","_kad_post_feature_position":"","_kad_post_header":false,"_kad_post_footer":false,"_kad_post_classname":""},"product_brand":[],"product_cat":[416,398,400],"product_tag":[502],"class_list":{"0":"post-4143","1":"product","2":"type-product","3":"status-publish","4":"has-post-thumbnail","6":"product_cat-droit","7":"product_cat-droit-economie-sciences-politiques","8":"product_cat-histoire","9":"product_tag-sciences-juridiques-et-politiques","11":"first","12":"instock","13":"taxable","14":"shipping-taxable","15":"purchasable","16":"product-type-simple","17":"entry","18":"content-bg","19":"loop-entry"},"taxonomy_info":{"product_cat":[{"value":416,"label":"Droit"},{"value":398,"label":"Droit, \u00e9conomie, sciences politiques"},{"value":400,"label":"Histoire"}],"product_tag":[{"value":502,"label":"Sciences juridiques et politiques"}]},"featured_image_src_large":["https:\/\/presses-universitaires.parisnanterre.fr\/wp-content\/uploads\/2026\/01\/9782840166160-1-663x1024.jpg",663,1024,true],"author_info":[],"comment_info":0,"_links":{"self":[{"href":"https:\/\/presses-universitaires.parisnanterre.fr\/index.php\/wp-json\/wp\/v2\/product\/4143","targetHints":{"allow":["GET"]}}],"collection":[{"href":"https:\/\/presses-universitaires.parisnanterre.fr\/index.php\/wp-json\/wp\/v2\/product"}],"about":[{"href":"https:\/\/presses-universitaires.parisnanterre.fr\/index.php\/wp-json\/wp\/v2\/types\/product"}],"replies":[{"embeddable":true,"href":"https:\/\/presses-universitaires.parisnanterre.fr\/index.php\/wp-json\/wp\/v2\/comments?post=4143"}],"wp:featuredmedia":[{"embeddable":true,"href":"https:\/\/presses-universitaires.parisnanterre.fr\/index.php\/wp-json\/wp\/v2\/media\/4148"}],"wp:attachment":[{"href":"https:\/\/presses-universitaires.parisnanterre.fr\/index.php\/wp-json\/wp\/v2\/media?parent=4143"}],"wp:term":[{"taxonomy":"product_brand","embeddable":true,"href":"https:\/\/presses-universitaires.parisnanterre.fr\/index.php\/wp-json\/wp\/v2\/product_brand?post=4143"},{"taxonomy":"product_cat","embeddable":true,"href":"https:\/\/presses-universitaires.parisnanterre.fr\/index.php\/wp-json\/wp\/v2\/product_cat?post=4143"},{"taxonomy":"product_tag","embeddable":true,"href":"https:\/\/presses-universitaires.parisnanterre.fr\/index.php\/wp-json\/wp\/v2\/product_tag?post=4143"}],"curies":[{"name":"wp","href":"https:\/\/api.w.org\/{rel}","templated":true}]}}