{"id":4094,"date":"2025-12-12T16:16:28","date_gmt":"2025-12-12T16:16:28","guid":{"rendered":"https:\/\/presses-universitaires.parisnanterre.fr\/?post_type=product&#038;p=4094"},"modified":"2025-12-12T16:34:59","modified_gmt":"2025-12-12T16:34:59","slug":"biens-symboliques-symbolic-goods-n-17-2025-metiers-et-filieres-de-laudiovisuel-a-lepreuve-du-numerique-et-du-streaming","status":"publish","type":"product","link":"https:\/\/presses-universitaires.parisnanterre.fr\/index.php\/produit\/biens-symboliques-symbolic-goods-n-17-2025-metiers-et-filieres-de-laudiovisuel-a-lepreuve-du-numerique-et-du-streaming\/","title":{"rendered":"Biens symboliques \/ Symbolic Goods n\u00b0 17 (2025) : M\u00e9tiers et fili\u00e8res de l&rsquo;audiovisuel \u00e0 l&rsquo;\u00e9preuve du num\u00e9rique et du streaming"},"content":{"rendered":"","protected":false},"excerpt":{"rendered":"<p>Ce num\u00e9ro est disponible sur <a href=\"https:\/\/journals.openedition.org\/bssg\/7718\">OpenEdition Journals<\/a><\/p>\n","protected":false},"featured_media":4095,"comment_status":"closed","ping_status":"closed","template":"","meta":{"_kad_blocks_custom_css":"","_kad_blocks_head_custom_js":"","_kad_blocks_body_custom_js":"","_kad_blocks_footer_custom_js":"","_kadence_starter_templates_imported_post":false,"_kad_post_transparent":"default","_kad_post_title":"","_kad_post_layout":"default","_kad_post_sidebar_id":"","_kad_post_content_style":"default","_kad_post_vertical_padding":"default","_kad_post_feature":"","_kad_post_feature_position":"","_kad_post_header":false,"_kad_post_footer":false,"_kad_post_classname":""},"product_brand":[],"product_cat":[395,413,396,397,428,402,407],"product_tag":[554],"class_list":{"0":"post-4094","1":"product","2":"type-product","3":"status-publish","4":"has-post-thumbnail","6":"product_cat-arts","7":"product_cat-audiovisuels","8":"product_cat-civilisations-et-cultures-etrangeres","9":"product_cat-croisements-disciplinaires","10":"product_cat-histoire-de-lart","11":"product_cat-humanites-numeriques","12":"product_cat-sociologie-sciences-sociales","13":"product_tag-biens-symboliques-symbolic-goods-revue","15":"first","16":"instock","17":"taxable","18":"shipping-taxable","19":"product-type-simple","20":"entry","21":"content-bg","22":"loop-entry"},"taxonomy_info":{"product_cat":[{"value":395,"label":"Arts"},{"value":413,"label":"Audiovisuels"},{"value":396,"label":"Civilisations et cultures \u00e9trang\u00e8res"},{"value":397,"label":"Croisements disciplinaires"},{"value":428,"label":"Histoire de l'art"},{"value":402,"label":"Humanit\u00e9s num\u00e9riques"},{"value":407,"label":"Sociologie, Sciences sociales"}],"product_tag":[{"value":554,"label":"Biens symboliques \/ Symbolic Goods (revue)"}]},"featured_image_src_large":["https:\/\/presses-universitaires.parisnanterre.fr\/wp-content\/uploads\/2025\/12\/couv-683x1024.png",683,1024,true],"author_info":[],"comment_info":0,"_links":{"self":[{"href":"https:\/\/presses-universitaires.parisnanterre.fr\/index.php\/wp-json\/wp\/v2\/product\/4094","targetHints":{"allow":["GET"]}}],"collection":[{"href":"https:\/\/presses-universitaires.parisnanterre.fr\/index.php\/wp-json\/wp\/v2\/product"}],"about":[{"href":"https:\/\/presses-universitaires.parisnanterre.fr\/index.php\/wp-json\/wp\/v2\/types\/product"}],"replies":[{"embeddable":true,"href":"https:\/\/presses-universitaires.parisnanterre.fr\/index.php\/wp-json\/wp\/v2\/comments?post=4094"}],"wp:featuredmedia":[{"embeddable":true,"href":"https:\/\/presses-universitaires.parisnanterre.fr\/index.php\/wp-json\/wp\/v2\/media\/4095"}],"wp:attachment":[{"href":"https:\/\/presses-universitaires.parisnanterre.fr\/index.php\/wp-json\/wp\/v2\/media?parent=4094"}],"wp:term":[{"taxonomy":"product_brand","embeddable":true,"href":"https:\/\/presses-universitaires.parisnanterre.fr\/index.php\/wp-json\/wp\/v2\/product_brand?post=4094"},{"taxonomy":"product_cat","embeddable":true,"href":"https:\/\/presses-universitaires.parisnanterre.fr\/index.php\/wp-json\/wp\/v2\/product_cat?post=4094"},{"taxonomy":"product_tag","embeddable":true,"href":"https:\/\/presses-universitaires.parisnanterre.fr\/index.php\/wp-json\/wp\/v2\/product_tag?post=4094"}],"curies":[{"name":"wp","href":"https:\/\/api.w.org\/{rel}","templated":true}]}}