{"id":4086,"date":"2025-12-09T13:24:55","date_gmt":"2025-12-09T13:24:55","guid":{"rendered":"https:\/\/presses-universitaires.parisnanterre.fr\/?post_type=product&#038;p=4086"},"modified":"2026-02-25T13:45:41","modified_gmt":"2026-02-25T13:45:41","slug":"comme-pelerins-et-etrangers-sur-la-terre-voyages-et-quete-de-sens-a-la-renaissance","status":"publish","type":"product","link":"https:\/\/presses-universitaires.parisnanterre.fr\/index.php\/produit\/comme-pelerins-et-etrangers-sur-la-terre-voyages-et-quete-de-sens-a-la-renaissance\/","title":{"rendered":"Comme p\u00e8lerins et \u00e9trangers sur la Terre. Voyages et qu\u00eate de sens \u00e0 la Renaissance"},"content":{"rendered":"","protected":false},"excerpt":{"rendered":"<ul>\n<li>Marie-Christine Gomez-G\u00e9raud<\/li>\n<li>Textes choisis et r\u00e9unis par Paul-Victor Desarbres, V\u00e9ronique Ferrer et Anne-Laure Metzger-Rambach<\/li>\n<li>Langue : fran\u00e7ais<\/li>\n<li>596 pages<\/li>\n<li>ISBN : 978-2-84016-551-4<\/li>\n<li>Date de parution : janvier 2026<\/li>\n<\/ul>\n","protected":false},"featured_media":4092,"comment_status":"closed","ping_status":"closed","template":"","meta":{"_kad_blocks_custom_css":"","_kad_blocks_head_custom_js":"","_kad_blocks_body_custom_js":"","_kad_blocks_footer_custom_js":"","_kadence_starter_templates_imported_post":false,"_kad_post_transparent":"default","_kad_post_title":"","_kad_post_layout":"default","_kad_post_sidebar_id":"","_kad_post_content_style":"default","_kad_post_vertical_padding":"default","_kad_post_feature":"","_kad_post_feature_position":"","_kad_post_header":false,"_kad_post_footer":false,"_kad_post_classname":""},"product_brand":[],"product_cat":[400,403,535],"product_tag":[487],"class_list":{"0":"post-4086","1":"product","2":"type-product","3":"status-publish","4":"has-post-thumbnail","6":"product_cat-histoire","7":"product_cat-litteratures","8":"product_cat-migration","9":"product_tag-orbis-litterarum","11":"first","12":"instock","13":"taxable","14":"shipping-taxable","15":"purchasable","16":"product-type-simple","17":"entry","18":"content-bg","19":"loop-entry"},"taxonomy_info":{"product_cat":[{"value":400,"label":"Histoire"},{"value":403,"label":"Litt\u00e9ratures"},{"value":535,"label":"Migration"}],"product_tag":[{"value":487,"label":"Orbis litterarum"}]},"featured_image_src_large":["https:\/\/presses-universitaires.parisnanterre.fr\/wp-content\/uploads\/2025\/12\/9782840165514-868x1024.jpg",868,1024,true],"author_info":[],"comment_info":0,"_links":{"self":[{"href":"https:\/\/presses-universitaires.parisnanterre.fr\/index.php\/wp-json\/wp\/v2\/product\/4086","targetHints":{"allow":["GET"]}}],"collection":[{"href":"https:\/\/presses-universitaires.parisnanterre.fr\/index.php\/wp-json\/wp\/v2\/product"}],"about":[{"href":"https:\/\/presses-universitaires.parisnanterre.fr\/index.php\/wp-json\/wp\/v2\/types\/product"}],"replies":[{"embeddable":true,"href":"https:\/\/presses-universitaires.parisnanterre.fr\/index.php\/wp-json\/wp\/v2\/comments?post=4086"}],"wp:featuredmedia":[{"embeddable":true,"href":"https:\/\/presses-universitaires.parisnanterre.fr\/index.php\/wp-json\/wp\/v2\/media\/4092"}],"wp:attachment":[{"href":"https:\/\/presses-universitaires.parisnanterre.fr\/index.php\/wp-json\/wp\/v2\/media?parent=4086"}],"wp:term":[{"taxonomy":"product_brand","embeddable":true,"href":"https:\/\/presses-universitaires.parisnanterre.fr\/index.php\/wp-json\/wp\/v2\/product_brand?post=4086"},{"taxonomy":"product_cat","embeddable":true,"href":"https:\/\/presses-universitaires.parisnanterre.fr\/index.php\/wp-json\/wp\/v2\/product_cat?post=4086"},{"taxonomy":"product_tag","embeddable":true,"href":"https:\/\/presses-universitaires.parisnanterre.fr\/index.php\/wp-json\/wp\/v2\/product_tag?post=4086"}],"curies":[{"name":"wp","href":"https:\/\/api.w.org\/{rel}","templated":true}]}}