{"id":3991,"date":"2025-10-08T10:33:35","date_gmt":"2025-10-08T10:33:35","guid":{"rendered":"https:\/\/presses-universitaires.parisnanterre.fr\/?post_type=product&#038;p=3991"},"modified":"2026-03-31T05:35:41","modified_gmt":"2026-03-31T05:35:41","slug":"litterales-n-52-2025-lespion-turc-et-autres-fictions-du-temoin-etranger-1684-1829","status":"publish","type":"product","link":"https:\/\/presses-universitaires.parisnanterre.fr\/index.php\/produit\/litterales-n-52-2025-lespion-turc-et-autres-fictions-du-temoin-etranger-1684-1829\/","title":{"rendered":"Litt\u00e9rales n\u00b0 52-2025 : L&rsquo;espion turc et autres fictions du t\u00e9moin \u00e9tranger (1684-1829)"},"content":{"rendered":"<p>Un observateur \u00e9tranger install\u00e9 \u00e0 Paris \u00e9crit \u00e0 un de ses compatriotes et lui fait part de ses sentiments, \u00e9tonnements et remarques au fil de ses d\u00e9couvertes de cette r\u00e9alit\u00e9 nouvelle. Ce dispositif fictionnel dans ses nombreuses variations, dont les <i>Lettres persanes<\/i> sont le plus c\u00e9l\u00e8bre exemple, conna\u00eet une fortune prodigieuse de la fin du XVII<sup>e<\/sup> si\u00e8cle au d\u00e9but du XIX<sup>e<\/sup>. C\u2019est \u00e0 l\u2019exploration de ces textes, entre journalisme, satire et roman, que sont consacr\u00e9s les 17 articles de ce num\u00e9ro de <i>Litt\u00e9rales<\/i>.<\/p>\n","protected":false},"excerpt":{"rendered":"<ul>\n<li>H\u00e9l\u00e8ne Boons et Colas Duflo(dir.)<\/li>\n<li>Langue : fran\u00e7ais<\/li>\n<li>198 pages<\/li>\n<li>ISBN : 978-284016-608-5<\/li>\n<li>Date de publication : 2025<\/li>\n<\/ul>\n","protected":false},"featured_media":4079,"comment_status":"closed","ping_status":"closed","template":"","meta":{"_kad_blocks_custom_css":"","_kad_blocks_head_custom_js":"","_kad_blocks_body_custom_js":"","_kad_blocks_footer_custom_js":"","_kadence_starter_templates_imported_post":false,"_kad_post_transparent":"default","_kad_post_title":"","_kad_post_layout":"default","_kad_post_sidebar_id":"","_kad_post_content_style":"default","_kad_post_vertical_padding":"default","_kad_post_feature":"","_kad_post_feature_position":"","_kad_post_header":false,"_kad_post_footer":false,"_kad_post_classname":""},"product_brand":[],"product_cat":[435,436,403,462],"product_tag":[480],"class_list":{"0":"post-3991","1":"product","2":"type-product","3":"status-publish","4":"has-post-thumbnail","6":"product_cat-litterature-comparee","7":"product_cat-litterature-francaise","8":"product_cat-litteratures","9":"product_cat-xviiie-siecle","10":"product_tag-litterales","12":"first","13":"instock","14":"taxable","15":"shipping-taxable","16":"purchasable","17":"product-type-simple","18":"entry","19":"content-bg","20":"loop-entry"},"taxonomy_info":{"product_cat":[{"value":435,"label":"Litt\u00e9rature compar\u00e9e"},{"value":436,"label":"Litt\u00e9rature fran\u00e7aise"},{"value":403,"label":"Litt\u00e9ratures"},{"value":462,"label":"XVIIIe si\u00e8cle"}],"product_tag":[{"value":480,"label":"Litt\u00e9rales (revue)"}]},"featured_image_src_large":["https:\/\/presses-universitaires.parisnanterre.fr\/wp-content\/uploads\/2025\/10\/Couv_litterales_52_V4_pages-to-jpg-0001-750x1024.jpg",750,1024,true],"author_info":[],"comment_info":0,"_links":{"self":[{"href":"https:\/\/presses-universitaires.parisnanterre.fr\/index.php\/wp-json\/wp\/v2\/product\/3991","targetHints":{"allow":["GET"]}}],"collection":[{"href":"https:\/\/presses-universitaires.parisnanterre.fr\/index.php\/wp-json\/wp\/v2\/product"}],"about":[{"href":"https:\/\/presses-universitaires.parisnanterre.fr\/index.php\/wp-json\/wp\/v2\/types\/product"}],"replies":[{"embeddable":true,"href":"https:\/\/presses-universitaires.parisnanterre.fr\/index.php\/wp-json\/wp\/v2\/comments?post=3991"}],"wp:featuredmedia":[{"embeddable":true,"href":"https:\/\/presses-universitaires.parisnanterre.fr\/index.php\/wp-json\/wp\/v2\/media\/4079"}],"wp:attachment":[{"href":"https:\/\/presses-universitaires.parisnanterre.fr\/index.php\/wp-json\/wp\/v2\/media?parent=3991"}],"wp:term":[{"taxonomy":"product_brand","embeddable":true,"href":"https:\/\/presses-universitaires.parisnanterre.fr\/index.php\/wp-json\/wp\/v2\/product_brand?post=3991"},{"taxonomy":"product_cat","embeddable":true,"href":"https:\/\/presses-universitaires.parisnanterre.fr\/index.php\/wp-json\/wp\/v2\/product_cat?post=3991"},{"taxonomy":"product_tag","embeddable":true,"href":"https:\/\/presses-universitaires.parisnanterre.fr\/index.php\/wp-json\/wp\/v2\/product_tag?post=3991"}],"curies":[{"name":"wp","href":"https:\/\/api.w.org\/{rel}","templated":true}]}}