{"id":3989,"date":"2025-10-08T10:20:04","date_gmt":"2025-10-08T10:20:04","guid":{"rendered":"https:\/\/presses-universitaires.parisnanterre.fr\/?post_type=product&#038;p=3989"},"modified":"2025-10-08T12:15:09","modified_gmt":"2025-10-08T12:15:09","slug":"biens-symboliques-symbolic-goods-n-16-2025-pratiques-economiques-ordinaires-de-la-musique-et-du-spectacle-xvie-xxie-siecle","status":"publish","type":"product","link":"https:\/\/presses-universitaires.parisnanterre.fr\/index.php\/produit\/biens-symboliques-symbolic-goods-n-16-2025-pratiques-economiques-ordinaires-de-la-musique-et-du-spectacle-xvie-xxie-siecle\/","title":{"rendered":"Biens symboliques \/ Symbolic Goods n\u00b0 16 (2025) : Pratiques \u00e9conomiques ordinaires de la musique et du spectacle (XVIIe-XXe si\u00e8cle)"},"content":{"rendered":"","protected":false},"excerpt":{"rendered":"<p>Ce num\u00e9ro est disponible sur <a href=\"https:\/\/journals.openedition.org\/bssg\/6067\">OpenEdition Journals<\/a><\/p>\n","protected":false},"featured_media":3990,"comment_status":"closed","ping_status":"closed","template":"","meta":{"_kad_blocks_custom_css":"","_kad_blocks_head_custom_js":"","_kad_blocks_body_custom_js":"","_kad_blocks_footer_custom_js":"","_kadence_starter_templates_imported_post":false,"_kad_post_transparent":"default","_kad_post_title":"","_kad_post_layout":"default","_kad_post_sidebar_id":"","_kad_post_content_style":"default","_kad_post_vertical_padding":"default","_kad_post_feature":"","_kad_post_feature_position":"","_kad_post_header":false,"_kad_post_footer":false,"_kad_post_classname":""},"product_brand":[],"product_cat":[395,396,397,400,428,557,451,452,407,458],"product_tag":[554],"class_list":{"0":"post-3989","1":"product","2":"type-product","3":"status-publish","4":"has-post-thumbnail","6":"product_cat-arts","7":"product_cat-civilisations-et-cultures-etrangeres","8":"product_cat-croisements-disciplinaires","9":"product_cat-histoire","10":"product_cat-histoire-de-lart","11":"product_cat-musique","12":"product_cat-sciences-politiques","13":"product_cat-sciences-sociales","14":"product_cat-sociologie-sciences-sociales","15":"product_cat-theatre","16":"product_tag-biens-symboliques-symbolic-goods-revue","18":"first","19":"instock","20":"taxable","21":"shipping-taxable","22":"product-type-simple","23":"entry","24":"content-bg","25":"loop-entry"},"taxonomy_info":{"product_cat":[{"value":395,"label":"Arts"},{"value":396,"label":"Civilisations et cultures \u00e9trang\u00e8res"},{"value":397,"label":"Croisements disciplinaires"},{"value":400,"label":"Histoire"},{"value":428,"label":"Histoire de l'art"},{"value":557,"label":"Musique"},{"value":451,"label":"Sciences politiques"},{"value":452,"label":"Sciences sociales"},{"value":407,"label":"Sociologie, Sciences sociales"},{"value":458,"label":"Th\u00e9\u00e2tre"}],"product_tag":[{"value":554,"label":"Biens symboliques \/ Symbolic Goods (revue)"}]},"featured_image_src_large":["https:\/\/presses-universitaires.parisnanterre.fr\/wp-content\/uploads\/2025\/10\/BSSG16_Couv-683x1024.png",683,1024,true],"author_info":[],"comment_info":0,"_links":{"self":[{"href":"https:\/\/presses-universitaires.parisnanterre.fr\/index.php\/wp-json\/wp\/v2\/product\/3989","targetHints":{"allow":["GET"]}}],"collection":[{"href":"https:\/\/presses-universitaires.parisnanterre.fr\/index.php\/wp-json\/wp\/v2\/product"}],"about":[{"href":"https:\/\/presses-universitaires.parisnanterre.fr\/index.php\/wp-json\/wp\/v2\/types\/product"}],"replies":[{"embeddable":true,"href":"https:\/\/presses-universitaires.parisnanterre.fr\/index.php\/wp-json\/wp\/v2\/comments?post=3989"}],"wp:featuredmedia":[{"embeddable":true,"href":"https:\/\/presses-universitaires.parisnanterre.fr\/index.php\/wp-json\/wp\/v2\/media\/3990"}],"wp:attachment":[{"href":"https:\/\/presses-universitaires.parisnanterre.fr\/index.php\/wp-json\/wp\/v2\/media?parent=3989"}],"wp:term":[{"taxonomy":"product_brand","embeddable":true,"href":"https:\/\/presses-universitaires.parisnanterre.fr\/index.php\/wp-json\/wp\/v2\/product_brand?post=3989"},{"taxonomy":"product_cat","embeddable":true,"href":"https:\/\/presses-universitaires.parisnanterre.fr\/index.php\/wp-json\/wp\/v2\/product_cat?post=3989"},{"taxonomy":"product_tag","embeddable":true,"href":"https:\/\/presses-universitaires.parisnanterre.fr\/index.php\/wp-json\/wp\/v2\/product_tag?post=3989"}],"curies":[{"name":"wp","href":"https:\/\/api.w.org\/{rel}","templated":true}]}}