{"id":3740,"date":"2025-07-20T14:26:42","date_gmt":"2025-07-20T14:26:42","guid":{"rendered":"https:\/\/presses-universitaires.parisnanterre.fr\/?post_type=product&#038;p=3740"},"modified":"2026-01-27T08:27:49","modified_gmt":"2026-01-27T08:27:49","slug":"lire-interpreter-transmettre-les-adages-derasme","status":"publish","type":"product","link":"https:\/\/presses-universitaires.parisnanterre.fr\/index.php\/produit\/lire-interpreter-transmettre-les-adages-derasme\/","title":{"rendered":"Lire, interpr\u00e9ter, transmettre les <em>Adages<\/em> d&rsquo;\u00c9rasme"},"content":{"rendered":"","protected":false},"excerpt":{"rendered":"<ul>\n<li>Nadia Cernogora, Mathieu de La Gorce et Alice Vintenon (dir.)<\/li>\n<li>Langue : fran\u00e7ais<\/li>\n<li>406 pages<\/li>\n<li>ISBN : 978-284016-554-5<\/li>\n<li>Date de parution : septembre 2025<\/li>\n<\/ul>\n<p>&nbsp;<\/p>\n","protected":false},"featured_media":3815,"comment_status":"closed","ping_status":"closed","template":"","meta":{"_kad_blocks_custom_css":"","_kad_blocks_head_custom_js":"","_kad_blocks_body_custom_js":"","_kad_blocks_footer_custom_js":"","_kadence_starter_templates_imported_post":false,"_kad_post_transparent":"default","_kad_post_title":"","_kad_post_layout":"default","_kad_post_sidebar_id":"","_kad_post_content_style":"default","_kad_post_vertical_padding":"default","_kad_post_feature":"","_kad_post_feature_position":"","_kad_post_header":false,"_kad_post_footer":false,"_kad_post_classname":""},"product_brand":[],"product_cat":[430,434,439,403],"product_tag":[469],"class_list":{"0":"post-3740","1":"product","2":"type-product","3":"status-publish","4":"has-post-thumbnail","6":"product_cat-humanites-classiques-thematiques","7":"product_cat-litterature","8":"product_cat-litterature-latine","9":"product_cat-litteratures","10":"product_tag-hors-collection","12":"first","13":"instock","14":"taxable","15":"shipping-taxable","16":"purchasable","17":"product-type-simple","18":"entry","19":"content-bg","20":"loop-entry"},"taxonomy_info":{"product_cat":[{"value":430,"label":"Humanit\u00e9s classiques"},{"value":434,"label":"Litt\u00e9rature"},{"value":439,"label":"Litt\u00e9rature latine"},{"value":403,"label":"Litt\u00e9ratures"}],"product_tag":[{"value":469,"label":"Hors collection"}]},"featured_image_src_large":["https:\/\/presses-universitaires.parisnanterre.fr\/wp-content\/uploads\/2025\/04\/9782840165545-734x1024.jpg",734,1024,true],"author_info":[],"comment_info":0,"_links":{"self":[{"href":"https:\/\/presses-universitaires.parisnanterre.fr\/index.php\/wp-json\/wp\/v2\/product\/3740","targetHints":{"allow":["GET"]}}],"collection":[{"href":"https:\/\/presses-universitaires.parisnanterre.fr\/index.php\/wp-json\/wp\/v2\/product"}],"about":[{"href":"https:\/\/presses-universitaires.parisnanterre.fr\/index.php\/wp-json\/wp\/v2\/types\/product"}],"replies":[{"embeddable":true,"href":"https:\/\/presses-universitaires.parisnanterre.fr\/index.php\/wp-json\/wp\/v2\/comments?post=3740"}],"wp:featuredmedia":[{"embeddable":true,"href":"https:\/\/presses-universitaires.parisnanterre.fr\/index.php\/wp-json\/wp\/v2\/media\/3815"}],"wp:attachment":[{"href":"https:\/\/presses-universitaires.parisnanterre.fr\/index.php\/wp-json\/wp\/v2\/media?parent=3740"}],"wp:term":[{"taxonomy":"product_brand","embeddable":true,"href":"https:\/\/presses-universitaires.parisnanterre.fr\/index.php\/wp-json\/wp\/v2\/product_brand?post=3740"},{"taxonomy":"product_cat","embeddable":true,"href":"https:\/\/presses-universitaires.parisnanterre.fr\/index.php\/wp-json\/wp\/v2\/product_cat?post=3740"},{"taxonomy":"product_tag","embeddable":true,"href":"https:\/\/presses-universitaires.parisnanterre.fr\/index.php\/wp-json\/wp\/v2\/product_tag?post=3740"}],"curies":[{"name":"wp","href":"https:\/\/api.w.org\/{rel}","templated":true}]}}