{"id":3737,"date":"2025-04-01T08:43:32","date_gmt":"2025-04-01T08:43:32","guid":{"rendered":"https:\/\/presses-universitaires.parisnanterre.fr\/?post_type=product&#038;p=3737"},"modified":"2025-05-15T08:30:08","modified_gmt":"2025-05-15T08:30:08","slug":"vies-minuscules-et-immensites-imperiales-hommage-a-thomas-calvo","status":"publish","type":"product","link":"https:\/\/presses-universitaires.parisnanterre.fr\/index.php\/produit\/vies-minuscules-et-immensites-imperiales-hommage-a-thomas-calvo\/","title":{"rendered":"Vies minuscules et immensit\u00e9s imp\u00e9riales. Hommage \u00e0 Thomas Calvo"},"content":{"rendered":"","protected":false},"excerpt":{"rendered":"<ul>\n<li>Arnaud Exbalin, Guillaume Gaudin, Aliocha Maldavsky, Pierre Ragon et Fran\u00e7ois Regourd (dir.)<\/li>\n<li>Langue : fran\u00e7ais<\/li>\n<li>534 pages<\/li>\n<li>21 illustrations en couleurs<\/li>\n<li>ISBN : 978-284016-542-2<\/li>\n<li>Date de publication : mai 2025<\/li>\n<\/ul>\n","protected":false},"featured_media":3738,"comment_status":"closed","ping_status":"closed","template":"","meta":{"_kad_blocks_custom_css":"","_kad_blocks_head_custom_js":"","_kad_blocks_body_custom_js":"","_kad_blocks_footer_custom_js":"","_kadence_starter_templates_imported_post":false,"_kad_post_transparent":"default","_kad_post_title":"","_kad_post_layout":"default","_kad_post_sidebar_id":"","_kad_post_content_style":"default","_kad_post_vertical_padding":"default","_kad_post_feature":"","_kad_post_feature_position":"","_kad_post_header":false,"_kad_post_footer":false,"_kad_post_classname":""},"product_brand":[],"product_cat":[415,400,512],"product_tag":[376],"class_list":{"0":"post-3737","1":"product","2":"type-product","3":"status-publish","4":"has-post-thumbnail","6":"product_cat-colonisation","7":"product_cat-histoire","8":"product_cat-peninsule-iberique","9":"product_tag-bibliotheque-historique","11":"first","12":"instock","13":"taxable","14":"shipping-taxable","15":"purchasable","16":"product-type-simple","17":"entry","18":"content-bg","19":"loop-entry"},"taxonomy_info":{"product_cat":[{"value":415,"label":"Colonisation"},{"value":400,"label":"Histoire"},{"value":512,"label":"P\u00e9ninsule Ib\u00e9rique"}],"product_tag":[{"value":376,"label":"Biblioth\u00e8que historique"}]},"featured_image_src_large":["https:\/\/presses-universitaires.parisnanterre.fr\/wp-content\/uploads\/2025\/04\/9782840165422-653x1024.png",653,1024,true],"author_info":[],"comment_info":0,"_links":{"self":[{"href":"https:\/\/presses-universitaires.parisnanterre.fr\/index.php\/wp-json\/wp\/v2\/product\/3737","targetHints":{"allow":["GET"]}}],"collection":[{"href":"https:\/\/presses-universitaires.parisnanterre.fr\/index.php\/wp-json\/wp\/v2\/product"}],"about":[{"href":"https:\/\/presses-universitaires.parisnanterre.fr\/index.php\/wp-json\/wp\/v2\/types\/product"}],"replies":[{"embeddable":true,"href":"https:\/\/presses-universitaires.parisnanterre.fr\/index.php\/wp-json\/wp\/v2\/comments?post=3737"}],"wp:featuredmedia":[{"embeddable":true,"href":"https:\/\/presses-universitaires.parisnanterre.fr\/index.php\/wp-json\/wp\/v2\/media\/3738"}],"wp:attachment":[{"href":"https:\/\/presses-universitaires.parisnanterre.fr\/index.php\/wp-json\/wp\/v2\/media?parent=3737"}],"wp:term":[{"taxonomy":"product_brand","embeddable":true,"href":"https:\/\/presses-universitaires.parisnanterre.fr\/index.php\/wp-json\/wp\/v2\/product_brand?post=3737"},{"taxonomy":"product_cat","embeddable":true,"href":"https:\/\/presses-universitaires.parisnanterre.fr\/index.php\/wp-json\/wp\/v2\/product_cat?post=3737"},{"taxonomy":"product_tag","embeddable":true,"href":"https:\/\/presses-universitaires.parisnanterre.fr\/index.php\/wp-json\/wp\/v2\/product_tag?post=3737"}],"curies":[{"name":"wp","href":"https:\/\/api.w.org\/{rel}","templated":true}]}}