{"id":3732,"date":"2025-03-01T10:09:57","date_gmt":"2025-03-01T10:09:57","guid":{"rendered":"https:\/\/presses-universitaires.parisnanterre.fr\/?post_type=product&#038;p=3732"},"modified":"2025-04-30T08:58:23","modified_gmt":"2025-04-30T08:58:23","slug":"biens-symboliques-symbolic-goods-n-15-2024-2-mondes-intellectuels-beyrouthins-annees-1950-annees-1980","status":"publish","type":"product","link":"https:\/\/presses-universitaires.parisnanterre.fr\/index.php\/produit\/biens-symboliques-symbolic-goods-n-15-2024-2-mondes-intellectuels-beyrouthins-annees-1950-annees-1980\/","title":{"rendered":"Biens symboliques \/ Symbolic Goods n\u00b0 15 (2024\/2) : Mondes intellectuels beyrouthins (ann\u00e9es 1950-ann\u00e9es 1980)"},"content":{"rendered":"","protected":false},"excerpt":{"rendered":"<p>Ce num\u00e9ro est disponible sur <a href=\"https:\/\/journals.openedition.org\/bssg\/4898\">OpenEdition Journals<\/a><\/p>\n","protected":false},"featured_media":3733,"comment_status":"closed","ping_status":"closed","template":"","meta":{"_kad_blocks_custom_css":"","_kad_blocks_head_custom_js":"","_kad_blocks_body_custom_js":"","_kad_blocks_footer_custom_js":"","_kadence_starter_templates_imported_post":false,"_kad_post_transparent":"default","_kad_post_title":"","_kad_post_layout":"default","_kad_post_sidebar_id":"","_kad_post_content_style":"default","_kad_post_vertical_padding":"default","_kad_post_feature":"","_kad_post_feature_position":"","_kad_post_header":false,"_kad_post_footer":false,"_kad_post_classname":""},"product_brand":[],"product_cat":[396,397,426,400,451,452,407],"product_tag":[554],"class_list":{"0":"post-3732","1":"product","2":"type-product","3":"status-publish","4":"has-post-thumbnail","6":"product_cat-civilisations-et-cultures-etrangeres","7":"product_cat-croisements-disciplinaires","8":"product_cat-geopolitique","9":"product_cat-histoire","10":"product_cat-sciences-politiques","11":"product_cat-sciences-sociales","12":"product_cat-sociologie-sciences-sociales","13":"product_tag-biens-symboliques-symbolic-goods-revue","15":"first","16":"instock","17":"taxable","18":"shipping-taxable","19":"product-type-simple","20":"entry","21":"content-bg","22":"loop-entry"},"taxonomy_info":{"product_cat":[{"value":396,"label":"Civilisations et cultures \u00e9trang\u00e8res"},{"value":397,"label":"Croisements disciplinaires"},{"value":426,"label":"G\u00e9opolitique"},{"value":400,"label":"Histoire"},{"value":451,"label":"Sciences politiques"},{"value":452,"label":"Sciences sociales"},{"value":407,"label":"Sociologie, Sciences sociales"}],"product_tag":[{"value":554,"label":"Biens symboliques \/ Symbolic Goods (revue)"}]},"featured_image_src_large":["https:\/\/presses-universitaires.parisnanterre.fr\/wp-content\/uploads\/2025\/03\/couv.png",638,955,false],"author_info":[],"comment_info":0,"_links":{"self":[{"href":"https:\/\/presses-universitaires.parisnanterre.fr\/index.php\/wp-json\/wp\/v2\/product\/3732","targetHints":{"allow":["GET"]}}],"collection":[{"href":"https:\/\/presses-universitaires.parisnanterre.fr\/index.php\/wp-json\/wp\/v2\/product"}],"about":[{"href":"https:\/\/presses-universitaires.parisnanterre.fr\/index.php\/wp-json\/wp\/v2\/types\/product"}],"replies":[{"embeddable":true,"href":"https:\/\/presses-universitaires.parisnanterre.fr\/index.php\/wp-json\/wp\/v2\/comments?post=3732"}],"wp:featuredmedia":[{"embeddable":true,"href":"https:\/\/presses-universitaires.parisnanterre.fr\/index.php\/wp-json\/wp\/v2\/media\/3733"}],"wp:attachment":[{"href":"https:\/\/presses-universitaires.parisnanterre.fr\/index.php\/wp-json\/wp\/v2\/media?parent=3732"}],"wp:term":[{"taxonomy":"product_brand","embeddable":true,"href":"https:\/\/presses-universitaires.parisnanterre.fr\/index.php\/wp-json\/wp\/v2\/product_brand?post=3732"},{"taxonomy":"product_cat","embeddable":true,"href":"https:\/\/presses-universitaires.parisnanterre.fr\/index.php\/wp-json\/wp\/v2\/product_cat?post=3732"},{"taxonomy":"product_tag","embeddable":true,"href":"https:\/\/presses-universitaires.parisnanterre.fr\/index.php\/wp-json\/wp\/v2\/product_tag?post=3732"}],"curies":[{"name":"wp","href":"https:\/\/api.w.org\/{rel}","templated":true}]}}