{"id":3697,"date":"2025-03-13T12:14:45","date_gmt":"2025-03-13T12:14:45","guid":{"rendered":"https:\/\/presses-universitaires.parisnanterre.fr\/?post_type=product&#038;p=3697"},"modified":"2025-05-12T14:38:17","modified_gmt":"2025-05-12T14:38:17","slug":"futurs-pop-perspectives-de-la-recherche-en-cultures-populaires-et-mediatiques","status":"publish","type":"product","link":"https:\/\/presses-universitaires.parisnanterre.fr\/index.php\/produit\/futurs-pop-perspectives-de-la-recherche-en-cultures-populaires-et-mediatiques\/","title":{"rendered":"Futurs POP. Perspectives de la recherche en cultures populaires et m\u00e9diatiques"},"content":{"rendered":"","protected":false},"excerpt":{"rendered":"<ul>\n<li>Simon Br\u00e9an, Aur\u00e9lie Huz, Alice Jacquelin et Matthieu Letourneux (dir.)<\/li>\n<li>Langue : fran\u00e7ais<\/li>\n<li>180 pages<\/li>\n<li>ISBN : 978-2-84016-587-3<\/li>\n<li>Date de publication : avril 2025<\/li>\n<\/ul>\n<p>&nbsp;<\/p>\n","protected":false},"featured_media":3755,"comment_status":"closed","ping_status":"closed","template":"","meta":{"_kad_blocks_custom_css":"","_kad_blocks_head_custom_js":"","_kad_blocks_body_custom_js":"","_kad_blocks_footer_custom_js":"","_kadence_starter_templates_imported_post":false,"_kad_post_transparent":"default","_kad_post_title":"","_kad_post_layout":"default","_kad_post_sidebar_id":"","_kad_post_content_style":"default","_kad_post_vertical_padding":"default","_kad_post_feature":"","_kad_post_feature_position":"","_kad_post_header":false,"_kad_post_footer":false,"_kad_post_classname":""},"product_brand":[],"product_cat":[395,412,413,414,397,402,434,403,551],"product_tag":[545],"class_list":{"0":"post-3697","1":"product","2":"type-product","3":"status-publish","4":"has-post-thumbnail","6":"product_cat-arts","7":"product_cat-arts-visuels","8":"product_cat-audiovisuels","9":"product_cat-cinema","10":"product_cat-croisements-disciplinaires","11":"product_cat-humanites-numeriques","12":"product_cat-litterature","13":"product_cat-litteratures","14":"product_cat-patrimoine","15":"product_tag-transverses","17":"first","18":"instock","19":"taxable","20":"shipping-taxable","21":"purchasable","22":"product-type-simple","23":"entry","24":"content-bg","25":"loop-entry"},"taxonomy_info":{"product_cat":[{"value":395,"label":"Arts"},{"value":412,"label":"Arts visuels"},{"value":413,"label":"Audiovisuels"},{"value":414,"label":"Cin\u00e9ma"},{"value":397,"label":"Croisements disciplinaires"},{"value":402,"label":"Humanit\u00e9s num\u00e9riques"},{"value":434,"label":"Litt\u00e9rature"},{"value":403,"label":"Litt\u00e9ratures"},{"value":551,"label":"Patrimoine"}],"product_tag":[{"value":545,"label":"Transverses"}]},"featured_image_src_large":["https:\/\/presses-universitaires.parisnanterre.fr\/wp-content\/uploads\/2025\/03\/couv_Futurs_Pop-726x1024.jpg",726,1024,true],"author_info":[],"comment_info":0,"_links":{"self":[{"href":"https:\/\/presses-universitaires.parisnanterre.fr\/index.php\/wp-json\/wp\/v2\/product\/3697","targetHints":{"allow":["GET"]}}],"collection":[{"href":"https:\/\/presses-universitaires.parisnanterre.fr\/index.php\/wp-json\/wp\/v2\/product"}],"about":[{"href":"https:\/\/presses-universitaires.parisnanterre.fr\/index.php\/wp-json\/wp\/v2\/types\/product"}],"replies":[{"embeddable":true,"href":"https:\/\/presses-universitaires.parisnanterre.fr\/index.php\/wp-json\/wp\/v2\/comments?post=3697"}],"wp:featuredmedia":[{"embeddable":true,"href":"https:\/\/presses-universitaires.parisnanterre.fr\/index.php\/wp-json\/wp\/v2\/media\/3755"}],"wp:attachment":[{"href":"https:\/\/presses-universitaires.parisnanterre.fr\/index.php\/wp-json\/wp\/v2\/media?parent=3697"}],"wp:term":[{"taxonomy":"product_brand","embeddable":true,"href":"https:\/\/presses-universitaires.parisnanterre.fr\/index.php\/wp-json\/wp\/v2\/product_brand?post=3697"},{"taxonomy":"product_cat","embeddable":true,"href":"https:\/\/presses-universitaires.parisnanterre.fr\/index.php\/wp-json\/wp\/v2\/product_cat?post=3697"},{"taxonomy":"product_tag","embeddable":true,"href":"https:\/\/presses-universitaires.parisnanterre.fr\/index.php\/wp-json\/wp\/v2\/product_tag?post=3697"}],"curies":[{"name":"wp","href":"https:\/\/api.w.org\/{rel}","templated":true}]}}