{"id":3307,"date":"2024-10-02T08:21:17","date_gmt":"2024-10-02T08:21:17","guid":{"rendered":"https:\/\/presses-universitaires.parisnanterre.fr\/?post_type=product&#038;p=3307"},"modified":"2025-10-08T15:08:13","modified_gmt":"2025-10-08T15:08:13","slug":"litterales-n-51-2024-produire-le-collectif-pratiques-auctoriales-dans-les-ecrits-de-conflit-moyen-age-xviiie-siecle","status":"publish","type":"product","link":"https:\/\/presses-universitaires.parisnanterre.fr\/index.php\/produit\/litterales-n-51-2024-produire-le-collectif-pratiques-auctoriales-dans-les-ecrits-de-conflit-moyen-age-xviiie-siecle\/","title":{"rendered":"Litt\u00e9rales n\u00b0 51-2024 : Produire le collectif : pratiques auctoriales dans les \u00e9crits de conflit (Moyen \u00c2ge-XVIII<sup\/>e<\/sup> si\u00e8cle)"},"content":{"rendered":"","protected":false},"excerpt":{"rendered":"<ul>\n<li>Mathilde Bernard et Laurence Giavarini (dir.)<\/li>\n<li>Langue : fran\u00e7ais<\/li>\n<li>198 pages<\/li>\n<li>ISBN : 978-2-84016-547-7<\/li>\n<li>Date de publication : octobre 2024<\/li>\n<\/ul>\n","protected":false},"featured_media":3308,"comment_status":"closed","ping_status":"closed","template":"","meta":{"_kad_blocks_custom_css":"","_kad_blocks_head_custom_js":"","_kad_blocks_body_custom_js":"","_kad_blocks_footer_custom_js":"","_kadence_starter_templates_imported_post":false,"_kad_post_transparent":"default","_kad_post_title":"","_kad_post_layout":"default","_kad_post_sidebar_id":"","_kad_post_content_style":"default","_kad_post_vertical_padding":"default","_kad_post_feature":"","_kad_post_feature_position":"","_kad_post_header":false,"_kad_post_footer":false,"_kad_post_classname":""},"product_brand":[],"product_cat":[435,436,403,462],"product_tag":[480],"class_list":{"0":"post-3307","1":"product","2":"type-product","3":"status-publish","4":"has-post-thumbnail","6":"product_cat-litterature-comparee","7":"product_cat-litterature-francaise","8":"product_cat-litteratures","9":"product_cat-xviiie-siecle","10":"product_tag-litterales","12":"first","13":"instock","14":"taxable","15":"shipping-taxable","16":"purchasable","17":"product-type-simple","18":"entry","19":"content-bg","20":"loop-entry"},"taxonomy_info":{"product_cat":[{"value":435,"label":"Litt\u00e9rature compar\u00e9e"},{"value":436,"label":"Litt\u00e9rature fran\u00e7aise"},{"value":403,"label":"Litt\u00e9ratures"},{"value":462,"label":"XVIIIe si\u00e8cle"}],"product_tag":[{"value":480,"label":"Litt\u00e9rales (revue)"}]},"featured_image_src_large":["https:\/\/presses-universitaires.parisnanterre.fr\/wp-content\/uploads\/2024\/10\/Litterales_51def_Couv_-736x1024.jpg",736,1024,true],"author_info":[],"comment_info":0,"_links":{"self":[{"href":"https:\/\/presses-universitaires.parisnanterre.fr\/index.php\/wp-json\/wp\/v2\/product\/3307","targetHints":{"allow":["GET"]}}],"collection":[{"href":"https:\/\/presses-universitaires.parisnanterre.fr\/index.php\/wp-json\/wp\/v2\/product"}],"about":[{"href":"https:\/\/presses-universitaires.parisnanterre.fr\/index.php\/wp-json\/wp\/v2\/types\/product"}],"replies":[{"embeddable":true,"href":"https:\/\/presses-universitaires.parisnanterre.fr\/index.php\/wp-json\/wp\/v2\/comments?post=3307"}],"wp:featuredmedia":[{"embeddable":true,"href":"https:\/\/presses-universitaires.parisnanterre.fr\/index.php\/wp-json\/wp\/v2\/media\/3308"}],"wp:attachment":[{"href":"https:\/\/presses-universitaires.parisnanterre.fr\/index.php\/wp-json\/wp\/v2\/media?parent=3307"}],"wp:term":[{"taxonomy":"product_brand","embeddable":true,"href":"https:\/\/presses-universitaires.parisnanterre.fr\/index.php\/wp-json\/wp\/v2\/product_brand?post=3307"},{"taxonomy":"product_cat","embeddable":true,"href":"https:\/\/presses-universitaires.parisnanterre.fr\/index.php\/wp-json\/wp\/v2\/product_cat?post=3307"},{"taxonomy":"product_tag","embeddable":true,"href":"https:\/\/presses-universitaires.parisnanterre.fr\/index.php\/wp-json\/wp\/v2\/product_tag?post=3307"}],"curies":[{"name":"wp","href":"https:\/\/api.w.org\/{rel}","templated":true}]}}