{"id":2837,"date":"2023-12-31T13:33:45","date_gmt":"2023-12-31T13:33:45","guid":{"rendered":"https:\/\/presses-universitaires.parisnanterre.fr\/?post_type=product&#038;p=2837"},"modified":"2026-01-06T12:16:27","modified_gmt":"2026-01-06T12:16:27","slug":"ogun-et-les-matrimoines","status":"publish","type":"product","link":"https:\/\/presses-universitaires.parisnanterre.fr\/index.php\/produit\/ogun-et-les-matrimoines\/","title":{"rendered":"\u00d2g\u00fan et les matrimoines. Histoires de Porto-Novo, X\u1ecd\u0300gb\u00f3n\u00f9, \u00c0j\u00e0\u1e63\u1eb9"},"content":{"rendered":"","protected":false},"excerpt":{"rendered":"<ul>\n<li>Saskia Cousin Kouton<\/li>\n<li>Langue : fran\u00e7ais<\/li>\n<li>308 pages<\/li>\n<li>ISBN : 978-2-84016-536-1<\/li>\n<li>Date de parution : janvier 2024<\/li>\n<\/ul>\n","protected":false},"featured_media":2838,"comment_status":"closed","ping_status":"closed","template":"","meta":{"_kad_blocks_custom_css":"","_kad_blocks_head_custom_js":"","_kad_blocks_body_custom_js":"","_kad_blocks_footer_custom_js":"","_kadence_starter_templates_imported_post":false,"_kad_post_transparent":"default","_kad_post_title":"","_kad_post_layout":"default","_kad_post_sidebar_id":"","_kad_post_content_style":"default","_kad_post_vertical_padding":"default","_kad_post_feature":"","_kad_post_feature_position":"","_kad_post_header":false,"_kad_post_footer":false,"_kad_post_classname":""},"product_brand":[],"product_cat":[410,394,396],"product_tag":[386],"class_list":{"0":"post-2837","1":"product","2":"type-product","3":"status-publish","4":"has-post-thumbnail","6":"product_cat-anthropologie","7":"product_cat-anthropologie-ethnologie","8":"product_cat-civilisations-et-cultures-etrangeres","9":"product_tag-ethnographies-plurielles","11":"first","12":"instock","13":"taxable","14":"shipping-taxable","15":"purchasable","16":"product-type-simple","17":"entry","18":"content-bg","19":"loop-entry"},"taxonomy_info":{"product_cat":[{"value":410,"label":"Anthropologie"},{"value":394,"label":"Anthropologie, ethnologie"},{"value":396,"label":"Civilisations et cultures \u00e9trang\u00e8res"}],"product_tag":[{"value":386,"label":"Ethnographies plurielles"}]},"featured_image_src_large":["https:\/\/presses-universitaires.parisnanterre.fr\/wp-content\/uploads\/2023\/12\/9782840165361-746x1024.jpg",746,1024,true],"author_info":[],"comment_info":0,"_links":{"self":[{"href":"https:\/\/presses-universitaires.parisnanterre.fr\/index.php\/wp-json\/wp\/v2\/product\/2837","targetHints":{"allow":["GET"]}}],"collection":[{"href":"https:\/\/presses-universitaires.parisnanterre.fr\/index.php\/wp-json\/wp\/v2\/product"}],"about":[{"href":"https:\/\/presses-universitaires.parisnanterre.fr\/index.php\/wp-json\/wp\/v2\/types\/product"}],"replies":[{"embeddable":true,"href":"https:\/\/presses-universitaires.parisnanterre.fr\/index.php\/wp-json\/wp\/v2\/comments?post=2837"}],"wp:featuredmedia":[{"embeddable":true,"href":"https:\/\/presses-universitaires.parisnanterre.fr\/index.php\/wp-json\/wp\/v2\/media\/2838"}],"wp:attachment":[{"href":"https:\/\/presses-universitaires.parisnanterre.fr\/index.php\/wp-json\/wp\/v2\/media?parent=2837"}],"wp:term":[{"taxonomy":"product_brand","embeddable":true,"href":"https:\/\/presses-universitaires.parisnanterre.fr\/index.php\/wp-json\/wp\/v2\/product_brand?post=2837"},{"taxonomy":"product_cat","embeddable":true,"href":"https:\/\/presses-universitaires.parisnanterre.fr\/index.php\/wp-json\/wp\/v2\/product_cat?post=2837"},{"taxonomy":"product_tag","embeddable":true,"href":"https:\/\/presses-universitaires.parisnanterre.fr\/index.php\/wp-json\/wp\/v2\/product_tag?post=2837"}],"curies":[{"name":"wp","href":"https:\/\/api.w.org\/{rel}","templated":true}]}}