{"id":2833,"date":"2024-01-03T10:54:09","date_gmt":"2024-01-03T10:54:09","guid":{"rendered":"https:\/\/presses-universitaires.parisnanterre.fr\/?post_type=product&#038;p=2833"},"modified":"2025-10-05T07:30:19","modified_gmt":"2025-10-05T07:30:19","slug":"communautes-et-pratiques-decritures-des-patrimoines-et-des-memoires","status":"publish","type":"product","link":"https:\/\/presses-universitaires.parisnanterre.fr\/index.php\/produit\/communautes-et-pratiques-decritures-des-patrimoines-et-des-memoires\/","title":{"rendered":"Communaut\u00e9s et pratiques d&rsquo;\u00e9critures des patrimoines et des m\u00e9moires"},"content":{"rendered":"","protected":false},"excerpt":{"rendered":"<ul>\n<li>Nicolas Sauret et Marta Severo (dir.)<\/li>\n<li>Langue : fran\u00e7ais<\/li>\n<li>244 pages<\/li>\n<li>ISBN : 978-2-84016-533-0<\/li>\n<li>Date de parution : janvier 2024<\/li>\n<\/ul>\n","protected":false},"featured_media":2834,"comment_status":"closed","ping_status":"closed","template":"","meta":{"_kad_blocks_custom_css":"","_kad_blocks_head_custom_js":"","_kad_blocks_body_custom_js":"","_kad_blocks_footer_custom_js":"","_kadence_starter_templates_imported_post":false,"_kad_post_transparent":"default","_kad_post_title":"","_kad_post_layout":"default","_kad_post_sidebar_id":"","_kad_post_content_style":"default","_kad_post_vertical_padding":"default","_kad_post_feature":"","_kad_post_feature_position":"","_kad_post_header":false,"_kad_post_footer":false,"_kad_post_classname":""},"product_brand":[],"product_cat":[397,400,402,552,551],"product_tag":[473],"class_list":{"0":"post-2833","1":"product","2":"type-product","3":"status-publish","4":"has-post-thumbnail","6":"product_cat-croisements-disciplinaires","7":"product_cat-histoire","8":"product_cat-humanites-numeriques","9":"product_cat-memoire","10":"product_cat-patrimoine","11":"product_tag-intelligences-numeriques","13":"first","14":"instock","15":"taxable","16":"shipping-taxable","17":"purchasable","18":"product-type-simple","19":"entry","20":"content-bg","21":"loop-entry"},"taxonomy_info":{"product_cat":[{"value":397,"label":"Croisements disciplinaires"},{"value":400,"label":"Histoire"},{"value":402,"label":"Humanit\u00e9s num\u00e9riques"},{"value":552,"label":"M\u00e9moire"},{"value":551,"label":"Patrimoine"}],"product_tag":[{"value":473,"label":"Intelligences num\u00e9riques"}]},"featured_image_src_large":["https:\/\/presses-universitaires.parisnanterre.fr\/wp-content\/uploads\/2023\/12\/9782840165330-658x1024.jpg",658,1024,true],"author_info":[],"comment_info":0,"_links":{"self":[{"href":"https:\/\/presses-universitaires.parisnanterre.fr\/index.php\/wp-json\/wp\/v2\/product\/2833","targetHints":{"allow":["GET"]}}],"collection":[{"href":"https:\/\/presses-universitaires.parisnanterre.fr\/index.php\/wp-json\/wp\/v2\/product"}],"about":[{"href":"https:\/\/presses-universitaires.parisnanterre.fr\/index.php\/wp-json\/wp\/v2\/types\/product"}],"replies":[{"embeddable":true,"href":"https:\/\/presses-universitaires.parisnanterre.fr\/index.php\/wp-json\/wp\/v2\/comments?post=2833"}],"wp:featuredmedia":[{"embeddable":true,"href":"https:\/\/presses-universitaires.parisnanterre.fr\/index.php\/wp-json\/wp\/v2\/media\/2834"}],"wp:attachment":[{"href":"https:\/\/presses-universitaires.parisnanterre.fr\/index.php\/wp-json\/wp\/v2\/media?parent=2833"}],"wp:term":[{"taxonomy":"product_brand","embeddable":true,"href":"https:\/\/presses-universitaires.parisnanterre.fr\/index.php\/wp-json\/wp\/v2\/product_brand?post=2833"},{"taxonomy":"product_cat","embeddable":true,"href":"https:\/\/presses-universitaires.parisnanterre.fr\/index.php\/wp-json\/wp\/v2\/product_cat?post=2833"},{"taxonomy":"product_tag","embeddable":true,"href":"https:\/\/presses-universitaires.parisnanterre.fr\/index.php\/wp-json\/wp\/v2\/product_tag?post=2833"}],"curies":[{"name":"wp","href":"https:\/\/api.w.org\/{rel}","templated":true}]}}