{"id":2782,"date":"2023-11-30T10:01:16","date_gmt":"2023-11-30T10:01:16","guid":{"rendered":"https:\/\/presses-universitaires.parisnanterre.fr\/?post_type=product&#038;p=2782"},"modified":"2025-10-08T14:13:56","modified_gmt":"2025-10-08T14:13:56","slug":"litterales-n50-2023-petrarquismes-europeens-xvie-xviie-siecles","status":"publish","type":"product","link":"https:\/\/presses-universitaires.parisnanterre.fr\/index.php\/produit\/litterales-n50-2023-petrarquismes-europeens-xvie-xviie-siecles\/","title":{"rendered":"Litt\u00e9rales n\u00b0 50 : P\u00e9trarquismes europ\u00e9ens (XVIe-XVIIe si\u00e8cles)"},"content":{"rendered":"","protected":false},"excerpt":{"rendered":"<p>V\u00e9ronique Ferrer (dir.)<br \/>\nLangue : fran\u00e7ais<br \/>\n286 pages<br \/>\nISBN : 978-2-84016-514-9<br \/>\nISSN : 2802-3293<br \/>\nDate de parution : novembre 2023<\/p>\n","protected":false},"featured_media":2783,"comment_status":"closed","ping_status":"closed","template":"","meta":{"_kad_blocks_custom_css":"","_kad_blocks_head_custom_js":"","_kad_blocks_body_custom_js":"","_kad_blocks_footer_custom_js":"","_kadence_starter_templates_imported_post":false,"_kad_post_transparent":"default","_kad_post_title":"","_kad_post_layout":"default","_kad_post_sidebar_id":"","_kad_post_content_style":"default","_kad_post_vertical_padding":"default","_kad_post_feature":"","_kad_post_feature_position":"","_kad_post_header":false,"_kad_post_footer":false,"_kad_post_classname":""},"product_brand":[],"product_cat":[401,431,434,435,437,403,444],"product_tag":[480],"class_list":{"0":"post-2782","1":"product","2":"type-product","3":"status-publish","4":"has-post-thumbnail","6":"product_cat-humanites-classiques-disciplines","7":"product_cat-italie","8":"product_cat-litterature","9":"product_cat-litterature-comparee","10":"product_cat-litterature-italienne","11":"product_cat-litteratures","12":"product_cat-poesie","13":"product_tag-litterales","15":"first","16":"instock","17":"taxable","18":"shipping-taxable","19":"purchasable","20":"product-type-simple","21":"entry","22":"content-bg","23":"loop-entry"},"taxonomy_info":{"product_cat":[{"value":401,"label":"Humanit\u00e9s classiques"},{"value":431,"label":"Italie"},{"value":434,"label":"Litt\u00e9rature"},{"value":435,"label":"Litt\u00e9rature compar\u00e9e"},{"value":437,"label":"Litt\u00e9rature italienne"},{"value":403,"label":"Litt\u00e9ratures"},{"value":444,"label":"Po\u00e9sie"}],"product_tag":[{"value":480,"label":"Litt\u00e9rales (revue)"}]},"featured_image_src_large":["https:\/\/presses-universitaires.parisnanterre.fr\/wp-content\/uploads\/2023\/10\/Couv_litterales_50def-727x1024.jpg",727,1024,true],"author_info":[],"comment_info":0,"_links":{"self":[{"href":"https:\/\/presses-universitaires.parisnanterre.fr\/index.php\/wp-json\/wp\/v2\/product\/2782","targetHints":{"allow":["GET"]}}],"collection":[{"href":"https:\/\/presses-universitaires.parisnanterre.fr\/index.php\/wp-json\/wp\/v2\/product"}],"about":[{"href":"https:\/\/presses-universitaires.parisnanterre.fr\/index.php\/wp-json\/wp\/v2\/types\/product"}],"replies":[{"embeddable":true,"href":"https:\/\/presses-universitaires.parisnanterre.fr\/index.php\/wp-json\/wp\/v2\/comments?post=2782"}],"wp:featuredmedia":[{"embeddable":true,"href":"https:\/\/presses-universitaires.parisnanterre.fr\/index.php\/wp-json\/wp\/v2\/media\/2783"}],"wp:attachment":[{"href":"https:\/\/presses-universitaires.parisnanterre.fr\/index.php\/wp-json\/wp\/v2\/media?parent=2782"}],"wp:term":[{"taxonomy":"product_brand","embeddable":true,"href":"https:\/\/presses-universitaires.parisnanterre.fr\/index.php\/wp-json\/wp\/v2\/product_brand?post=2782"},{"taxonomy":"product_cat","embeddable":true,"href":"https:\/\/presses-universitaires.parisnanterre.fr\/index.php\/wp-json\/wp\/v2\/product_cat?post=2782"},{"taxonomy":"product_tag","embeddable":true,"href":"https:\/\/presses-universitaires.parisnanterre.fr\/index.php\/wp-json\/wp\/v2\/product_tag?post=2782"}],"curies":[{"name":"wp","href":"https:\/\/api.w.org\/{rel}","templated":true}]}}