{"id":2777,"date":"2023-10-18T09:17:17","date_gmt":"2023-10-18T09:17:17","guid":{"rendered":"https:\/\/presses-universitaires.parisnanterre.fr\/?post_type=product&#038;p=2777"},"modified":"2023-10-18T09:18:36","modified_gmt":"2023-10-18T09:18:36","slug":"archives-des-dictatures-sud-americaines-entre-droit-a-la-memoire-et-droit-a-loubli","status":"publish","type":"product","link":"https:\/\/presses-universitaires.parisnanterre.fr\/index.php\/produit\/archives-des-dictatures-sud-americaines-entre-droit-a-la-memoire-et-droit-a-loubli\/","title":{"rendered":"Archives des dictatures sud-am\u00e9ricaines. Entre droit \u00e0 la m\u00e9moire et droit \u00e0 l&rsquo;oubli"},"content":{"rendered":"","protected":false},"excerpt":{"rendered":"<p class=\"p1\">Marie Cornu, J\u00e9r\u00f4me Fromageau, Fran\u00e7ois Julien-Laferri\u00e8re, Marie-Claire Lavabre et Denis Merklen (dir.)<br \/>\nLangue : fran\u00e7ais<br \/>\n392 pages<br \/>\nISBN : 978-2-84016-527-9<br \/>\nDate de parution : octobre 2023<\/p>\n","protected":false},"featured_media":2778,"comment_status":"closed","ping_status":"closed","template":"","meta":{"_kad_blocks_custom_css":"","_kad_blocks_head_custom_js":"","_kad_blocks_body_custom_js":"","_kad_blocks_footer_custom_js":"","_kadence_starter_templates_imported_post":false,"_kad_post_transparent":"default","_kad_post_title":"","_kad_post_layout":"default","_kad_post_sidebar_id":"","_kad_post_content_style":"default","_kad_post_vertical_padding":"default","_kad_post_feature":"","_kad_post_feature_position":"","_kad_post_header":false,"_kad_post_footer":false,"_kad_post_classname":""},"product_brand":[],"product_cat":[396,400],"product_tag":[506],"class_list":{"0":"post-2777","1":"product","2":"type-product","3":"status-publish","4":"has-post-thumbnail","6":"product_cat-civilisations-et-cultures-etrangeres","7":"product_cat-histoire","8":"product_tag-les-passes-dans-le-present-travaux-recherches","10":"first","11":"instock","12":"taxable","13":"shipping-taxable","14":"purchasable","15":"product-type-simple","16":"entry","17":"content-bg","18":"loop-entry"},"taxonomy_info":{"product_cat":[{"value":396,"label":"Civilisations et cultures \u00e9trang\u00e8res"},{"value":400,"label":"Histoire"}],"product_tag":[{"value":506,"label":"Les pass\u00e9s dans le pr\u00e9sent \u2013 Travaux &amp; Recherches"}]},"featured_image_src_large":["https:\/\/presses-universitaires.parisnanterre.fr\/wp-content\/uploads\/2023\/10\/Couv_archives_dictatures_Def-653x1024.jpg",653,1024,true],"author_info":[],"comment_info":0,"_links":{"self":[{"href":"https:\/\/presses-universitaires.parisnanterre.fr\/index.php\/wp-json\/wp\/v2\/product\/2777","targetHints":{"allow":["GET"]}}],"collection":[{"href":"https:\/\/presses-universitaires.parisnanterre.fr\/index.php\/wp-json\/wp\/v2\/product"}],"about":[{"href":"https:\/\/presses-universitaires.parisnanterre.fr\/index.php\/wp-json\/wp\/v2\/types\/product"}],"replies":[{"embeddable":true,"href":"https:\/\/presses-universitaires.parisnanterre.fr\/index.php\/wp-json\/wp\/v2\/comments?post=2777"}],"wp:featuredmedia":[{"embeddable":true,"href":"https:\/\/presses-universitaires.parisnanterre.fr\/index.php\/wp-json\/wp\/v2\/media\/2778"}],"wp:attachment":[{"href":"https:\/\/presses-universitaires.parisnanterre.fr\/index.php\/wp-json\/wp\/v2\/media?parent=2777"}],"wp:term":[{"taxonomy":"product_brand","embeddable":true,"href":"https:\/\/presses-universitaires.parisnanterre.fr\/index.php\/wp-json\/wp\/v2\/product_brand?post=2777"},{"taxonomy":"product_cat","embeddable":true,"href":"https:\/\/presses-universitaires.parisnanterre.fr\/index.php\/wp-json\/wp\/v2\/product_cat?post=2777"},{"taxonomy":"product_tag","embeddable":true,"href":"https:\/\/presses-universitaires.parisnanterre.fr\/index.php\/wp-json\/wp\/v2\/product_tag?post=2777"}],"curies":[{"name":"wp","href":"https:\/\/api.w.org\/{rel}","templated":true}]}}