{"id":2385,"date":"2022-12-08T09:07:08","date_gmt":"2022-12-08T09:07:08","guid":{"rendered":"https:\/\/presses-universitaires.parisnanterre.fr\/?post_type=product&#038;p=2385"},"modified":"2024-12-13T09:21:10","modified_gmt":"2024-12-13T09:21:10","slug":"narrativa-n44-2022-scrittrici-italiane-degli-anni-duemila","status":"publish","type":"product","link":"https:\/\/presses-universitaires.parisnanterre.fr\/index.php\/produit\/narrativa-n44-2022-scrittrici-italiane-degli-anni-duemila\/","title":{"rendered":"Narrativa n\u00b0 44-2022 : Scrittrici italiane degli anni Duemila"},"content":{"rendered":"","protected":false},"excerpt":{"rendered":"<ul>\n<li class=\"p2\">Michela Rossi Sebastiano e Antonella Rubinacci (dir.)<\/li>\n<li>Langue : italien<\/li>\n<li>270 pages<\/li>\n<li>ISBN : 978-2-84016-510-1<\/li>\n<li>Date de publication : novembre 2022<\/li>\n<\/ul>\n","protected":false},"featured_media":2386,"comment_status":"closed","ping_status":"closed","template":"","meta":{"_kad_blocks_custom_css":"","_kad_blocks_head_custom_js":"","_kad_blocks_body_custom_js":"","_kad_blocks_footer_custom_js":"","_kadence_starter_templates_imported_post":false,"_kad_post_transparent":"default","_kad_post_title":"","_kad_post_layout":"default","_kad_post_sidebar_id":"","_kad_post_content_style":"default","_kad_post_vertical_padding":"default","_kad_post_feature":"","_kad_post_feature_position":"","_kad_post_header":false,"_kad_post_footer":false,"_kad_post_classname":""},"product_brand":[],"product_cat":[396,431,434,503,435,436,437,403],"product_tag":[485],"class_list":{"0":"post-2385","1":"product","2":"type-product","3":"status-publish","4":"has-post-thumbnail","6":"product_cat-civilisations-et-cultures-etrangeres","7":"product_cat-italie","8":"product_cat-litterature","9":"product_cat-litterature-anglaise","10":"product_cat-litterature-comparee","11":"product_cat-litterature-francaise","12":"product_cat-litterature-italienne","13":"product_cat-litteratures","14":"product_tag-narrativa","16":"first","17":"instock","18":"taxable","19":"shipping-taxable","20":"purchasable","21":"product-type-simple","22":"entry","23":"content-bg","24":"loop-entry"},"taxonomy_info":{"product_cat":[{"value":396,"label":"Civilisations et cultures \u00e9trang\u00e8res"},{"value":431,"label":"Italie"},{"value":434,"label":"Litt\u00e9rature"},{"value":503,"label":"Litt\u00e9rature anglaise"},{"value":435,"label":"Litt\u00e9rature compar\u00e9e"},{"value":436,"label":"Litt\u00e9rature fran\u00e7aise"},{"value":437,"label":"Litt\u00e9rature italienne"},{"value":403,"label":"Litt\u00e9ratures"}],"product_tag":[{"value":485,"label":"Narrativa (revue)"}]},"featured_image_src_large":["https:\/\/presses-universitaires.parisnanterre.fr\/wp-content\/uploads\/2022\/10\/couv_narrativa_44_def-685x1024.jpg",685,1024,true],"author_info":[],"comment_info":0,"_links":{"self":[{"href":"https:\/\/presses-universitaires.parisnanterre.fr\/index.php\/wp-json\/wp\/v2\/product\/2385","targetHints":{"allow":["GET"]}}],"collection":[{"href":"https:\/\/presses-universitaires.parisnanterre.fr\/index.php\/wp-json\/wp\/v2\/product"}],"about":[{"href":"https:\/\/presses-universitaires.parisnanterre.fr\/index.php\/wp-json\/wp\/v2\/types\/product"}],"replies":[{"embeddable":true,"href":"https:\/\/presses-universitaires.parisnanterre.fr\/index.php\/wp-json\/wp\/v2\/comments?post=2385"}],"wp:featuredmedia":[{"embeddable":true,"href":"https:\/\/presses-universitaires.parisnanterre.fr\/index.php\/wp-json\/wp\/v2\/media\/2386"}],"wp:attachment":[{"href":"https:\/\/presses-universitaires.parisnanterre.fr\/index.php\/wp-json\/wp\/v2\/media?parent=2385"}],"wp:term":[{"taxonomy":"product_brand","embeddable":true,"href":"https:\/\/presses-universitaires.parisnanterre.fr\/index.php\/wp-json\/wp\/v2\/product_brand?post=2385"},{"taxonomy":"product_cat","embeddable":true,"href":"https:\/\/presses-universitaires.parisnanterre.fr\/index.php\/wp-json\/wp\/v2\/product_cat?post=2385"},{"taxonomy":"product_tag","embeddable":true,"href":"https:\/\/presses-universitaires.parisnanterre.fr\/index.php\/wp-json\/wp\/v2\/product_tag?post=2385"}],"curies":[{"name":"wp","href":"https:\/\/api.w.org\/{rel}","templated":true}]}}