{"id":2256,"date":"2022-09-05T14:46:33","date_gmt":"2022-09-05T14:46:33","guid":{"rendered":"https:\/\/presses-universitaires.parisnanterre.fr\/?post_type=product&#038;p=2256"},"modified":"2025-10-08T13:49:43","modified_gmt":"2025-10-08T13:49:43","slug":"litterales-n-49-ces-murs-sont-mon-trophee-commentaires-et-appropriations-des-ecritures-exposees-xvie-xviiie-siecle","status":"publish","type":"product","link":"https:\/\/presses-universitaires.parisnanterre.fr\/index.php\/produit\/litterales-n-49-ces-murs-sont-mon-trophee-commentaires-et-appropriations-des-ecritures-exposees-xvie-xviiie-siecle\/","title":{"rendered":"Litt\u00e9rales n\u00b0 49 &#8211; \u00ab Ces murs sont mon troph\u00e9e \u00bb : commentaires et appropriations des \u00e9critures expos\u00e9es (XVI<sup>e<\/sup>-XVIII<sup>e<\/sup> si\u00e8cle)"},"content":{"rendered":"","protected":false},"excerpt":{"rendered":"<ul>\n<li>Carole Boidin et Fabrice Moulin (dir.)<\/li>\n<li>Langue : fran\u00e7ais<\/li>\n<li>204 pages<\/li>\n<li>ISBN :<span class=\"Apple-converted-space\">\u00a0<\/span>978-2-84016-497-5<span class=\"Apple-converted-space\">\u00a0<\/span><\/li>\n<li>ISSN : 2802-3293<\/li>\n<\/ul>\n<p>Date de parution : septembre 2022<\/p>\n","protected":false},"featured_media":2257,"comment_status":"closed","ping_status":"closed","template":"","meta":{"_kad_blocks_custom_css":"","_kad_blocks_head_custom_js":"","_kad_blocks_body_custom_js":"","_kad_blocks_footer_custom_js":"","_kadence_starter_templates_imported_post":false,"_kad_post_transparent":"default","_kad_post_title":"","_kad_post_layout":"default","_kad_post_sidebar_id":"","_kad_post_content_style":"default","_kad_post_vertical_padding":"default","_kad_post_feature":"","_kad_post_feature_position":"","_kad_post_header":false,"_kad_post_footer":false,"_kad_post_classname":""},"product_brand":[],"product_cat":[411,400,434,436,403],"product_tag":[480],"class_list":{"0":"post-2256","1":"product","2":"type-product","3":"status-publish","4":"has-post-thumbnail","6":"product_cat-architecture-thematiques","7":"product_cat-histoire","8":"product_cat-litterature","9":"product_cat-litterature-francaise","10":"product_cat-litteratures","11":"product_tag-litterales","13":"first","14":"instock","15":"taxable","16":"shipping-taxable","17":"purchasable","18":"product-type-simple","19":"entry","20":"content-bg","21":"loop-entry"},"taxonomy_info":{"product_cat":[{"value":411,"label":"Architecture"},{"value":400,"label":"Histoire"},{"value":434,"label":"Litt\u00e9rature"},{"value":436,"label":"Litt\u00e9rature fran\u00e7aise"},{"value":403,"label":"Litt\u00e9ratures"}],"product_tag":[{"value":480,"label":"Litt\u00e9rales (revue)"}]},"featured_image_src_large":["https:\/\/presses-universitaires.parisnanterre.fr\/wp-content\/uploads\/2022\/06\/Couv_litterales_49def.jpg",702,1000,false],"author_info":[],"comment_info":0,"_links":{"self":[{"href":"https:\/\/presses-universitaires.parisnanterre.fr\/index.php\/wp-json\/wp\/v2\/product\/2256","targetHints":{"allow":["GET"]}}],"collection":[{"href":"https:\/\/presses-universitaires.parisnanterre.fr\/index.php\/wp-json\/wp\/v2\/product"}],"about":[{"href":"https:\/\/presses-universitaires.parisnanterre.fr\/index.php\/wp-json\/wp\/v2\/types\/product"}],"replies":[{"embeddable":true,"href":"https:\/\/presses-universitaires.parisnanterre.fr\/index.php\/wp-json\/wp\/v2\/comments?post=2256"}],"wp:featuredmedia":[{"embeddable":true,"href":"https:\/\/presses-universitaires.parisnanterre.fr\/index.php\/wp-json\/wp\/v2\/media\/2257"}],"wp:attachment":[{"href":"https:\/\/presses-universitaires.parisnanterre.fr\/index.php\/wp-json\/wp\/v2\/media?parent=2256"}],"wp:term":[{"taxonomy":"product_brand","embeddable":true,"href":"https:\/\/presses-universitaires.parisnanterre.fr\/index.php\/wp-json\/wp\/v2\/product_brand?post=2256"},{"taxonomy":"product_cat","embeddable":true,"href":"https:\/\/presses-universitaires.parisnanterre.fr\/index.php\/wp-json\/wp\/v2\/product_cat?post=2256"},{"taxonomy":"product_tag","embeddable":true,"href":"https:\/\/presses-universitaires.parisnanterre.fr\/index.php\/wp-json\/wp\/v2\/product_tag?post=2256"}],"curies":[{"name":"wp","href":"https:\/\/api.w.org\/{rel}","templated":true}]}}