{"id":2237,"date":"2022-09-08T14:05:10","date_gmt":"2022-09-08T14:05:10","guid":{"rendered":"https:\/\/presses-universitaires.parisnanterre.fr\/?post_type=product&#038;p=2237"},"modified":"2022-09-21T13:06:20","modified_gmt":"2022-09-21T13:06:20","slug":"amateurs-et-institutions-perspectives-historiques-explorations-numeriques","status":"publish","type":"product","link":"https:\/\/presses-universitaires.parisnanterre.fr\/index.php\/produit\/amateurs-et-institutions-perspectives-historiques-explorations-numeriques\/","title":{"rendered":"Amateurs et institutions. Perspectives historiques, explorations num\u00e9riques."},"content":{"rendered":"","protected":false},"excerpt":{"rendered":"<ul>\n<li>Fernando Filipponi et Marta Severo (dir.)<\/li>\n<li>Langue : fran\u00e7ais<\/li>\n<li>206 pages<\/li>\n<li>ISBN : 978-2-84016-493-7<\/li>\n<li>Date de parution : septembre 2022<\/li>\n<\/ul>\n","protected":false},"featured_media":2241,"comment_status":"closed","ping_status":"closed","template":"","meta":{"_kad_blocks_custom_css":"","_kad_blocks_head_custom_js":"","_kad_blocks_body_custom_js":"","_kad_blocks_footer_custom_js":"","_kadence_starter_templates_imported_post":false,"_kad_post_transparent":"default","_kad_post_title":"","_kad_post_layout":"default","_kad_post_sidebar_id":"","_kad_post_content_style":"default","_kad_post_vertical_padding":"default","_kad_post_feature":"","_kad_post_feature_position":"","_kad_post_header":false,"_kad_post_footer":false,"_kad_post_classname":""},"product_brand":[],"product_cat":[395,397,400,428,402],"product_tag":[506],"class_list":{"0":"post-2237","1":"product","2":"type-product","3":"status-publish","4":"has-post-thumbnail","6":"product_cat-arts","7":"product_cat-croisements-disciplinaires","8":"product_cat-histoire","9":"product_cat-histoire-de-lart","10":"product_cat-humanites-numeriques","11":"product_tag-les-passes-dans-le-present-travaux-recherches","13":"first","14":"instock","15":"taxable","16":"shipping-taxable","17":"purchasable","18":"product-type-simple","19":"entry","20":"content-bg","21":"loop-entry"},"taxonomy_info":{"product_cat":[{"value":395,"label":"Arts"},{"value":397,"label":"Croisements disciplinaires"},{"value":400,"label":"Histoire"},{"value":428,"label":"Histoire de l'art"},{"value":402,"label":"Humanit\u00e9s num\u00e9riques"}],"product_tag":[{"value":506,"label":"Les pass\u00e9s dans le pr\u00e9sent \u2013 Travaux &amp; Recherches"}]},"featured_image_src_large":["https:\/\/presses-universitaires.parisnanterre.fr\/wp-content\/uploads\/2022\/06\/Couv1c_Amateurs_institutions.jpg",636,999,false],"author_info":[],"comment_info":0,"_links":{"self":[{"href":"https:\/\/presses-universitaires.parisnanterre.fr\/index.php\/wp-json\/wp\/v2\/product\/2237","targetHints":{"allow":["GET"]}}],"collection":[{"href":"https:\/\/presses-universitaires.parisnanterre.fr\/index.php\/wp-json\/wp\/v2\/product"}],"about":[{"href":"https:\/\/presses-universitaires.parisnanterre.fr\/index.php\/wp-json\/wp\/v2\/types\/product"}],"replies":[{"embeddable":true,"href":"https:\/\/presses-universitaires.parisnanterre.fr\/index.php\/wp-json\/wp\/v2\/comments?post=2237"}],"wp:featuredmedia":[{"embeddable":true,"href":"https:\/\/presses-universitaires.parisnanterre.fr\/index.php\/wp-json\/wp\/v2\/media\/2241"}],"wp:attachment":[{"href":"https:\/\/presses-universitaires.parisnanterre.fr\/index.php\/wp-json\/wp\/v2\/media?parent=2237"}],"wp:term":[{"taxonomy":"product_brand","embeddable":true,"href":"https:\/\/presses-universitaires.parisnanterre.fr\/index.php\/wp-json\/wp\/v2\/product_brand?post=2237"},{"taxonomy":"product_cat","embeddable":true,"href":"https:\/\/presses-universitaires.parisnanterre.fr\/index.php\/wp-json\/wp\/v2\/product_cat?post=2237"},{"taxonomy":"product_tag","embeddable":true,"href":"https:\/\/presses-universitaires.parisnanterre.fr\/index.php\/wp-json\/wp\/v2\/product_tag?post=2237"}],"curies":[{"name":"wp","href":"https:\/\/api.w.org\/{rel}","templated":true}]}}