{"id":2194,"date":"2022-06-09T07:49:58","date_gmt":"2022-06-09T07:49:58","guid":{"rendered":"https:\/\/presses-universitaires.parisnanterre.fr\/?post_type=product&#038;p=2194"},"modified":"2024-07-17T08:56:39","modified_gmt":"2024-07-17T08:56:39","slug":"mediatrices-des-arts-pour-une-histoire-des-transmissions-et-reseaux-feminins-et-feministes","status":"publish","type":"product","link":"https:\/\/presses-universitaires.parisnanterre.fr\/index.php\/produit\/mediatrices-des-arts-pour-une-histoire-des-transmissions-et-reseaux-feminins-et-feministes\/","title":{"rendered":"M\u00e9diatrices des arts. Pour une histoire des transmissions et r\u00e9seaux f\u00e9minins et f\u00e9ministes"},"content":{"rendered":"","protected":false},"excerpt":{"rendered":"<ul>\n<li class=\"p2\">Charlotte Foucher Zarmanian, H\u00e9l\u00e8ne Marqui\u00e9 et Fr\u00e9d\u00e9rick Duhautpas (dir.)<\/li>\n<li>Langue : fran\u00e7ais<\/li>\n<li>330 pages<\/li>\n<li class=\"p3\">ISBN : 978-2-84016-491-3<\/li>\n<li>Date de parution : 09 juin 2022<\/li>\n<\/ul>\n","protected":false},"featured_media":2195,"comment_status":"closed","ping_status":"closed","template":"","meta":{"_kad_blocks_custom_css":"","_kad_blocks_head_custom_js":"","_kad_blocks_body_custom_js":"","_kad_blocks_footer_custom_js":"","_kadence_starter_templates_imported_post":false,"_kad_post_transparent":"default","_kad_post_title":"","_kad_post_layout":"default","_kad_post_sidebar_id":"","_kad_post_content_style":"default","_kad_post_vertical_padding":"default","_kad_post_feature":"","_kad_post_feature_position":"","_kad_post_header":false,"_kad_post_footer":false,"_kad_post_classname":""},"product_brand":[],"product_cat":[395,412,397,425,400,428,441],"product_tag":[382],"class_list":{"0":"post-2194","1":"product","2":"type-product","3":"status-publish","4":"has-post-thumbnail","6":"product_cat-arts","7":"product_cat-arts-visuels","8":"product_cat-croisements-disciplinaires","9":"product_cat-genre","10":"product_cat-histoire","11":"product_cat-histoire-de-lart","12":"product_cat-peinture","13":"product_tag-arts-cultures-et-politiques","15":"first","16":"instock","17":"taxable","18":"shipping-taxable","19":"purchasable","20":"product-type-simple","21":"entry","22":"content-bg","23":"loop-entry"},"taxonomy_info":{"product_cat":[{"value":395,"label":"Arts"},{"value":412,"label":"Arts visuels"},{"value":397,"label":"Croisements disciplinaires"},{"value":425,"label":"Genre"},{"value":400,"label":"Histoire"},{"value":428,"label":"Histoire de l'art"},{"value":441,"label":"Peinture"}],"product_tag":[{"value":382,"label":"Arts cultures et politiques"}]},"featured_image_src_large":["https:\/\/presses-universitaires.parisnanterre.fr\/wp-content\/uploads\/2021\/05\/couvmediatrices-732x1024.jpg",732,1024,true],"author_info":[],"comment_info":0,"_links":{"self":[{"href":"https:\/\/presses-universitaires.parisnanterre.fr\/index.php\/wp-json\/wp\/v2\/product\/2194","targetHints":{"allow":["GET"]}}],"collection":[{"href":"https:\/\/presses-universitaires.parisnanterre.fr\/index.php\/wp-json\/wp\/v2\/product"}],"about":[{"href":"https:\/\/presses-universitaires.parisnanterre.fr\/index.php\/wp-json\/wp\/v2\/types\/product"}],"replies":[{"embeddable":true,"href":"https:\/\/presses-universitaires.parisnanterre.fr\/index.php\/wp-json\/wp\/v2\/comments?post=2194"}],"wp:featuredmedia":[{"embeddable":true,"href":"https:\/\/presses-universitaires.parisnanterre.fr\/index.php\/wp-json\/wp\/v2\/media\/2195"}],"wp:attachment":[{"href":"https:\/\/presses-universitaires.parisnanterre.fr\/index.php\/wp-json\/wp\/v2\/media?parent=2194"}],"wp:term":[{"taxonomy":"product_brand","embeddable":true,"href":"https:\/\/presses-universitaires.parisnanterre.fr\/index.php\/wp-json\/wp\/v2\/product_brand?post=2194"},{"taxonomy":"product_cat","embeddable":true,"href":"https:\/\/presses-universitaires.parisnanterre.fr\/index.php\/wp-json\/wp\/v2\/product_cat?post=2194"},{"taxonomy":"product_tag","embeddable":true,"href":"https:\/\/presses-universitaires.parisnanterre.fr\/index.php\/wp-json\/wp\/v2\/product_tag?post=2194"}],"curies":[{"name":"wp","href":"https:\/\/api.w.org\/{rel}","templated":true}]}}