{"id":219,"date":"2020-02-25T11:11:59","date_gmt":"2020-02-25T11:11:59","guid":{"rendered":"https:\/\/presses-universitaires.parisnanterre.fr\/?post_type=product&#038;p=219"},"modified":"2022-02-16T10:48:00","modified_gmt":"2022-02-16T10:48:00","slug":"narrativa-n-42-letteratura-e-economia-nellitalia-degli-anni-duemila","status":"publish","type":"product","link":"https:\/\/presses-universitaires.parisnanterre.fr\/index.php\/produit\/narrativa-n-42-letteratura-e-economia-nellitalia-degli-anni-duemila\/","title":{"rendered":"Narrativa n\u00b0 42 \u2013 Letteratura e economia nell&rsquo;Italia degli anni Duemila"},"content":{"rendered":"","protected":false},"excerpt":{"rendered":"<ul>\n<li>Coordination \u00e9ditoriale de Stefano Adamo, Tiziano Toracca<\/li>\n<li>Langue : Italien<\/li>\n<li>204 Pages<\/li>\n<li>ISBN : 978-2-84016-381-7<\/li>\n<li>Date de publication : 2020<\/li>\n<\/ul>\n","protected":false},"featured_media":248,"comment_status":"closed","ping_status":"closed","template":"","meta":{"_kad_blocks_custom_css":"","_kad_blocks_head_custom_js":"","_kad_blocks_body_custom_js":"","_kad_blocks_footer_custom_js":"","_kadence_starter_templates_imported_post":false,"_kad_post_transparent":"default","_kad_post_title":"","_kad_post_layout":"default","_kad_post_sidebar_id":"","_kad_post_content_style":"default","_kad_post_vertical_padding":"default","_kad_post_feature":"","_kad_post_feature_position":"","_kad_post_header":false,"_kad_post_footer":false,"_kad_post_classname":""},"product_brand":[],"product_cat":[396,417,437],"product_tag":[485],"class_list":{"0":"post-219","1":"product","2":"type-product","3":"status-publish","4":"has-post-thumbnail","6":"product_cat-civilisations-et-cultures-etrangeres","7":"product_cat-economie","8":"product_cat-litterature-italienne","9":"product_tag-narrativa","11":"first","12":"instock","13":"taxable","14":"shipping-taxable","15":"purchasable","16":"product-type-simple","17":"entry","18":"content-bg","19":"loop-entry"},"taxonomy_info":{"product_cat":[{"value":396,"label":"Civilisations et cultures \u00e9trang\u00e8res"},{"value":417,"label":"\u00c9conomie"},{"value":437,"label":"Litt\u00e9rature italienne"}],"product_tag":[{"value":485,"label":"Narrativa (revue)"}]},"featured_image_src_large":["https:\/\/presses-universitaires.parisnanterre.fr\/wp-content\/uploads\/2021\/02\/1reCouv_narrativa_42_V4bis-698x1024.jpg",698,1024,true],"author_info":[],"comment_info":0,"_links":{"self":[{"href":"https:\/\/presses-universitaires.parisnanterre.fr\/index.php\/wp-json\/wp\/v2\/product\/219","targetHints":{"allow":["GET"]}}],"collection":[{"href":"https:\/\/presses-universitaires.parisnanterre.fr\/index.php\/wp-json\/wp\/v2\/product"}],"about":[{"href":"https:\/\/presses-universitaires.parisnanterre.fr\/index.php\/wp-json\/wp\/v2\/types\/product"}],"replies":[{"embeddable":true,"href":"https:\/\/presses-universitaires.parisnanterre.fr\/index.php\/wp-json\/wp\/v2\/comments?post=219"}],"wp:featuredmedia":[{"embeddable":true,"href":"https:\/\/presses-universitaires.parisnanterre.fr\/index.php\/wp-json\/wp\/v2\/media\/248"}],"wp:attachment":[{"href":"https:\/\/presses-universitaires.parisnanterre.fr\/index.php\/wp-json\/wp\/v2\/media?parent=219"}],"wp:term":[{"taxonomy":"product_brand","embeddable":true,"href":"https:\/\/presses-universitaires.parisnanterre.fr\/index.php\/wp-json\/wp\/v2\/product_brand?post=219"},{"taxonomy":"product_cat","embeddable":true,"href":"https:\/\/presses-universitaires.parisnanterre.fr\/index.php\/wp-json\/wp\/v2\/product_cat?post=219"},{"taxonomy":"product_tag","embeddable":true,"href":"https:\/\/presses-universitaires.parisnanterre.fr\/index.php\/wp-json\/wp\/v2\/product_tag?post=219"}],"curies":[{"name":"wp","href":"https:\/\/api.w.org\/{rel}","templated":true}]}}