{"id":2101,"date":"2017-03-21T10:49:08","date_gmt":"2017-03-21T10:49:08","guid":{"rendered":"https:\/\/presses-universitaires.parisnanterre.fr\/?post_type=product&#038;p=2101"},"modified":"2022-03-21T10:52:08","modified_gmt":"2022-03-21T10:52:08","slug":"etudes-lawrenciennes-n47-education-and-cultures-in-d-h-lawrences-work","status":"publish","type":"product","link":"https:\/\/presses-universitaires.parisnanterre.fr\/index.php\/produit\/etudes-lawrenciennes-n47-education-and-cultures-in-d-h-lawrences-work\/","title":{"rendered":"Etudes lawrenciennes n\u00b047 \u2013 Education and Culture(s) in D.H.Lawrence\u2019s Work"},"content":{"rendered":"<p>Cette revue n&rsquo;est pas disponible \u00e0 la vente sur notre site.<\/p>\n<p>Le num\u00e9ro 47 est disponible \u00e0 la consultation et \u00e0 la vente chez notre partenaire <a href=\"https:\/\/journals.openedition.org\/lawrence\/251\" target=\"_blank\" rel=\"noopener\">OpenEdition Journals \u00e0 l&rsquo;adresse https:\/\/journals.openedition.org\/lawrence\/251<\/a><\/p>\n<p>&nbsp;<\/p>\n","protected":false},"excerpt":{"rendered":"<p>Cette revue n&rsquo;est pas disponible \u00e0 la vente sur notre site. Le num\u00e9ro 47 est disponible \u00e0 la consultation et \u00e0 la vente chez notre partenaire OpenEdition Journals \u00e0 l&rsquo;adresse https:\/\/journals.openedition.org\/lawrence\/251 &nbsp;<\/p>\n","protected":false},"featured_media":2103,"comment_status":"closed","ping_status":"closed","template":"","meta":{"_kad_blocks_custom_css":"","_kad_blocks_head_custom_js":"","_kad_blocks_body_custom_js":"","_kad_blocks_footer_custom_js":"","_kadence_starter_templates_imported_post":false,"_kad_post_transparent":"default","_kad_post_title":"","_kad_post_layout":"default","_kad_post_sidebar_id":"","_kad_post_content_style":"default","_kad_post_vertical_padding":"default","_kad_post_feature":"","_kad_post_feature_position":"","_kad_post_header":false,"_kad_post_footer":false,"_kad_post_classname":""},"product_brand":[],"product_cat":[396,403],"product_tag":[511],"class_list":{"0":"post-2101","1":"product","2":"type-product","3":"status-publish","4":"has-post-thumbnail","6":"product_cat-civilisations-et-cultures-etrangeres","7":"product_cat-litteratures","8":"product_tag-etudes-lawrenciennes","10":"first","11":"instock","12":"virtual","13":"taxable","14":"product-type-simple","15":"entry","16":"content-bg","17":"loop-entry"},"taxonomy_info":{"product_cat":[{"value":396,"label":"Civilisations et cultures \u00e9trang\u00e8res"},{"value":403,"label":"Litt\u00e9ratures"}],"product_tag":[{"value":511,"label":"Etudes lawrenciennes (revue en ligne)"}]},"featured_image_src_large":["https:\/\/presses-universitaires.parisnanterre.fr\/wp-content\/uploads\/2017\/03\/CouvEL47-725x1024.jpg",725,1024,true],"author_info":[],"comment_info":0,"_links":{"self":[{"href":"https:\/\/presses-universitaires.parisnanterre.fr\/index.php\/wp-json\/wp\/v2\/product\/2101","targetHints":{"allow":["GET"]}}],"collection":[{"href":"https:\/\/presses-universitaires.parisnanterre.fr\/index.php\/wp-json\/wp\/v2\/product"}],"about":[{"href":"https:\/\/presses-universitaires.parisnanterre.fr\/index.php\/wp-json\/wp\/v2\/types\/product"}],"replies":[{"embeddable":true,"href":"https:\/\/presses-universitaires.parisnanterre.fr\/index.php\/wp-json\/wp\/v2\/comments?post=2101"}],"wp:featuredmedia":[{"embeddable":true,"href":"https:\/\/presses-universitaires.parisnanterre.fr\/index.php\/wp-json\/wp\/v2\/media\/2103"}],"wp:attachment":[{"href":"https:\/\/presses-universitaires.parisnanterre.fr\/index.php\/wp-json\/wp\/v2\/media?parent=2101"}],"wp:term":[{"taxonomy":"product_brand","embeddable":true,"href":"https:\/\/presses-universitaires.parisnanterre.fr\/index.php\/wp-json\/wp\/v2\/product_brand?post=2101"},{"taxonomy":"product_cat","embeddable":true,"href":"https:\/\/presses-universitaires.parisnanterre.fr\/index.php\/wp-json\/wp\/v2\/product_cat?post=2101"},{"taxonomy":"product_tag","embeddable":true,"href":"https:\/\/presses-universitaires.parisnanterre.fr\/index.php\/wp-json\/wp\/v2\/product_tag?post=2101"}],"curies":[{"name":"wp","href":"https:\/\/api.w.org\/{rel}","templated":true}]}}