{"id":2095,"date":"2015-03-21T10:32:19","date_gmt":"2015-03-21T10:32:19","guid":{"rendered":"https:\/\/presses-universitaires.parisnanterre.fr\/?post_type=product&#038;p=2095"},"modified":"2022-03-21T10:34:15","modified_gmt":"2022-03-21T10:34:15","slug":"etudes-lawrenciennes-n44-language-and-languages","status":"publish","type":"product","link":"https:\/\/presses-universitaires.parisnanterre.fr\/index.php\/produit\/etudes-lawrenciennes-n44-language-and-languages\/","title":{"rendered":"Etudes lawrenciennes n\u00b044 \u2013 Language and Languages"},"content":{"rendered":"<p>Cette revue n&rsquo;est pas disponible \u00e0 la vente sur notre site.<\/p>\n<p>Le num\u00e9ro 44 est disponible \u00e0 la consultation et \u00e0 la vente chez notre partenaire <a href=\"https:\/\/journals.openedition.org\/lawrence\/180\" target=\"_blank\" rel=\"noopener\">OpenEdition Journals \u00e0 l&rsquo;adresse https:\/\/journals.openedition.org\/lawrence\/180<\/a><\/p>\n<p>&nbsp;<\/p>\n","protected":false},"excerpt":{"rendered":"<p>Cette revue n&rsquo;est pas disponible \u00e0 la vente sur notre site. Le num\u00e9ro 44 est disponible \u00e0 la consultation et \u00e0 la vente chez notre partenaire OpenEdition Journals \u00e0 l&rsquo;adresse https:\/\/journals.openedition.org\/lawrence\/180 &nbsp;<\/p>\n","protected":false},"featured_media":2096,"comment_status":"closed","ping_status":"closed","template":"","meta":{"_kad_blocks_custom_css":"","_kad_blocks_head_custom_js":"","_kad_blocks_body_custom_js":"","_kad_blocks_footer_custom_js":"","_kadence_starter_templates_imported_post":false,"_kad_post_transparent":"default","_kad_post_title":"","_kad_post_layout":"default","_kad_post_sidebar_id":"","_kad_post_content_style":"default","_kad_post_vertical_padding":"default","_kad_post_feature":"","_kad_post_feature_position":"","_kad_post_header":false,"_kad_post_footer":false,"_kad_post_classname":""},"product_brand":[],"product_cat":[396,403],"product_tag":[511],"class_list":{"0":"post-2095","1":"product","2":"type-product","3":"status-publish","4":"has-post-thumbnail","6":"product_cat-civilisations-et-cultures-etrangeres","7":"product_cat-litteratures","8":"product_tag-etudes-lawrenciennes","10":"first","11":"instock","12":"virtual","13":"taxable","14":"product-type-simple","15":"entry","16":"content-bg","17":"loop-entry"},"taxonomy_info":{"product_cat":[{"value":396,"label":"Civilisations et cultures \u00e9trang\u00e8res"},{"value":403,"label":"Litt\u00e9ratures"}],"product_tag":[{"value":511,"label":"Etudes lawrenciennes (revue en ligne)"}]},"featured_image_src_large":["https:\/\/presses-universitaires.parisnanterre.fr\/wp-content\/uploads\/2022\/03\/CouvEL44-725x1024.jpg",725,1024,true],"author_info":[],"comment_info":0,"_links":{"self":[{"href":"https:\/\/presses-universitaires.parisnanterre.fr\/index.php\/wp-json\/wp\/v2\/product\/2095","targetHints":{"allow":["GET"]}}],"collection":[{"href":"https:\/\/presses-universitaires.parisnanterre.fr\/index.php\/wp-json\/wp\/v2\/product"}],"about":[{"href":"https:\/\/presses-universitaires.parisnanterre.fr\/index.php\/wp-json\/wp\/v2\/types\/product"}],"replies":[{"embeddable":true,"href":"https:\/\/presses-universitaires.parisnanterre.fr\/index.php\/wp-json\/wp\/v2\/comments?post=2095"}],"wp:featuredmedia":[{"embeddable":true,"href":"https:\/\/presses-universitaires.parisnanterre.fr\/index.php\/wp-json\/wp\/v2\/media\/2096"}],"wp:attachment":[{"href":"https:\/\/presses-universitaires.parisnanterre.fr\/index.php\/wp-json\/wp\/v2\/media?parent=2095"}],"wp:term":[{"taxonomy":"product_brand","embeddable":true,"href":"https:\/\/presses-universitaires.parisnanterre.fr\/index.php\/wp-json\/wp\/v2\/product_brand?post=2095"},{"taxonomy":"product_cat","embeddable":true,"href":"https:\/\/presses-universitaires.parisnanterre.fr\/index.php\/wp-json\/wp\/v2\/product_cat?post=2095"},{"taxonomy":"product_tag","embeddable":true,"href":"https:\/\/presses-universitaires.parisnanterre.fr\/index.php\/wp-json\/wp\/v2\/product_tag?post=2095"}],"curies":[{"name":"wp","href":"https:\/\/api.w.org\/{rel}","templated":true}]}}