{"id":2034,"date":"2012-02-23T12:23:34","date_gmt":"2012-02-23T12:23:34","guid":{"rendered":"https:\/\/presses-universitaires.parisnanterre.fr\/?post_type=product&#038;p=2034"},"modified":"2025-01-10T14:16:16","modified_gmt":"2025-01-10T14:16:16","slug":"comportements-et-identite-techniques-au-paleolithique-moyen-dans-le-bassin-parisien-une-question-dechelle-danalyse","status":"publish","type":"product","link":"https:\/\/presses-universitaires.parisnanterre.fr\/index.php\/produit\/comportements-et-identite-techniques-au-paleolithique-moyen-dans-le-bassin-parisien-une-question-dechelle-danalyse\/","title":{"rendered":"Comportements et identit\u00e9 techniques au Pal\u00e9olithique moyen dans le Bassin parisien : Une question d&rsquo;\u00e9chelle d&rsquo;analyse ?"},"content":{"rendered":"","protected":false},"excerpt":{"rendered":"<ul>\n<li>H\u00e9lo\u00efse\u00a0<span class=\"lastname\">Koehler<\/span><\/li>\n<li>Prix de th\u00e8se Germaine Tillion 2011<\/li>\n<li>Langue : fran\u00e7ais<\/li>\n<li>350 pages dont 50 illustrations<\/li>\n<li>ISBN : 978-2-84016-098-4<\/li>\n<li>Date de parution : 2012<\/li>\n<\/ul>\n","protected":false},"featured_media":2035,"comment_status":"closed","ping_status":"closed","template":"","meta":{"_kad_blocks_custom_css":"","_kad_blocks_head_custom_js":"","_kad_blocks_body_custom_js":"","_kad_blocks_footer_custom_js":"","_kadence_starter_templates_imported_post":false,"_kad_post_transparent":"default","_kad_post_title":"","_kad_post_layout":"default","_kad_post_sidebar_id":"","_kad_post_content_style":"default","_kad_post_vertical_padding":"default","_kad_post_feature":"","_kad_post_feature_position":"","_kad_post_header":false,"_kad_post_footer":false,"_kad_post_classname":""},"product_brand":[],"product_cat":[399,400],"product_tag":[523],"class_list":{"0":"post-2034","1":"product","2":"type-product","3":"status-publish","4":"has-post-thumbnail","6":"product_cat-geographie","7":"product_cat-histoire","8":"product_tag-prix-de-these","10":"first","11":"instock","12":"taxable","13":"shipping-taxable","14":"purchasable","15":"product-type-simple","16":"entry","17":"content-bg","18":"loop-entry"},"taxonomy_info":{"product_cat":[{"value":399,"label":"G\u00e9ographie"},{"value":400,"label":"Histoire"}],"product_tag":[{"value":523,"label":"Prix de th\u00e8se"}]},"featured_image_src_large":["https:\/\/presses-universitaires.parisnanterre.fr\/wp-content\/uploads\/2022\/02\/comportements_identites_techniques.jpg",302,475,false],"author_info":[],"comment_info":0,"_links":{"self":[{"href":"https:\/\/presses-universitaires.parisnanterre.fr\/index.php\/wp-json\/wp\/v2\/product\/2034","targetHints":{"allow":["GET"]}}],"collection":[{"href":"https:\/\/presses-universitaires.parisnanterre.fr\/index.php\/wp-json\/wp\/v2\/product"}],"about":[{"href":"https:\/\/presses-universitaires.parisnanterre.fr\/index.php\/wp-json\/wp\/v2\/types\/product"}],"replies":[{"embeddable":true,"href":"https:\/\/presses-universitaires.parisnanterre.fr\/index.php\/wp-json\/wp\/v2\/comments?post=2034"}],"wp:featuredmedia":[{"embeddable":true,"href":"https:\/\/presses-universitaires.parisnanterre.fr\/index.php\/wp-json\/wp\/v2\/media\/2035"}],"wp:attachment":[{"href":"https:\/\/presses-universitaires.parisnanterre.fr\/index.php\/wp-json\/wp\/v2\/media?parent=2034"}],"wp:term":[{"taxonomy":"product_brand","embeddable":true,"href":"https:\/\/presses-universitaires.parisnanterre.fr\/index.php\/wp-json\/wp\/v2\/product_brand?post=2034"},{"taxonomy":"product_cat","embeddable":true,"href":"https:\/\/presses-universitaires.parisnanterre.fr\/index.php\/wp-json\/wp\/v2\/product_cat?post=2034"},{"taxonomy":"product_tag","embeddable":true,"href":"https:\/\/presses-universitaires.parisnanterre.fr\/index.php\/wp-json\/wp\/v2\/product_tag?post=2034"}],"curies":[{"name":"wp","href":"https:\/\/api.w.org\/{rel}","templated":true}]}}