{"id":2030,"date":"2012-02-23T11:43:14","date_gmt":"2012-02-23T11:43:14","guid":{"rendered":"https:\/\/presses-universitaires.parisnanterre.fr\/?post_type=product&#038;p=2030"},"modified":"2025-01-10T13:57:29","modified_gmt":"2025-01-10T13:57:29","slug":"luniversite-populaire-quart-monde-la-construction-du-savoir-emancipatoire","status":"publish","type":"product","link":"https:\/\/presses-universitaires.parisnanterre.fr\/index.php\/produit\/luniversite-populaire-quart-monde-la-construction-du-savoir-emancipatoire\/","title":{"rendered":"L&rsquo;Universit\u00e9 populaire Quart Monde. La construction du savoir \u00e9mancipatoire"},"content":{"rendered":"","protected":false},"excerpt":{"rendered":"<ul>\n<li>Genevi\u00e8ve\u00a0<span class=\"lastname\">Defraigne-Tardieu<\/span><\/li>\n<li>Prix de th\u00e8se Ren\u00e9 R\u00e9mond 2011<\/li>\n<li>Langue : fran\u00e7ais<\/li>\n<li>378 pages<\/li>\n<li>ISBN : <span class=\"DetailLabelText\">978-2-84016-099-1<\/span><\/li>\n<li>Date de parution : 2012<\/li>\n<\/ul>\n","protected":false},"featured_media":2031,"comment_status":"closed","ping_status":"closed","template":"","meta":{"_kad_blocks_custom_css":"","_kad_blocks_head_custom_js":"","_kad_blocks_body_custom_js":"","_kad_blocks_footer_custom_js":"","_kadence_starter_templates_imported_post":false,"_kad_post_transparent":"default","_kad_post_title":"","_kad_post_layout":"default","_kad_post_sidebar_id":"","_kad_post_content_style":"default","_kad_post_vertical_padding":"default","_kad_post_feature":"","_kad_post_feature_position":"","_kad_post_header":false,"_kad_post_footer":false,"_kad_post_classname":""},"product_brand":[],"product_cat":[397],"product_tag":[523],"class_list":{"0":"post-2030","1":"product","2":"type-product","3":"status-publish","4":"has-post-thumbnail","6":"product_cat-croisements-disciplinaires","7":"product_tag-prix-de-these","9":"first","10":"outofstock","11":"taxable","12":"shipping-taxable","13":"purchasable","14":"product-type-simple","15":"entry","16":"content-bg","17":"loop-entry"},"taxonomy_info":{"product_cat":[{"value":397,"label":"Croisements disciplinaires"}],"product_tag":[{"value":523,"label":"Prix de th\u00e8se"}]},"featured_image_src_large":["https:\/\/presses-universitaires.parisnanterre.fr\/wp-content\/uploads\/2022\/02\/universite_Quart_Monde.jpg",301,475,false],"author_info":[],"comment_info":0,"_links":{"self":[{"href":"https:\/\/presses-universitaires.parisnanterre.fr\/index.php\/wp-json\/wp\/v2\/product\/2030","targetHints":{"allow":["GET"]}}],"collection":[{"href":"https:\/\/presses-universitaires.parisnanterre.fr\/index.php\/wp-json\/wp\/v2\/product"}],"about":[{"href":"https:\/\/presses-universitaires.parisnanterre.fr\/index.php\/wp-json\/wp\/v2\/types\/product"}],"replies":[{"embeddable":true,"href":"https:\/\/presses-universitaires.parisnanterre.fr\/index.php\/wp-json\/wp\/v2\/comments?post=2030"}],"wp:featuredmedia":[{"embeddable":true,"href":"https:\/\/presses-universitaires.parisnanterre.fr\/index.php\/wp-json\/wp\/v2\/media\/2031"}],"wp:attachment":[{"href":"https:\/\/presses-universitaires.parisnanterre.fr\/index.php\/wp-json\/wp\/v2\/media?parent=2030"}],"wp:term":[{"taxonomy":"product_brand","embeddable":true,"href":"https:\/\/presses-universitaires.parisnanterre.fr\/index.php\/wp-json\/wp\/v2\/product_brand?post=2030"},{"taxonomy":"product_cat","embeddable":true,"href":"https:\/\/presses-universitaires.parisnanterre.fr\/index.php\/wp-json\/wp\/v2\/product_cat?post=2030"},{"taxonomy":"product_tag","embeddable":true,"href":"https:\/\/presses-universitaires.parisnanterre.fr\/index.php\/wp-json\/wp\/v2\/product_tag?post=2030"}],"curies":[{"name":"wp","href":"https:\/\/api.w.org\/{rel}","templated":true}]}}