{"id":2028,"date":"2011-02-23T11:35:39","date_gmt":"2011-02-23T11:35:39","guid":{"rendered":"https:\/\/presses-universitaires.parisnanterre.fr\/?post_type=product&#038;p=2028"},"modified":"2022-02-23T11:41:17","modified_gmt":"2022-02-23T11:41:17","slug":"la-poesie-pour-quoi-faire-volume-ii-une-enquete","status":"publish","type":"product","link":"https:\/\/presses-universitaires.parisnanterre.fr\/index.php\/produit\/la-poesie-pour-quoi-faire-volume-ii-une-enquete\/","title":{"rendered":"La po\u00e9sie pour quoi faire ? volume II &#8211; Une enqu\u00eate"},"content":{"rendered":"","protected":false},"excerpt":{"rendered":"<ul>\n<li>Coordination \u00e9ditoriale de\u00a0<span class=\"AuthorList\">Jean-Michel Maulpoix<\/span>,\u00a0<span class=\"AuthorList\">Isabelle Autran et la promotion 2010-2011 du master \u00ab\u00a0R\u00e9daction\/\u00e9dition\u00a0\u00bb<\/span><\/li>\n<li>Langue : fran\u00e7ais<\/li>\n<li>284 pages<\/li>\n<li>ISBN : 978-2-84016-090-8<\/li>\n<li>Date de parution : 2011<\/li>\n<\/ul>\n","protected":false},"featured_media":2029,"comment_status":"closed","ping_status":"closed","template":"","meta":{"_kad_blocks_custom_css":"","_kad_blocks_head_custom_js":"","_kad_blocks_body_custom_js":"","_kad_blocks_footer_custom_js":"","_kadence_starter_templates_imported_post":false,"_kad_post_transparent":"default","_kad_post_title":"","_kad_post_layout":"default","_kad_post_sidebar_id":"","_kad_post_content_style":"default","_kad_post_vertical_padding":"default","_kad_post_feature":"","_kad_post_feature_position":"","_kad_post_header":false,"_kad_post_footer":false,"_kad_post_classname":""},"product_brand":[],"product_cat":[434,403,508,444],"product_tag":[524],"class_list":{"0":"post-2028","1":"product","2":"type-product","3":"status-publish","4":"has-post-thumbnail","6":"product_cat-litterature","7":"product_cat-litteratures","8":"product_cat-livre","9":"product_cat-poesie","10":"product_tag-la-poesie-pour-quoi-faire","12":"first","13":"outofstock","14":"taxable","15":"shipping-taxable","16":"purchasable","17":"product-type-simple","18":"entry","19":"content-bg","20":"loop-entry"},"taxonomy_info":{"product_cat":[{"value":434,"label":"Litt\u00e9rature"},{"value":403,"label":"Litt\u00e9ratures"},{"value":508,"label":"Livre"},{"value":444,"label":"Po\u00e9sie"}],"product_tag":[{"value":524,"label":"La po\u00e9sie pour quoi faire ?"}]},"featured_image_src_large":["https:\/\/presses-universitaires.parisnanterre.fr\/wp-content\/uploads\/2022\/02\/poe\u0301sie2.jpg",383,475,false],"author_info":[],"comment_info":0,"_links":{"self":[{"href":"https:\/\/presses-universitaires.parisnanterre.fr\/index.php\/wp-json\/wp\/v2\/product\/2028","targetHints":{"allow":["GET"]}}],"collection":[{"href":"https:\/\/presses-universitaires.parisnanterre.fr\/index.php\/wp-json\/wp\/v2\/product"}],"about":[{"href":"https:\/\/presses-universitaires.parisnanterre.fr\/index.php\/wp-json\/wp\/v2\/types\/product"}],"replies":[{"embeddable":true,"href":"https:\/\/presses-universitaires.parisnanterre.fr\/index.php\/wp-json\/wp\/v2\/comments?post=2028"}],"wp:featuredmedia":[{"embeddable":true,"href":"https:\/\/presses-universitaires.parisnanterre.fr\/index.php\/wp-json\/wp\/v2\/media\/2029"}],"wp:attachment":[{"href":"https:\/\/presses-universitaires.parisnanterre.fr\/index.php\/wp-json\/wp\/v2\/media?parent=2028"}],"wp:term":[{"taxonomy":"product_brand","embeddable":true,"href":"https:\/\/presses-universitaires.parisnanterre.fr\/index.php\/wp-json\/wp\/v2\/product_brand?post=2028"},{"taxonomy":"product_cat","embeddable":true,"href":"https:\/\/presses-universitaires.parisnanterre.fr\/index.php\/wp-json\/wp\/v2\/product_cat?post=2028"},{"taxonomy":"product_tag","embeddable":true,"href":"https:\/\/presses-universitaires.parisnanterre.fr\/index.php\/wp-json\/wp\/v2\/product_tag?post=2028"}],"curies":[{"name":"wp","href":"https:\/\/api.w.org\/{rel}","templated":true}]}}