{"id":199,"date":"2014-02-24T15:16:38","date_gmt":"2014-02-24T15:16:38","guid":{"rendered":"https:\/\/presses-universitaires.parisnanterre.fr\/?post_type=product&#038;p=199"},"modified":"2025-12-16T14:51:23","modified_gmt":"2025-12-16T14:51:23","slug":"la-mesologie-pourquoi-et-pour-quoi-faire","status":"publish","type":"product","link":"https:\/\/presses-universitaires.parisnanterre.fr\/index.php\/produit\/la-mesologie-pourquoi-et-pour-quoi-faire\/","title":{"rendered":"La m\u00e9sologie, pourquoi et pour quoi faire ?"},"content":{"rendered":"","protected":false},"excerpt":{"rendered":"<ul>\n<li>Augustin Berque<\/li>\n<li>Langue : Fran\u00e7ais<\/li>\n<li>78 Pages<\/li>\n<li>ISBN : 978-2-84016-188-2<\/li>\n<li>Date de publication : 2014<\/li>\n<\/ul>\n","protected":false},"featured_media":263,"comment_status":"closed","ping_status":"closed","template":"","meta":{"_kad_blocks_custom_css":"","_kad_blocks_head_custom_js":"","_kad_blocks_body_custom_js":"","_kad_blocks_footer_custom_js":"","_kadence_starter_templates_imported_post":false,"_kad_post_transparent":"default","_kad_post_title":"","_kad_post_layout":"default","_kad_post_sidebar_id":"","_kad_post_content_style":"default","_kad_post_vertical_padding":"default","_kad_post_feature":"","_kad_post_feature_position":"","_kad_post_header":false,"_kad_post_footer":false,"_kad_post_classname":""},"product_brand":[],"product_cat":[397,440,442,405],"product_tag":[385],"class_list":{"0":"post-199","1":"product","2":"type-product","3":"status-publish","4":"has-post-thumbnail","6":"product_cat-croisements-disciplinaires","7":"product_cat-mesologie","8":"product_cat-phenomenologie","9":"product_cat-philosophie","10":"product_tag-essais-et-conferences","12":"first","13":"instock","14":"taxable","15":"shipping-taxable","16":"purchasable","17":"product-type-simple","18":"entry","19":"content-bg","20":"loop-entry"},"taxonomy_info":{"product_cat":[{"value":397,"label":"Croisements disciplinaires"},{"value":440,"label":"M\u00e9sologie"},{"value":442,"label":"Ph\u00e9nom\u00e9nologie"},{"value":405,"label":"Philosophie"}],"product_tag":[{"value":385,"label":"Essais et conf\u00e9rences"}]},"featured_image_src_large":["https:\/\/presses-universitaires.parisnanterre.fr\/wp-content\/uploads\/2021\/02\/CouvMe\u0301sologie-602x1024.png",602,1024,true],"author_info":[],"comment_info":0,"_links":{"self":[{"href":"https:\/\/presses-universitaires.parisnanterre.fr\/index.php\/wp-json\/wp\/v2\/product\/199","targetHints":{"allow":["GET"]}}],"collection":[{"href":"https:\/\/presses-universitaires.parisnanterre.fr\/index.php\/wp-json\/wp\/v2\/product"}],"about":[{"href":"https:\/\/presses-universitaires.parisnanterre.fr\/index.php\/wp-json\/wp\/v2\/types\/product"}],"replies":[{"embeddable":true,"href":"https:\/\/presses-universitaires.parisnanterre.fr\/index.php\/wp-json\/wp\/v2\/comments?post=199"}],"wp:featuredmedia":[{"embeddable":true,"href":"https:\/\/presses-universitaires.parisnanterre.fr\/index.php\/wp-json\/wp\/v2\/media\/263"}],"wp:attachment":[{"href":"https:\/\/presses-universitaires.parisnanterre.fr\/index.php\/wp-json\/wp\/v2\/media?parent=199"}],"wp:term":[{"taxonomy":"product_brand","embeddable":true,"href":"https:\/\/presses-universitaires.parisnanterre.fr\/index.php\/wp-json\/wp\/v2\/product_brand?post=199"},{"taxonomy":"product_cat","embeddable":true,"href":"https:\/\/presses-universitaires.parisnanterre.fr\/index.php\/wp-json\/wp\/v2\/product_cat?post=199"},{"taxonomy":"product_tag","embeddable":true,"href":"https:\/\/presses-universitaires.parisnanterre.fr\/index.php\/wp-json\/wp\/v2\/product_tag?post=199"}],"curies":[{"name":"wp","href":"https:\/\/api.w.org\/{rel}","templated":true}]}}