{"id":1963,"date":"2022-02-14T10:15:57","date_gmt":"2022-02-14T10:15:57","guid":{"rendered":"https:\/\/presses-universitaires.parisnanterre.fr\/?post_type=product&#038;p=1963"},"modified":"2023-12-05T21:26:15","modified_gmt":"2023-12-05T21:26:15","slug":"juvenalia-ecrits-de-jeunesse-de-gustave-flaubert","status":"publish","type":"product","link":"https:\/\/presses-universitaires.parisnanterre.fr\/index.php\/produit\/juvenalia-ecrits-de-jeunesse-de-gustave-flaubert\/","title":{"rendered":"<em>Juvenalia<\/em>. \u00c9crits de jeunesse de Gustave Flaubert"},"content":{"rendered":"","protected":false},"excerpt":{"rendered":"<p><em>Agonies<\/em>, <em>Souvenirs notes et pens\u00e9es intimes<\/em>, <em>Les M\u00e9moires d&rsquo;un fou<\/em>, <em>Novembre<\/em><\/p>\n<ul>\n<li>Textes choisis, \u00e9tablis et pr\u00e9sent\u00e9s par Alain Vaillant<\/li>\n<li>Illustrations de Fredde Rotbart<\/li>\n<li>Langue : fran\u00e7ais<\/li>\n<li>244 pages<\/li>\n<li>ISBN : 978-2-84016-490-6<\/li>\n<li>Date de parution : mars 2022<\/li>\n<\/ul>\n","protected":false},"featured_media":1964,"comment_status":"closed","ping_status":"closed","template":"","meta":{"_kad_blocks_custom_css":"","_kad_blocks_head_custom_js":"","_kad_blocks_body_custom_js":"","_kad_blocks_footer_custom_js":"","_kadence_starter_templates_imported_post":false,"_kad_post_transparent":"default","_kad_post_title":"","_kad_post_layout":"default","_kad_post_sidebar_id":"","_kad_post_content_style":"default","_kad_post_vertical_padding":"default","_kad_post_feature":"","_kad_post_feature_position":"","_kad_post_header":false,"_kad_post_footer":false,"_kad_post_classname":""},"product_brand":[],"product_cat":[401,436,403,457,461],"product_tag":[469],"class_list":{"0":"post-1963","1":"product","2":"type-product","3":"status-publish","4":"has-post-thumbnail","6":"product_cat-humanites-classiques-disciplines","7":"product_cat-litterature-francaise","8":"product_cat-litteratures","9":"product_cat-texte","10":"product_cat-xixe-siecle","11":"product_tag-hors-collection","13":"first","14":"instock","15":"taxable","16":"shipping-taxable","17":"purchasable","18":"product-type-simple","19":"entry","20":"content-bg","21":"loop-entry"},"taxonomy_info":{"product_cat":[{"value":401,"label":"Humanit\u00e9s classiques"},{"value":436,"label":"Litt\u00e9rature fran\u00e7aise"},{"value":403,"label":"Litt\u00e9ratures"},{"value":457,"label":"Texte"},{"value":461,"label":"XIXe si\u00e8cle"}],"product_tag":[{"value":469,"label":"Hors collection"}]},"featured_image_src_large":["https:\/\/presses-universitaires.parisnanterre.fr\/wp-content\/uploads\/2021\/02\/CouvJuvenalia-Def-864x1024.jpg",864,1024,true],"author_info":[],"comment_info":0,"_links":{"self":[{"href":"https:\/\/presses-universitaires.parisnanterre.fr\/index.php\/wp-json\/wp\/v2\/product\/1963","targetHints":{"allow":["GET"]}}],"collection":[{"href":"https:\/\/presses-universitaires.parisnanterre.fr\/index.php\/wp-json\/wp\/v2\/product"}],"about":[{"href":"https:\/\/presses-universitaires.parisnanterre.fr\/index.php\/wp-json\/wp\/v2\/types\/product"}],"replies":[{"embeddable":true,"href":"https:\/\/presses-universitaires.parisnanterre.fr\/index.php\/wp-json\/wp\/v2\/comments?post=1963"}],"wp:featuredmedia":[{"embeddable":true,"href":"https:\/\/presses-universitaires.parisnanterre.fr\/index.php\/wp-json\/wp\/v2\/media\/1964"}],"wp:attachment":[{"href":"https:\/\/presses-universitaires.parisnanterre.fr\/index.php\/wp-json\/wp\/v2\/media?parent=1963"}],"wp:term":[{"taxonomy":"product_brand","embeddable":true,"href":"https:\/\/presses-universitaires.parisnanterre.fr\/index.php\/wp-json\/wp\/v2\/product_brand?post=1963"},{"taxonomy":"product_cat","embeddable":true,"href":"https:\/\/presses-universitaires.parisnanterre.fr\/index.php\/wp-json\/wp\/v2\/product_cat?post=1963"},{"taxonomy":"product_tag","embeddable":true,"href":"https:\/\/presses-universitaires.parisnanterre.fr\/index.php\/wp-json\/wp\/v2\/product_tag?post=1963"}],"curies":[{"name":"wp","href":"https:\/\/api.w.org\/{rel}","templated":true}]}}