{"id":1912,"date":"2017-01-26T14:58:30","date_gmt":"2017-01-26T14:58:30","guid":{"rendered":"https:\/\/presses-universitaires.parisnanterre.fr\/?post_type=product&#038;p=1912"},"modified":"2023-10-16T21:04:58","modified_gmt":"2023-10-16T21:04:58","slug":"masques-en-parade-ethnicite-et-enjeux-de-pouvoir-dans-le-sud-ouest-de-la-chine","status":"publish","type":"product","link":"https:\/\/presses-universitaires.parisnanterre.fr\/index.php\/produit\/masques-en-parade-ethnicite-et-enjeux-de-pouvoir-dans-le-sud-ouest-de-la-chine\/","title":{"rendered":"Masques en parade. Ethnicit\u00e9 et enjeux de pouvoir dans le Sud-Ouest de la Chine"},"content":{"rendered":"","protected":false},"excerpt":{"rendered":"<ul>\n<li>Sylvie Beaud<\/li>\n<li>Langue : fran\u00e7ais<\/li>\n<li>522 pages<\/li>\n<li>ISBN : 978-2-84016-256-8<\/li>\n<li>Date de parution : 2017<\/li>\n<\/ul>\n","protected":false},"featured_media":1913,"comment_status":"closed","ping_status":"closed","template":"","meta":{"_kad_blocks_custom_css":"","_kad_blocks_head_custom_js":"","_kad_blocks_body_custom_js":"","_kad_blocks_footer_custom_js":"","_kadence_starter_templates_imported_post":false,"_kad_post_transparent":"default","_kad_post_title":"","_kad_post_layout":"default","_kad_post_sidebar_id":"","_kad_post_content_style":"default","_kad_post_vertical_padding":"default","_kad_post_feature":"","_kad_post_feature_position":"","_kad_post_header":false,"_kad_post_footer":false,"_kad_post_classname":""},"product_brand":[],"product_cat":[394,396,400],"product_tag":[492],"class_list":{"0":"post-1912","1":"product","2":"type-product","3":"status-publish","4":"has-post-thumbnail","6":"product_cat-anthropologie-ethnologie","7":"product_cat-civilisations-et-cultures-etrangeres","8":"product_cat-histoire","9":"product_tag-societes-humaines-dans-lhistoire","11":"first","12":"instock","13":"taxable","14":"shipping-taxable","15":"purchasable","16":"product-type-simple","17":"entry","18":"content-bg","19":"loop-entry"},"taxonomy_info":{"product_cat":[{"value":394,"label":"Anthropologie, ethnologie"},{"value":396,"label":"Civilisations et cultures \u00e9trang\u00e8res"},{"value":400,"label":"Histoire"}],"product_tag":[{"value":492,"label":"Soci\u00e9t\u00e9s humaines dans l'histoire"}]},"featured_image_src_large":["https:\/\/presses-universitaires.parisnanterre.fr\/wp-content\/uploads\/2022\/01\/Masques_en_parade.jpg",690,1000,false],"author_info":[],"comment_info":0,"_links":{"self":[{"href":"https:\/\/presses-universitaires.parisnanterre.fr\/index.php\/wp-json\/wp\/v2\/product\/1912","targetHints":{"allow":["GET"]}}],"collection":[{"href":"https:\/\/presses-universitaires.parisnanterre.fr\/index.php\/wp-json\/wp\/v2\/product"}],"about":[{"href":"https:\/\/presses-universitaires.parisnanterre.fr\/index.php\/wp-json\/wp\/v2\/types\/product"}],"replies":[{"embeddable":true,"href":"https:\/\/presses-universitaires.parisnanterre.fr\/index.php\/wp-json\/wp\/v2\/comments?post=1912"}],"wp:featuredmedia":[{"embeddable":true,"href":"https:\/\/presses-universitaires.parisnanterre.fr\/index.php\/wp-json\/wp\/v2\/media\/1913"}],"wp:attachment":[{"href":"https:\/\/presses-universitaires.parisnanterre.fr\/index.php\/wp-json\/wp\/v2\/media?parent=1912"}],"wp:term":[{"taxonomy":"product_brand","embeddable":true,"href":"https:\/\/presses-universitaires.parisnanterre.fr\/index.php\/wp-json\/wp\/v2\/product_brand?post=1912"},{"taxonomy":"product_cat","embeddable":true,"href":"https:\/\/presses-universitaires.parisnanterre.fr\/index.php\/wp-json\/wp\/v2\/product_cat?post=1912"},{"taxonomy":"product_tag","embeddable":true,"href":"https:\/\/presses-universitaires.parisnanterre.fr\/index.php\/wp-json\/wp\/v2\/product_tag?post=1912"}],"curies":[{"name":"wp","href":"https:\/\/api.w.org\/{rel}","templated":true}]}}