{"id":1910,"date":"2007-01-26T14:48:23","date_gmt":"2007-01-26T14:48:23","guid":{"rendered":"https:\/\/presses-universitaires.parisnanterre.fr\/?post_type=product&#038;p=1910"},"modified":"2022-01-26T14:53:22","modified_gmt":"2022-01-26T14:53:22","slug":"narrativa-n29-2007-letteratura-e-politica-nellitalia-degli-anni-2000","status":"publish","type":"product","link":"https:\/\/presses-universitaires.parisnanterre.fr\/index.php\/produit\/narrativa-n29-2007-letteratura-e-politica-nellitalia-degli-anni-2000\/","title":{"rendered":"Narrativa n\u00b029\/2007. Letteratura e politica nell&rsquo;Italia degli anni 2000"},"content":{"rendered":"","protected":false},"excerpt":{"rendered":"<ul>\n<li>Sylvia Contarini (dir.)<\/li>\n<li>Langue : italien<\/li>\n<li>300 pages<\/li>\n<li>ISBN : 978-2-84016-019-9<\/li>\n<li>Date de parution : 2007<\/li>\n<\/ul>\n","protected":false},"featured_media":1911,"comment_status":"closed","ping_status":"closed","template":"","meta":{"_kad_blocks_custom_css":"","_kad_blocks_head_custom_js":"","_kad_blocks_body_custom_js":"","_kad_blocks_footer_custom_js":"","_kadence_starter_templates_imported_post":false,"_kad_post_transparent":"default","_kad_post_title":"","_kad_post_layout":"default","_kad_post_sidebar_id":"","_kad_post_content_style":"default","_kad_post_vertical_padding":"default","_kad_post_feature":"","_kad_post_feature_position":"","_kad_post_header":false,"_kad_post_footer":false,"_kad_post_classname":""},"product_brand":[],"product_cat":[396,397,431,434,437,445],"product_tag":[485],"class_list":{"0":"post-1910","1":"product","2":"type-product","3":"status-publish","4":"has-post-thumbnail","6":"product_cat-civilisations-et-cultures-etrangeres","7":"product_cat-croisements-disciplinaires","8":"product_cat-italie","9":"product_cat-litterature","10":"product_cat-litterature-italienne","11":"product_cat-politique","12":"product_tag-narrativa","14":"first","15":"outofstock","16":"taxable","17":"shipping-taxable","18":"purchasable","19":"product-type-simple","20":"entry","21":"content-bg","22":"loop-entry"},"taxonomy_info":{"product_cat":[{"value":396,"label":"Civilisations et cultures \u00e9trang\u00e8res"},{"value":397,"label":"Croisements disciplinaires"},{"value":431,"label":"Italie"},{"value":434,"label":"Litt\u00e9rature"},{"value":437,"label":"Litt\u00e9rature italienne"},{"value":445,"label":"Politique"}],"product_tag":[{"value":485,"label":"Narrativa (revue)"}]},"featured_image_src_large":["https:\/\/presses-universitaires.parisnanterre.fr\/wp-content\/uploads\/2022\/01\/narrativa29.jpg",333,475,false],"author_info":[],"comment_info":0,"_links":{"self":[{"href":"https:\/\/presses-universitaires.parisnanterre.fr\/index.php\/wp-json\/wp\/v2\/product\/1910","targetHints":{"allow":["GET"]}}],"collection":[{"href":"https:\/\/presses-universitaires.parisnanterre.fr\/index.php\/wp-json\/wp\/v2\/product"}],"about":[{"href":"https:\/\/presses-universitaires.parisnanterre.fr\/index.php\/wp-json\/wp\/v2\/types\/product"}],"replies":[{"embeddable":true,"href":"https:\/\/presses-universitaires.parisnanterre.fr\/index.php\/wp-json\/wp\/v2\/comments?post=1910"}],"wp:featuredmedia":[{"embeddable":true,"href":"https:\/\/presses-universitaires.parisnanterre.fr\/index.php\/wp-json\/wp\/v2\/media\/1911"}],"wp:attachment":[{"href":"https:\/\/presses-universitaires.parisnanterre.fr\/index.php\/wp-json\/wp\/v2\/media?parent=1910"}],"wp:term":[{"taxonomy":"product_brand","embeddable":true,"href":"https:\/\/presses-universitaires.parisnanterre.fr\/index.php\/wp-json\/wp\/v2\/product_brand?post=1910"},{"taxonomy":"product_cat","embeddable":true,"href":"https:\/\/presses-universitaires.parisnanterre.fr\/index.php\/wp-json\/wp\/v2\/product_cat?post=1910"},{"taxonomy":"product_tag","embeddable":true,"href":"https:\/\/presses-universitaires.parisnanterre.fr\/index.php\/wp-json\/wp\/v2\/product_tag?post=1910"}],"curies":[{"name":"wp","href":"https:\/\/api.w.org\/{rel}","templated":true}]}}