{"id":1907,"date":"2012-01-26T14:32:48","date_gmt":"2012-01-26T14:32:48","guid":{"rendered":"https:\/\/presses-universitaires.parisnanterre.fr\/?post_type=product&#038;p=1907"},"modified":"2022-10-05T07:54:45","modified_gmt":"2022-10-05T07:54:45","slug":"narrativa-n33-34-2011-2012-coloniale-e-postcoloniale-nella-letteratura-italiana-degli-anni-2000","status":"publish","type":"product","link":"https:\/\/presses-universitaires.parisnanterre.fr\/index.php\/produit\/narrativa-n33-34-2011-2012-coloniale-e-postcoloniale-nella-letteratura-italiana-degli-anni-2000\/","title":{"rendered":"Narrativa n\u00b033\/34-2011\/2012. Coloniale e Postcoloniale nella letteratura italiana degli anni 2000"},"content":{"rendered":"","protected":false},"excerpt":{"rendered":"<ul>\n<li>Silvia Contarini, Giuliana Pias et Lucia Quaquarelli (dir.)<\/li>\n<li>Langue : italien<\/li>\n<li>430 pages<\/li>\n<li>ISBN : 978-2-84016-128-8<\/li>\n<li>Date de parution : 2012<\/li>\n<\/ul>\n","protected":false},"featured_media":1908,"comment_status":"closed","ping_status":"closed","template":"","meta":{"_kad_blocks_custom_css":"","_kad_blocks_head_custom_js":"","_kad_blocks_body_custom_js":"","_kad_blocks_footer_custom_js":"","_kadence_starter_templates_imported_post":false,"_kad_post_transparent":"default","_kad_post_title":"","_kad_post_layout":"default","_kad_post_sidebar_id":"","_kad_post_content_style":"default","_kad_post_vertical_padding":"default","_kad_post_feature":"","_kad_post_feature_position":"","_kad_post_header":false,"_kad_post_footer":false,"_kad_post_classname":""},"product_brand":[],"product_cat":[396,415,431,432,434,437,403],"product_tag":[485],"class_list":{"0":"post-1907","1":"product","2":"type-product","3":"status-publish","4":"has-post-thumbnail","6":"product_cat-civilisations-et-cultures-etrangeres","7":"product_cat-colonisation","8":"product_cat-italie","9":"product_cat-langue","10":"product_cat-litterature","11":"product_cat-litterature-italienne","12":"product_cat-litteratures","13":"product_tag-narrativa","15":"first","16":"outofstock","17":"taxable","18":"shipping-taxable","19":"purchasable","20":"product-type-simple","21":"entry","22":"content-bg","23":"loop-entry"},"taxonomy_info":{"product_cat":[{"value":396,"label":"Civilisations et cultures \u00e9trang\u00e8res"},{"value":415,"label":"Colonisation"},{"value":431,"label":"Italie"},{"value":432,"label":"Langue"},{"value":434,"label":"Litt\u00e9rature"},{"value":437,"label":"Litt\u00e9rature italienne"},{"value":403,"label":"Litt\u00e9ratures"}],"product_tag":[{"value":485,"label":"Narrativa (revue)"}]},"featured_image_src_large":["https:\/\/presses-universitaires.parisnanterre.fr\/wp-content\/uploads\/2022\/01\/Narrativa33_34.jpg",340,475,false],"author_info":[],"comment_info":0,"_links":{"self":[{"href":"https:\/\/presses-universitaires.parisnanterre.fr\/index.php\/wp-json\/wp\/v2\/product\/1907","targetHints":{"allow":["GET"]}}],"collection":[{"href":"https:\/\/presses-universitaires.parisnanterre.fr\/index.php\/wp-json\/wp\/v2\/product"}],"about":[{"href":"https:\/\/presses-universitaires.parisnanterre.fr\/index.php\/wp-json\/wp\/v2\/types\/product"}],"replies":[{"embeddable":true,"href":"https:\/\/presses-universitaires.parisnanterre.fr\/index.php\/wp-json\/wp\/v2\/comments?post=1907"}],"wp:featuredmedia":[{"embeddable":true,"href":"https:\/\/presses-universitaires.parisnanterre.fr\/index.php\/wp-json\/wp\/v2\/media\/1908"}],"wp:attachment":[{"href":"https:\/\/presses-universitaires.parisnanterre.fr\/index.php\/wp-json\/wp\/v2\/media?parent=1907"}],"wp:term":[{"taxonomy":"product_brand","embeddable":true,"href":"https:\/\/presses-universitaires.parisnanterre.fr\/index.php\/wp-json\/wp\/v2\/product_brand?post=1907"},{"taxonomy":"product_cat","embeddable":true,"href":"https:\/\/presses-universitaires.parisnanterre.fr\/index.php\/wp-json\/wp\/v2\/product_cat?post=1907"},{"taxonomy":"product_tag","embeddable":true,"href":"https:\/\/presses-universitaires.parisnanterre.fr\/index.php\/wp-json\/wp\/v2\/product_tag?post=1907"}],"curies":[{"name":"wp","href":"https:\/\/api.w.org\/{rel}","templated":true}]}}