{"id":1899,"date":"2013-01-26T13:55:31","date_gmt":"2013-01-26T13:55:31","guid":{"rendered":"https:\/\/presses-universitaires.parisnanterre.fr\/?post_type=product&#038;p=1899"},"modified":"2025-01-15T09:08:39","modified_gmt":"2025-01-15T09:08:39","slug":"la-mondialisation-stade-supreme-du-capitalisme-en-hommage-a-charles-albert-michalet","status":"publish","type":"product","link":"https:\/\/presses-universitaires.parisnanterre.fr\/index.php\/produit\/la-mondialisation-stade-supreme-du-capitalisme-en-hommage-a-charles-albert-michalet\/","title":{"rendered":"La mondialisation, stade supr\u00eame du capitalisme ? En hommage \u00e0 Charles-Albert Michalet"},"content":{"rendered":"","protected":false},"excerpt":{"rendered":"<ul>\n<li>Wladimir Andreff (dir.)<\/li>\n<li>Langue : fran\u00e7ais<\/li>\n<li>408 pages<\/li>\n<li>ISBN : 978-2-84016-118-9<\/li>\n<li>Date de parution : 2013<\/li>\n<\/ul>\n","protected":false},"featured_media":1900,"comment_status":"closed","ping_status":"closed","template":"","meta":{"_kad_blocks_custom_css":"","_kad_blocks_head_custom_js":"","_kad_blocks_body_custom_js":"","_kad_blocks_footer_custom_js":"","_kadence_starter_templates_imported_post":false,"_kad_post_transparent":"default","_kad_post_title":"","_kad_post_layout":"default","_kad_post_sidebar_id":"","_kad_post_content_style":"default","_kad_post_vertical_padding":"default","_kad_post_feature":"","_kad_post_feature_position":"","_kad_post_header":false,"_kad_post_footer":false,"_kad_post_classname":""},"product_brand":[],"product_cat":[416,398,417,399,426,400,459],"product_tag":[469],"class_list":{"0":"post-1899","1":"product","2":"type-product","3":"status-publish","4":"has-post-thumbnail","6":"product_cat-droit","7":"product_cat-droit-economie-sciences-politiques","8":"product_cat-economie","9":"product_cat-geographie","10":"product_cat-geopolitique","11":"product_cat-histoire","12":"product_cat-travail","13":"product_tag-hors-collection","15":"first","16":"outofstock","17":"taxable","18":"shipping-taxable","19":"purchasable","20":"product-type-simple","21":"entry","22":"content-bg","23":"loop-entry"},"taxonomy_info":{"product_cat":[{"value":416,"label":"Droit"},{"value":398,"label":"Droit, \u00e9conomie, sciences politiques"},{"value":417,"label":"\u00c9conomie"},{"value":399,"label":"G\u00e9ographie"},{"value":426,"label":"G\u00e9opolitique"},{"value":400,"label":"Histoire"},{"value":459,"label":"Travail"}],"product_tag":[{"value":469,"label":"Hors collection"}]},"featured_image_src_large":["https:\/\/presses-universitaires.parisnanterre.fr\/wp-content\/uploads\/2022\/01\/mondialisation_capitalisme.jpg",310,475,false],"author_info":[],"comment_info":0,"_links":{"self":[{"href":"https:\/\/presses-universitaires.parisnanterre.fr\/index.php\/wp-json\/wp\/v2\/product\/1899","targetHints":{"allow":["GET"]}}],"collection":[{"href":"https:\/\/presses-universitaires.parisnanterre.fr\/index.php\/wp-json\/wp\/v2\/product"}],"about":[{"href":"https:\/\/presses-universitaires.parisnanterre.fr\/index.php\/wp-json\/wp\/v2\/types\/product"}],"replies":[{"embeddable":true,"href":"https:\/\/presses-universitaires.parisnanterre.fr\/index.php\/wp-json\/wp\/v2\/comments?post=1899"}],"wp:featuredmedia":[{"embeddable":true,"href":"https:\/\/presses-universitaires.parisnanterre.fr\/index.php\/wp-json\/wp\/v2\/media\/1900"}],"wp:attachment":[{"href":"https:\/\/presses-universitaires.parisnanterre.fr\/index.php\/wp-json\/wp\/v2\/media?parent=1899"}],"wp:term":[{"taxonomy":"product_brand","embeddable":true,"href":"https:\/\/presses-universitaires.parisnanterre.fr\/index.php\/wp-json\/wp\/v2\/product_brand?post=1899"},{"taxonomy":"product_cat","embeddable":true,"href":"https:\/\/presses-universitaires.parisnanterre.fr\/index.php\/wp-json\/wp\/v2\/product_cat?post=1899"},{"taxonomy":"product_tag","embeddable":true,"href":"https:\/\/presses-universitaires.parisnanterre.fr\/index.php\/wp-json\/wp\/v2\/product_tag?post=1899"}],"curies":[{"name":"wp","href":"https:\/\/api.w.org\/{rel}","templated":true}]}}