{"id":189,"date":"2019-02-23T18:03:13","date_gmt":"2019-02-23T18:03:13","guid":{"rendered":"https:\/\/presses-universitaires.parisnanterre.fr\/?post_type=product&#038;p=189"},"modified":"2025-05-22T09:49:19","modified_gmt":"2025-05-22T09:49:19","slug":"vie-bonne-vulnerabilite-communs-schemes-anciens-et-usages-contemporains","status":"publish","type":"product","link":"https:\/\/presses-universitaires.parisnanterre.fr\/index.php\/produit\/vie-bonne-vulnerabilite-communs-schemes-anciens-et-usages-contemporains\/","title":{"rendered":"Vie bonne, vuln\u00e9rabilit\u00e9, commun(s), sch\u00e8mes anciens et usages contemporains"},"content":{"rendered":"","protected":false},"excerpt":{"rendered":"<ul>\n<li>Sandrine Alexandre, Haud Gu\u00e9guen et Olivier Renaut (dir.)<\/li>\n<li>Langue fran\u00e7aise<\/li>\n<li>186 pages<\/li>\n<li>ISBN : 978-2-84016-334-9<\/li>\n<li>Date de publication : 2019<\/li>\n<\/ul>\n","protected":false},"featured_media":271,"comment_status":"closed","ping_status":"closed","template":"","meta":{"_kad_blocks_custom_css":"","_kad_blocks_head_custom_js":"","_kad_blocks_body_custom_js":"","_kad_blocks_footer_custom_js":"","_kadence_starter_templates_imported_post":false,"_kad_post_transparent":"default","_kad_post_title":"","_kad_post_layout":"default","_kad_post_sidebar_id":"","_kad_post_content_style":"default","_kad_post_vertical_padding":"default","_kad_post_feature":"","_kad_post_feature_position":"","_kad_post_header":false,"_kad_post_footer":false,"_kad_post_classname":""},"product_brand":[],"product_cat":[423,401,405],"product_tag":[374],"class_list":{"0":"post-189","1":"product","2":"type-product","3":"status-publish","4":"has-post-thumbnail","6":"product_cat-ethique","7":"product_cat-humanites-classiques-disciplines","8":"product_cat-philosophie","9":"product_tag-au-detour-des-anciens","11":"first","12":"instock","13":"taxable","14":"shipping-taxable","15":"purchasable","16":"product-type-simple","17":"entry","18":"content-bg","19":"loop-entry"},"taxonomy_info":{"product_cat":[{"value":423,"label":"\u00c9thique"},{"value":401,"label":"Humanit\u00e9s classiques"},{"value":405,"label":"Philosophie"}],"product_tag":[{"value":374,"label":"Au d\u00e9tour des anciens"}]},"featured_image_src_large":["https:\/\/presses-universitaires.parisnanterre.fr\/wp-content\/uploads\/2021\/02\/Couv-vie-bonne-702x1024.png",702,1024,true],"author_info":[],"comment_info":0,"_links":{"self":[{"href":"https:\/\/presses-universitaires.parisnanterre.fr\/index.php\/wp-json\/wp\/v2\/product\/189","targetHints":{"allow":["GET"]}}],"collection":[{"href":"https:\/\/presses-universitaires.parisnanterre.fr\/index.php\/wp-json\/wp\/v2\/product"}],"about":[{"href":"https:\/\/presses-universitaires.parisnanterre.fr\/index.php\/wp-json\/wp\/v2\/types\/product"}],"replies":[{"embeddable":true,"href":"https:\/\/presses-universitaires.parisnanterre.fr\/index.php\/wp-json\/wp\/v2\/comments?post=189"}],"wp:featuredmedia":[{"embeddable":true,"href":"https:\/\/presses-universitaires.parisnanterre.fr\/index.php\/wp-json\/wp\/v2\/media\/271"}],"wp:attachment":[{"href":"https:\/\/presses-universitaires.parisnanterre.fr\/index.php\/wp-json\/wp\/v2\/media?parent=189"}],"wp:term":[{"taxonomy":"product_brand","embeddable":true,"href":"https:\/\/presses-universitaires.parisnanterre.fr\/index.php\/wp-json\/wp\/v2\/product_brand?post=189"},{"taxonomy":"product_cat","embeddable":true,"href":"https:\/\/presses-universitaires.parisnanterre.fr\/index.php\/wp-json\/wp\/v2\/product_cat?post=189"},{"taxonomy":"product_tag","embeddable":true,"href":"https:\/\/presses-universitaires.parisnanterre.fr\/index.php\/wp-json\/wp\/v2\/product_tag?post=189"}],"curies":[{"name":"wp","href":"https:\/\/api.w.org\/{rel}","templated":true}]}}