{"id":1883,"date":"2017-01-26T11:52:49","date_gmt":"2017-01-26T11:52:49","guid":{"rendered":"https:\/\/presses-universitaires.parisnanterre.fr\/?post_type=product&#038;p=1883"},"modified":"2025-01-10T14:41:56","modified_gmt":"2025-01-10T14:41:56","slug":"leducation-de-lecolier-sourd-histoire-dune-orthopedie-1822-a-1910-de-lart-de-prevenir-et-de-corriger-les-difformites-du-corps-a-celui-de-faire-parler-et-entendre","status":"publish","type":"product","link":"https:\/\/presses-universitaires.parisnanterre.fr\/index.php\/produit\/leducation-de-lecolier-sourd-histoire-dune-orthopedie-1822-a-1910-de-lart-de-prevenir-et-de-corriger-les-difformites-du-corps-a-celui-de-faire-parler-et-entendre\/","title":{"rendered":"L&rsquo;\u00e9ducation de l&rsquo;\u00e9colier sourd histoire d&rsquo;une orthop\u00e9die &#8211; 1822 \u00e0 1910. De l&rsquo;art de pr\u00e9venir et de corriger les difformit\u00e9s du corps \u00e0 celui de faire parler et entendre"},"content":{"rendered":"","protected":false},"excerpt":{"rendered":"<ul>\n<li>Didier S\u00e9guillon<\/li>\n<li>Langue : fran\u00e7ais<\/li>\n<li>366 pages<\/li>\n<li>ISBN : 978-2-84016-271-1<\/li>\n<li>Date de parution : 2017<\/li>\n<\/ul>\n","protected":false},"featured_media":1884,"comment_status":"closed","ping_status":"closed","template":"","meta":{"_kad_blocks_custom_css":"","_kad_blocks_head_custom_js":"","_kad_blocks_body_custom_js":"","_kad_blocks_footer_custom_js":"","_kadence_starter_templates_imported_post":false,"_kad_post_transparent":"default","_kad_post_title":"","_kad_post_layout":"default","_kad_post_sidebar_id":"","_kad_post_content_style":"default","_kad_post_vertical_padding":"default","_kad_post_feature":"","_kad_post_feature_position":"","_kad_post_header":false,"_kad_post_footer":false,"_kad_post_classname":""},"product_brand":[],"product_cat":[394,520,397,427,407,455],"product_tag":[379],"class_list":{"0":"post-1883","1":"product","2":"type-product","3":"status-publish","4":"has-post-thumbnail","6":"product_cat-anthropologie-ethnologie","7":"product_cat-cognition","8":"product_cat-croisements-disciplinaires","9":"product_cat-handicap","10":"product_cat-sociologie-sciences-sociales","11":"product_cat-sport","12":"product_tag-collection-de-linsei","14":"first","15":"instock","16":"taxable","17":"shipping-taxable","18":"purchasable","19":"product-type-simple","20":"entry","21":"content-bg","22":"loop-entry"},"taxonomy_info":{"product_cat":[{"value":394,"label":"Anthropologie, ethnologie"},{"value":520,"label":"Cognition"},{"value":397,"label":"Croisements disciplinaires"},{"value":427,"label":"Handicap"},{"value":407,"label":"Sociologie, Sciences sociales"},{"value":455,"label":"Sport"}],"product_tag":[{"value":379,"label":"Collection de l'INSEI"}]},"featured_image_src_large":["https:\/\/presses-universitaires.parisnanterre.fr\/wp-content\/uploads\/2017\/01\/ecoliersourd.jpg",757,1000,false],"author_info":[],"comment_info":0,"_links":{"self":[{"href":"https:\/\/presses-universitaires.parisnanterre.fr\/index.php\/wp-json\/wp\/v2\/product\/1883","targetHints":{"allow":["GET"]}}],"collection":[{"href":"https:\/\/presses-universitaires.parisnanterre.fr\/index.php\/wp-json\/wp\/v2\/product"}],"about":[{"href":"https:\/\/presses-universitaires.parisnanterre.fr\/index.php\/wp-json\/wp\/v2\/types\/product"}],"replies":[{"embeddable":true,"href":"https:\/\/presses-universitaires.parisnanterre.fr\/index.php\/wp-json\/wp\/v2\/comments?post=1883"}],"wp:featuredmedia":[{"embeddable":true,"href":"https:\/\/presses-universitaires.parisnanterre.fr\/index.php\/wp-json\/wp\/v2\/media\/1884"}],"wp:attachment":[{"href":"https:\/\/presses-universitaires.parisnanterre.fr\/index.php\/wp-json\/wp\/v2\/media?parent=1883"}],"wp:term":[{"taxonomy":"product_brand","embeddable":true,"href":"https:\/\/presses-universitaires.parisnanterre.fr\/index.php\/wp-json\/wp\/v2\/product_brand?post=1883"},{"taxonomy":"product_cat","embeddable":true,"href":"https:\/\/presses-universitaires.parisnanterre.fr\/index.php\/wp-json\/wp\/v2\/product_cat?post=1883"},{"taxonomy":"product_tag","embeddable":true,"href":"https:\/\/presses-universitaires.parisnanterre.fr\/index.php\/wp-json\/wp\/v2\/product_tag?post=1883"}],"curies":[{"name":"wp","href":"https:\/\/api.w.org\/{rel}","templated":true}]}}