{"id":1878,"date":"2017-01-26T11:29:21","date_gmt":"2017-01-26T11:29:21","guid":{"rendered":"https:\/\/presses-universitaires.parisnanterre.fr\/?post_type=product&#038;p=1878"},"modified":"2025-01-08T13:49:05","modified_gmt":"2025-01-08T13:49:05","slug":"construction-deconstruction-de-lalterite-dans-le-monde-anglophone","status":"publish","type":"product","link":"https:\/\/presses-universitaires.parisnanterre.fr\/index.php\/produit\/construction-deconstruction-de-lalterite-dans-le-monde-anglophone\/","title":{"rendered":"Construction \/ d\u00e9construction de l&rsquo;alt\u00e9rit\u00e9 dans le monde anglophone"},"content":{"rendered":"","protected":false},"excerpt":{"rendered":"<ul>\n<li>Fiona Fleming, Julie Loison-Charles et Herv\u00e9 Mayer (dir.)<\/li>\n<li>Langues : fran\u00e7ais, anglais<\/li>\n<li>256 pages<\/li>\n<li>ISBN : 978-2-84016-264-3<\/li>\n<li>Date de parution : 2017<\/li>\n<\/ul>\n<p>&nbsp;<\/p>\n","protected":false},"featured_media":1930,"comment_status":"closed","ping_status":"closed","template":"","meta":{"_kad_blocks_custom_css":"","_kad_blocks_head_custom_js":"","_kad_blocks_body_custom_js":"","_kad_blocks_footer_custom_js":"","_kadence_starter_templates_imported_post":false,"_kad_post_transparent":"default","_kad_post_title":"","_kad_post_layout":"default","_kad_post_sidebar_id":"","_kad_post_content_style":"default","_kad_post_vertical_padding":"default","_kad_post_feature":"","_kad_post_feature_position":"","_kad_post_header":false,"_kad_post_footer":false,"_kad_post_classname":""},"product_brand":[],"product_cat":[412,413,414,396,397,432,503,403],"product_tag":[378],"class_list":{"0":"post-1878","1":"product","2":"type-product","3":"status-publish","4":"has-post-thumbnail","6":"product_cat-arts-visuels","7":"product_cat-audiovisuels","8":"product_cat-cinema","9":"product_cat-civilisations-et-cultures-etrangeres","10":"product_cat-croisements-disciplinaires","11":"product_cat-langue","12":"product_cat-litterature-anglaise","13":"product_cat-litteratures","14":"product_tag-chemins-croises","16":"first","17":"instock","18":"taxable","19":"shipping-taxable","20":"purchasable","21":"product-type-simple","22":"entry","23":"content-bg","24":"loop-entry"},"taxonomy_info":{"product_cat":[{"value":412,"label":"Arts visuels"},{"value":413,"label":"Audiovisuels"},{"value":414,"label":"Cin\u00e9ma"},{"value":396,"label":"Civilisations et cultures \u00e9trang\u00e8res"},{"value":397,"label":"Croisements disciplinaires"},{"value":432,"label":"Langue"},{"value":503,"label":"Litt\u00e9rature anglaise"},{"value":403,"label":"Litt\u00e9ratures"}],"product_tag":[{"value":378,"label":"Chemins crois\u00e9s"}]},"featured_image_src_large":["https:\/\/presses-universitaires.parisnanterre.fr\/wp-content\/uploads\/2017\/01\/CouvAlteritesAnglophones-651x1024.jpg",651,1024,true],"author_info":[],"comment_info":0,"_links":{"self":[{"href":"https:\/\/presses-universitaires.parisnanterre.fr\/index.php\/wp-json\/wp\/v2\/product\/1878","targetHints":{"allow":["GET"]}}],"collection":[{"href":"https:\/\/presses-universitaires.parisnanterre.fr\/index.php\/wp-json\/wp\/v2\/product"}],"about":[{"href":"https:\/\/presses-universitaires.parisnanterre.fr\/index.php\/wp-json\/wp\/v2\/types\/product"}],"replies":[{"embeddable":true,"href":"https:\/\/presses-universitaires.parisnanterre.fr\/index.php\/wp-json\/wp\/v2\/comments?post=1878"}],"wp:featuredmedia":[{"embeddable":true,"href":"https:\/\/presses-universitaires.parisnanterre.fr\/index.php\/wp-json\/wp\/v2\/media\/1930"}],"wp:attachment":[{"href":"https:\/\/presses-universitaires.parisnanterre.fr\/index.php\/wp-json\/wp\/v2\/media?parent=1878"}],"wp:term":[{"taxonomy":"product_brand","embeddable":true,"href":"https:\/\/presses-universitaires.parisnanterre.fr\/index.php\/wp-json\/wp\/v2\/product_brand?post=1878"},{"taxonomy":"product_cat","embeddable":true,"href":"https:\/\/presses-universitaires.parisnanterre.fr\/index.php\/wp-json\/wp\/v2\/product_cat?post=1878"},{"taxonomy":"product_tag","embeddable":true,"href":"https:\/\/presses-universitaires.parisnanterre.fr\/index.php\/wp-json\/wp\/v2\/product_tag?post=1878"}],"curies":[{"name":"wp","href":"https:\/\/api.w.org\/{rel}","templated":true}]}}