{"id":182,"date":"2018-02-23T17:34:47","date_gmt":"2018-02-23T17:34:47","guid":{"rendered":"https:\/\/presses-universitaires.parisnanterre.fr\/?post_type=product&#038;p=182"},"modified":"2026-01-09T11:37:24","modified_gmt":"2026-01-09T11:37:24","slug":"petit-ouvrage-dhistoire-sacree-edition-bilingue-latin-francais-de-lepitome-historiae-sacrae-de-labbe-lhomond-suivie-dun-lexique-latin-francais","status":"publish","type":"product","link":"https:\/\/presses-universitaires.parisnanterre.fr\/index.php\/produit\/petit-ouvrage-dhistoire-sacree-edition-bilingue-latin-francais-de-lepitome-historiae-sacrae-de-labbe-lhomond-suivie-dun-lexique-latin-francais\/","title":{"rendered":"Petit ouvrage d\u2019histoire sacr\u00e9e, \u00e9dition bilingue (latin\/fran\u00e7ais) de l\u2019Epitome historiae sacrae de l\u2019Abb\u00e9 Lhomond suivie d\u2019un lexique latin\/fran\u00e7ais"},"content":{"rendered":"","protected":false},"excerpt":{"rendered":"<ul>\n<li>Abb\u00e9 Lhomond, \u00e9dit\u00e9 et traduit par V\u00e9ronique Merlier-Espenel<\/li>\n<li>\u00c9dition bilingue latin\/fran\u00e7ais<\/li>\n<li>176 pages<\/li>\n<li>ISBN : 978-2-84016-311-4<\/li>\n<li>Date de publication : 2018<\/li>\n<\/ul>\n","protected":false},"featured_media":274,"comment_status":"closed","ping_status":"closed","template":"","meta":{"_kad_blocks_custom_css":"","_kad_blocks_head_custom_js":"","_kad_blocks_body_custom_js":"","_kad_blocks_footer_custom_js":"","_kadence_starter_templates_imported_post":false,"_kad_post_transparent":"default","_kad_post_title":"","_kad_post_layout":"default","_kad_post_sidebar_id":"","_kad_post_content_style":"default","_kad_post_vertical_padding":"default","_kad_post_feature":"","_kad_post_feature_position":"","_kad_post_header":false,"_kad_post_footer":false,"_kad_post_classname":""},"product_brand":[],"product_cat":[401,404],"product_tag":[483],"class_list":{"0":"post-182","1":"product","2":"type-product","3":"status-publish","4":"has-post-thumbnail","6":"product_cat-humanites-classiques-disciplines","7":"product_cat-manuels-agregation","8":"product_tag-manuels","10":"first","11":"instock","12":"taxable","13":"shipping-taxable","14":"purchasable","15":"product-type-simple","16":"entry","17":"content-bg","18":"loop-entry"},"taxonomy_info":{"product_cat":[{"value":401,"label":"Humanit\u00e9s classiques"},{"value":404,"label":"Manuels \u2013 Agr\u00e9gation"}],"product_tag":[{"value":483,"label":"Manuels"}]},"featured_image_src_large":["https:\/\/presses-universitaires.parisnanterre.fr\/wp-content\/uploads\/2021\/02\/UPO_Lhomond2020_CV-735x1024.png",735,1024,true],"author_info":[],"comment_info":0,"_links":{"self":[{"href":"https:\/\/presses-universitaires.parisnanterre.fr\/index.php\/wp-json\/wp\/v2\/product\/182","targetHints":{"allow":["GET"]}}],"collection":[{"href":"https:\/\/presses-universitaires.parisnanterre.fr\/index.php\/wp-json\/wp\/v2\/product"}],"about":[{"href":"https:\/\/presses-universitaires.parisnanterre.fr\/index.php\/wp-json\/wp\/v2\/types\/product"}],"replies":[{"embeddable":true,"href":"https:\/\/presses-universitaires.parisnanterre.fr\/index.php\/wp-json\/wp\/v2\/comments?post=182"}],"wp:featuredmedia":[{"embeddable":true,"href":"https:\/\/presses-universitaires.parisnanterre.fr\/index.php\/wp-json\/wp\/v2\/media\/274"}],"wp:attachment":[{"href":"https:\/\/presses-universitaires.parisnanterre.fr\/index.php\/wp-json\/wp\/v2\/media?parent=182"}],"wp:term":[{"taxonomy":"product_brand","embeddable":true,"href":"https:\/\/presses-universitaires.parisnanterre.fr\/index.php\/wp-json\/wp\/v2\/product_brand?post=182"},{"taxonomy":"product_cat","embeddable":true,"href":"https:\/\/presses-universitaires.parisnanterre.fr\/index.php\/wp-json\/wp\/v2\/product_cat?post=182"},{"taxonomy":"product_tag","embeddable":true,"href":"https:\/\/presses-universitaires.parisnanterre.fr\/index.php\/wp-json\/wp\/v2\/product_tag?post=182"}],"curies":[{"name":"wp","href":"https:\/\/api.w.org\/{rel}","templated":true}]}}