{"id":179,"date":"2014-02-23T17:22:11","date_gmt":"2014-02-23T17:22:11","guid":{"rendered":"https:\/\/presses-universitaires.parisnanterre.fr\/?post_type=product&#038;p=179"},"modified":"2026-01-21T15:37:18","modified_gmt":"2026-01-21T15:37:18","slug":"modernites-antiques-la-litterature-occidentale-et-lantiquite-greco-romaine-dans-la-premiere-moitie-du-xxe-siecle","status":"publish","type":"product","link":"https:\/\/presses-universitaires.parisnanterre.fr\/index.php\/produit\/modernites-antiques-la-litterature-occidentale-et-lantiquite-greco-romaine-dans-la-premiere-moitie-du-xxe-siecle\/","title":{"rendered":"Modernit\u00e9s antiques, La litt\u00e9rature occidentale et l&rsquo;Antiquit\u00e9 gr\u00e9co-romaine dans la premi\u00e8re moiti\u00e9 du XXe si\u00e8cle"},"content":{"rendered":"","protected":false},"excerpt":{"rendered":"<ul>\n<li>V\u00e9ronique G\u00e9ly,\u00a0Sylvie Parizet,\u00a0Anne Tomiche (dir.)<\/li>\n<li>Langue fran\u00e7aise<\/li>\n<li>440 pages<\/li>\n<li>ISBN : 978-2-84016-175-2<\/li>\n<li>Date de publication : 2014<\/li>\n<\/ul>\n","protected":false},"featured_media":278,"comment_status":"closed","ping_status":"closed","template":"","meta":{"_kad_blocks_custom_css":"","_kad_blocks_head_custom_js":"","_kad_blocks_body_custom_js":"","_kad_blocks_footer_custom_js":"","_kadence_starter_templates_imported_post":false,"_kad_post_transparent":"default","_kad_post_title":"","_kad_post_layout":"default","_kad_post_sidebar_id":"","_kad_post_content_style":"default","_kad_post_vertical_padding":"default","_kad_post_feature":"","_kad_post_feature_position":"","_kad_post_header":false,"_kad_post_footer":false,"_kad_post_classname":""},"product_brand":[],"product_cat":[429,435,403],"product_tag":[481],"class_list":{"0":"post-179","1":"product","2":"type-product","3":"status-publish","4":"has-post-thumbnail","6":"product_cat-histoire-des-idees","7":"product_cat-litterature-comparee","8":"product_cat-litteratures","9":"product_tag-litterature-et-poetique-comparees","11":"first","12":"instock","13":"taxable","14":"shipping-taxable","15":"purchasable","16":"product-type-simple","17":"entry","18":"content-bg","19":"loop-entry"},"taxonomy_info":{"product_cat":[{"value":429,"label":"Histoire des id\u00e9es"},{"value":435,"label":"Litt\u00e9rature compar\u00e9e"},{"value":403,"label":"Litt\u00e9ratures"}],"product_tag":[{"value":481,"label":"Litt\u00e9rature et po\u00e9tique compar\u00e9es"}]},"featured_image_src_large":["https:\/\/presses-universitaires.parisnanterre.fr\/wp-content\/uploads\/2021\/02\/CouvModerniteAntiqueHD-668x1024.png",668,1024,true],"author_info":[],"comment_info":0,"_links":{"self":[{"href":"https:\/\/presses-universitaires.parisnanterre.fr\/index.php\/wp-json\/wp\/v2\/product\/179","targetHints":{"allow":["GET"]}}],"collection":[{"href":"https:\/\/presses-universitaires.parisnanterre.fr\/index.php\/wp-json\/wp\/v2\/product"}],"about":[{"href":"https:\/\/presses-universitaires.parisnanterre.fr\/index.php\/wp-json\/wp\/v2\/types\/product"}],"replies":[{"embeddable":true,"href":"https:\/\/presses-universitaires.parisnanterre.fr\/index.php\/wp-json\/wp\/v2\/comments?post=179"}],"wp:featuredmedia":[{"embeddable":true,"href":"https:\/\/presses-universitaires.parisnanterre.fr\/index.php\/wp-json\/wp\/v2\/media\/278"}],"wp:attachment":[{"href":"https:\/\/presses-universitaires.parisnanterre.fr\/index.php\/wp-json\/wp\/v2\/media?parent=179"}],"wp:term":[{"taxonomy":"product_brand","embeddable":true,"href":"https:\/\/presses-universitaires.parisnanterre.fr\/index.php\/wp-json\/wp\/v2\/product_brand?post=179"},{"taxonomy":"product_cat","embeddable":true,"href":"https:\/\/presses-universitaires.parisnanterre.fr\/index.php\/wp-json\/wp\/v2\/product_cat?post=179"},{"taxonomy":"product_tag","embeddable":true,"href":"https:\/\/presses-universitaires.parisnanterre.fr\/index.php\/wp-json\/wp\/v2\/product_tag?post=179"}],"curies":[{"name":"wp","href":"https:\/\/api.w.org\/{rel}","templated":true}]}}