{"id":1765,"date":"2021-11-20T09:29:33","date_gmt":"2021-11-20T09:29:33","guid":{"rendered":"https:\/\/presses-universitaires.parisnanterre.fr\/?post_type=product&#038;p=1765"},"modified":"2025-04-16T14:28:28","modified_gmt":"2025-04-16T14:28:28","slug":"narrativa-n-43-la-fantascienza-nelle-narrazioni-italiane-ipercontemporanee","status":"publish","type":"product","link":"https:\/\/presses-universitaires.parisnanterre.fr\/index.php\/produit\/narrativa-n-43-la-fantascienza-nelle-narrazioni-italiane-ipercontemporanee\/","title":{"rendered":"Narrativa n\u00b0 43. La fantascienza nelle narrazioni italiane ipercontemporanee."},"content":{"rendered":"","protected":false},"excerpt":{"rendered":"<ul>\n<li>Daniele <span class=\"lastname\">Comberiati<\/span>, Luca <span class=\"lastname\">Somigli (dir.)\u00a0<\/span><\/li>\n<li>Langues : fran\u00e7ais, italien<\/li>\n<li>310 pages<\/li>\n<li>ISBN : 978-2-84016-485-2<\/li>\n<li>Date de parution : 2021<\/li>\n<\/ul>\n","protected":false},"featured_media":1766,"comment_status":"closed","ping_status":"closed","template":"","meta":{"_kad_blocks_custom_css":"","_kad_blocks_head_custom_js":"","_kad_blocks_body_custom_js":"","_kad_blocks_footer_custom_js":"","_kadence_starter_templates_imported_post":false,"_kad_post_transparent":"default","_kad_post_title":"","_kad_post_layout":"default","_kad_post_sidebar_id":"","_kad_post_content_style":"default","_kad_post_vertical_padding":"default","_kad_post_feature":"","_kad_post_feature_position":"","_kad_post_header":false,"_kad_post_footer":false,"_kad_post_classname":""},"product_brand":[],"product_cat":[396,431,434,437,403],"product_tag":[485],"class_list":{"0":"post-1765","1":"product","2":"type-product","3":"status-publish","4":"has-post-thumbnail","6":"product_cat-civilisations-et-cultures-etrangeres","7":"product_cat-italie","8":"product_cat-litterature","9":"product_cat-litterature-italienne","10":"product_cat-litteratures","11":"product_tag-narrativa","13":"first","14":"instock","15":"taxable","16":"shipping-taxable","17":"purchasable","18":"product-type-simple","19":"entry","20":"content-bg","21":"loop-entry"},"taxonomy_info":{"product_cat":[{"value":396,"label":"Civilisations et cultures \u00e9trang\u00e8res"},{"value":431,"label":"Italie"},{"value":434,"label":"Litt\u00e9rature"},{"value":437,"label":"Litt\u00e9rature italienne"},{"value":403,"label":"Litt\u00e9ratures"}],"product_tag":[{"value":485,"label":"Narrativa (revue)"}]},"featured_image_src_large":["https:\/\/presses-universitaires.parisnanterre.fr\/wp-content\/uploads\/2021\/11\/narrativa43-696x1024.jpg",696,1024,true],"author_info":[],"comment_info":0,"_links":{"self":[{"href":"https:\/\/presses-universitaires.parisnanterre.fr\/index.php\/wp-json\/wp\/v2\/product\/1765","targetHints":{"allow":["GET"]}}],"collection":[{"href":"https:\/\/presses-universitaires.parisnanterre.fr\/index.php\/wp-json\/wp\/v2\/product"}],"about":[{"href":"https:\/\/presses-universitaires.parisnanterre.fr\/index.php\/wp-json\/wp\/v2\/types\/product"}],"replies":[{"embeddable":true,"href":"https:\/\/presses-universitaires.parisnanterre.fr\/index.php\/wp-json\/wp\/v2\/comments?post=1765"}],"wp:featuredmedia":[{"embeddable":true,"href":"https:\/\/presses-universitaires.parisnanterre.fr\/index.php\/wp-json\/wp\/v2\/media\/1766"}],"wp:attachment":[{"href":"https:\/\/presses-universitaires.parisnanterre.fr\/index.php\/wp-json\/wp\/v2\/media?parent=1765"}],"wp:term":[{"taxonomy":"product_brand","embeddable":true,"href":"https:\/\/presses-universitaires.parisnanterre.fr\/index.php\/wp-json\/wp\/v2\/product_brand?post=1765"},{"taxonomy":"product_cat","embeddable":true,"href":"https:\/\/presses-universitaires.parisnanterre.fr\/index.php\/wp-json\/wp\/v2\/product_cat?post=1765"},{"taxonomy":"product_tag","embeddable":true,"href":"https:\/\/presses-universitaires.parisnanterre.fr\/index.php\/wp-json\/wp\/v2\/product_tag?post=1765"}],"curies":[{"name":"wp","href":"https:\/\/api.w.org\/{rel}","templated":true}]}}