{"id":1736,"date":"2013-01-26T09:10:48","date_gmt":"2013-01-26T09:10:48","guid":{"rendered":"https:\/\/presses-universitaires.parisnanterre.fr\/?post_type=product&#038;p=1736"},"modified":"2026-04-21T17:03:53","modified_gmt":"2026-04-21T17:03:53","slug":"le-renoncement-au-feminin-couvents-et-nonnes-dans-le-bouddhisme-tibetain","status":"publish","type":"product","link":"https:\/\/presses-universitaires.parisnanterre.fr\/index.php\/produit\/le-renoncement-au-feminin-couvents-et-nonnes-dans-le-bouddhisme-tibetain\/","title":{"rendered":"Le renoncement au f\u00e9minin. Couvents et nonnes dans le bouddhisme tib\u00e9tain."},"content":{"rendered":"","protected":false},"excerpt":{"rendered":"<ul>\n<li>Nicola Schneider<\/li>\n<li>Langue : fran\u00e7ais<\/li>\n<li>440 pages<\/li>\n<li>ISBN : 978-2-84016-133-2<\/li>\n<li>Date de parution : 2013<\/li>\n<\/ul>\n","protected":false},"featured_media":1862,"comment_status":"closed","ping_status":"closed","template":"","meta":{"_kad_blocks_custom_css":"","_kad_blocks_head_custom_js":"","_kad_blocks_body_custom_js":"","_kad_blocks_footer_custom_js":"","_kadence_starter_templates_imported_post":false,"_kad_post_transparent":"default","_kad_post_title":"","_kad_post_layout":"default","_kad_post_sidebar_id":"","_kad_post_content_style":"default","_kad_post_vertical_padding":"default","_kad_post_feature":"","_kad_post_feature_position":"","_kad_post_header":false,"_kad_post_footer":false,"_kad_post_classname":""},"product_brand":[],"product_cat":[410,394,396,407],"product_tag":[523],"class_list":{"0":"post-1736","1":"product","2":"type-product","3":"status-publish","4":"has-post-thumbnail","6":"product_cat-anthropologie","7":"product_cat-anthropologie-ethnologie","8":"product_cat-civilisations-et-cultures-etrangeres","9":"product_cat-sociologie-sciences-sociales","10":"product_tag-prix-de-these","12":"first","13":"instock","14":"taxable","15":"shipping-taxable","16":"purchasable","17":"product-type-simple","18":"entry","19":"content-bg","20":"loop-entry"},"taxonomy_info":{"product_cat":[{"value":410,"label":"Anthropologie"},{"value":394,"label":"Anthropologie, ethnologie"},{"value":396,"label":"Civilisations et cultures \u00e9trang\u00e8res"},{"value":407,"label":"Sociologie, Sciences sociales"}],"product_tag":[{"value":523,"label":"Prix de th\u00e8se"}]},"featured_image_src_large":["https:\/\/presses-universitaires.parisnanterre.fr\/wp-content\/uploads\/2021\/11\/renoncement_feminin.jpg",647,1000,false],"author_info":[],"comment_info":0,"_links":{"self":[{"href":"https:\/\/presses-universitaires.parisnanterre.fr\/index.php\/wp-json\/wp\/v2\/product\/1736","targetHints":{"allow":["GET"]}}],"collection":[{"href":"https:\/\/presses-universitaires.parisnanterre.fr\/index.php\/wp-json\/wp\/v2\/product"}],"about":[{"href":"https:\/\/presses-universitaires.parisnanterre.fr\/index.php\/wp-json\/wp\/v2\/types\/product"}],"replies":[{"embeddable":true,"href":"https:\/\/presses-universitaires.parisnanterre.fr\/index.php\/wp-json\/wp\/v2\/comments?post=1736"}],"wp:featuredmedia":[{"embeddable":true,"href":"https:\/\/presses-universitaires.parisnanterre.fr\/index.php\/wp-json\/wp\/v2\/media\/1862"}],"wp:attachment":[{"href":"https:\/\/presses-universitaires.parisnanterre.fr\/index.php\/wp-json\/wp\/v2\/media?parent=1736"}],"wp:term":[{"taxonomy":"product_brand","embeddable":true,"href":"https:\/\/presses-universitaires.parisnanterre.fr\/index.php\/wp-json\/wp\/v2\/product_brand?post=1736"},{"taxonomy":"product_cat","embeddable":true,"href":"https:\/\/presses-universitaires.parisnanterre.fr\/index.php\/wp-json\/wp\/v2\/product_cat?post=1736"},{"taxonomy":"product_tag","embeddable":true,"href":"https:\/\/presses-universitaires.parisnanterre.fr\/index.php\/wp-json\/wp\/v2\/product_tag?post=1736"}],"curies":[{"name":"wp","href":"https:\/\/api.w.org\/{rel}","templated":true}]}}