{"id":1732,"date":"2016-11-02T11:49:59","date_gmt":"2016-11-02T11:49:59","guid":{"rendered":"https:\/\/presses-universitaires.parisnanterre.fr\/?post_type=product&#038;p=1732"},"modified":"2021-11-02T11:56:37","modified_gmt":"2021-11-02T11:56:37","slug":"ecritures-n8-entre-charybde-et-scylla-art-mythes-et-societe-au-pays-des-monstres-oublies","status":"publish","type":"product","link":"https:\/\/presses-universitaires.parisnanterre.fr\/index.php\/produit\/ecritures-n8-entre-charybde-et-scylla-art-mythes-et-societe-au-pays-des-monstres-oublies\/","title":{"rendered":"\u00c9critures n\u00b08. Entre Charybde et Scylla. Art, mythes et soci\u00e9t\u00e9 au pays des monstres oubli\u00e9s."},"content":{"rendered":"","protected":false},"excerpt":{"rendered":"<ul>\n<li>Christine Resche et St\u00e9phane Resche (dir.)<\/li>\n<li>Langues : fran\u00e7ais, italien<\/li>\n<li>382 pages<\/li>\n<li>ISBN : 978-2-84016-242-1<\/li>\n<li>Date de parution : 2016<\/li>\n<\/ul>\n","protected":false},"featured_media":1733,"comment_status":"closed","ping_status":"closed","template":"","meta":{"_kad_blocks_custom_css":"","_kad_blocks_head_custom_js":"","_kad_blocks_body_custom_js":"","_kad_blocks_footer_custom_js":"","_kadence_starter_templates_imported_post":false,"_kad_post_transparent":"default","_kad_post_title":"","_kad_post_layout":"default","_kad_post_sidebar_id":"","_kad_post_content_style":"default","_kad_post_vertical_padding":"default","_kad_post_feature":"","_kad_post_feature_position":"","_kad_post_header":false,"_kad_post_footer":false,"_kad_post_classname":""},"product_brand":[],"product_cat":[395,431,434,403],"product_tag":[383],"class_list":{"0":"post-1732","1":"product","2":"type-product","3":"status-publish","4":"has-post-thumbnail","6":"product_cat-arts","7":"product_cat-italie","8":"product_cat-litterature","9":"product_cat-litteratures","10":"product_tag-ecritures","12":"first","13":"outofstock","14":"taxable","15":"shipping-taxable","16":"purchasable","17":"product-type-simple","18":"entry","19":"content-bg","20":"loop-entry"},"taxonomy_info":{"product_cat":[{"value":395,"label":"Arts"},{"value":431,"label":"Italie"},{"value":434,"label":"Litt\u00e9rature"},{"value":403,"label":"Litt\u00e9ratures"}],"product_tag":[{"value":383,"label":"\u00c9critures (revue)"}]},"featured_image_src_large":["https:\/\/presses-universitaires.parisnanterre.fr\/wp-content\/uploads\/2021\/11\/Couv-Ecriture-8-719x1024.jpg",719,1024,true],"author_info":[],"comment_info":0,"_links":{"self":[{"href":"https:\/\/presses-universitaires.parisnanterre.fr\/index.php\/wp-json\/wp\/v2\/product\/1732","targetHints":{"allow":["GET"]}}],"collection":[{"href":"https:\/\/presses-universitaires.parisnanterre.fr\/index.php\/wp-json\/wp\/v2\/product"}],"about":[{"href":"https:\/\/presses-universitaires.parisnanterre.fr\/index.php\/wp-json\/wp\/v2\/types\/product"}],"replies":[{"embeddable":true,"href":"https:\/\/presses-universitaires.parisnanterre.fr\/index.php\/wp-json\/wp\/v2\/comments?post=1732"}],"wp:featuredmedia":[{"embeddable":true,"href":"https:\/\/presses-universitaires.parisnanterre.fr\/index.php\/wp-json\/wp\/v2\/media\/1733"}],"wp:attachment":[{"href":"https:\/\/presses-universitaires.parisnanterre.fr\/index.php\/wp-json\/wp\/v2\/media?parent=1732"}],"wp:term":[{"taxonomy":"product_brand","embeddable":true,"href":"https:\/\/presses-universitaires.parisnanterre.fr\/index.php\/wp-json\/wp\/v2\/product_brand?post=1732"},{"taxonomy":"product_cat","embeddable":true,"href":"https:\/\/presses-universitaires.parisnanterre.fr\/index.php\/wp-json\/wp\/v2\/product_cat?post=1732"},{"taxonomy":"product_tag","embeddable":true,"href":"https:\/\/presses-universitaires.parisnanterre.fr\/index.php\/wp-json\/wp\/v2\/product_tag?post=1732"}],"curies":[{"name":"wp","href":"https:\/\/api.w.org\/{rel}","templated":true}]}}