{"id":173,"date":"2018-02-23T16:59:30","date_gmt":"2018-02-23T16:59:30","guid":{"rendered":"https:\/\/presses-universitaires.parisnanterre.fr\/?post_type=product&#038;p=173"},"modified":"2025-01-10T15:28:50","modified_gmt":"2025-01-10T15:28:50","slug":"lecon-deconomie-generale-lexperience-limite-chez-bataille-blanchot-klossowski","status":"publish","type":"product","link":"https:\/\/presses-universitaires.parisnanterre.fr\/index.php\/produit\/lecon-deconomie-generale-lexperience-limite-chez-bataille-blanchot-klossowski\/","title":{"rendered":"Le\u00e7on d&rsquo;\u00e9conomie g\u00e9n\u00e9rale : l&rsquo;exp\u00e9rience-limite chez Bataille-Blanchot-Klossowski"},"content":{"rendered":"","protected":false},"excerpt":{"rendered":"<ul>\n<li>Alain Milon (dir.)<\/li>\n<li>Langue fran\u00e7aise<\/li>\n<li>344 pages<\/li>\n<li>ISBN : 978-2-84016-313-8<\/li>\n<li>Date de publication: 2019<\/li>\n<\/ul>\n","protected":false},"featured_media":329,"comment_status":"closed","ping_status":"closed","template":"","meta":{"_kad_blocks_custom_css":"","_kad_blocks_head_custom_js":"","_kad_blocks_body_custom_js":"","_kad_blocks_footer_custom_js":"","_kadence_starter_templates_imported_post":false,"_kad_post_transparent":"default","_kad_post_title":"","_kad_post_layout":"default","_kad_post_sidebar_id":"","_kad_post_content_style":"default","_kad_post_vertical_padding":"default","_kad_post_feature":"","_kad_post_feature_position":"","_kad_post_header":false,"_kad_post_footer":false,"_kad_post_classname":""},"product_brand":[],"product_cat":[433,434,443,405],"product_tag":[490],"class_list":{"0":"post-173","1":"product","2":"type-product","3":"status-publish","4":"has-post-thumbnail","6":"product_cat-linguistique","7":"product_cat-litterature","8":"product_cat-philosophie-thematiques","9":"product_cat-philosophie","10":"product_tag-resonances-de-maurice-blanchot","12":"first","13":"instock","14":"taxable","15":"shipping-taxable","16":"purchasable","17":"product-type-simple","18":"entry","19":"content-bg","20":"loop-entry"},"taxonomy_info":{"product_cat":[{"value":433,"label":"Linguistique"},{"value":434,"label":"Litt\u00e9rature"},{"value":443,"label":"Philosophie"},{"value":405,"label":"Philosophie"}],"product_tag":[{"value":490,"label":"R\u00e9sonances de Maurice Blanchot"}]},"featured_image_src_large":["https:\/\/presses-universitaires.parisnanterre.fr\/wp-content\/uploads\/2021\/02\/CouvBlanchotdef-2-1024x986.png",1024,986,true],"author_info":[],"comment_info":0,"_links":{"self":[{"href":"https:\/\/presses-universitaires.parisnanterre.fr\/index.php\/wp-json\/wp\/v2\/product\/173","targetHints":{"allow":["GET"]}}],"collection":[{"href":"https:\/\/presses-universitaires.parisnanterre.fr\/index.php\/wp-json\/wp\/v2\/product"}],"about":[{"href":"https:\/\/presses-universitaires.parisnanterre.fr\/index.php\/wp-json\/wp\/v2\/types\/product"}],"replies":[{"embeddable":true,"href":"https:\/\/presses-universitaires.parisnanterre.fr\/index.php\/wp-json\/wp\/v2\/comments?post=173"}],"wp:featuredmedia":[{"embeddable":true,"href":"https:\/\/presses-universitaires.parisnanterre.fr\/index.php\/wp-json\/wp\/v2\/media\/329"}],"wp:attachment":[{"href":"https:\/\/presses-universitaires.parisnanterre.fr\/index.php\/wp-json\/wp\/v2\/media?parent=173"}],"wp:term":[{"taxonomy":"product_brand","embeddable":true,"href":"https:\/\/presses-universitaires.parisnanterre.fr\/index.php\/wp-json\/wp\/v2\/product_brand?post=173"},{"taxonomy":"product_cat","embeddable":true,"href":"https:\/\/presses-universitaires.parisnanterre.fr\/index.php\/wp-json\/wp\/v2\/product_cat?post=173"},{"taxonomy":"product_tag","embeddable":true,"href":"https:\/\/presses-universitaires.parisnanterre.fr\/index.php\/wp-json\/wp\/v2\/product_tag?post=173"}],"curies":[{"name":"wp","href":"https:\/\/api.w.org\/{rel}","templated":true}]}}