{"id":1724,"date":"2016-11-02T10:29:34","date_gmt":"2016-11-02T10:29:34","guid":{"rendered":"https:\/\/presses-universitaires.parisnanterre.fr\/?post_type=product&#038;p=1724"},"modified":"2022-07-22T05:46:12","modified_gmt":"2022-07-22T05:46:12","slug":"baroque-ou-bizarre-avatars-de-la-bizarrerie-aux-xvie-et-xviie-siecles","status":"publish","type":"product","link":"https:\/\/presses-universitaires.parisnanterre.fr\/index.php\/produit\/baroque-ou-bizarre-avatars-de-la-bizarrerie-aux-xvie-et-xviie-siecles\/","title":{"rendered":"Baroque ou bizarre ? Avatars de la bizarrerie aux XVI<em>e<\/em> et XVII<em>e<\/em> si\u00e8cles"},"content":{"rendered":"","protected":false},"excerpt":{"rendered":"<ul>\n<li>Liliane Picciola (dir.)<\/li>\n<li>Langue : fran\u00e7ais<\/li>\n<li>232 pages<\/li>\n<li>ISBN : 978-2-84016-249-0<\/li>\n<li>Date de parution : 2016<\/li>\n<\/ul>\n","protected":false},"featured_media":1725,"comment_status":"closed","ping_status":"closed","template":"","meta":{"_kad_blocks_custom_css":"","_kad_blocks_head_custom_js":"","_kad_blocks_body_custom_js":"","_kad_blocks_footer_custom_js":"","_kadence_starter_templates_imported_post":false,"_kad_post_transparent":"default","_kad_post_title":"","_kad_post_layout":"default","_kad_post_sidebar_id":"","_kad_post_content_style":"default","_kad_post_vertical_padding":"default","_kad_post_feature":"","_kad_post_feature_position":"","_kad_post_header":false,"_kad_post_footer":false,"_kad_post_classname":""},"product_brand":[],"product_cat":[397,430,434,436,403],"product_tag":[481],"class_list":{"0":"post-1724","1":"product","2":"type-product","3":"status-publish","4":"has-post-thumbnail","6":"product_cat-croisements-disciplinaires","7":"product_cat-humanites-classiques-thematiques","8":"product_cat-litterature","9":"product_cat-litterature-francaise","10":"product_cat-litteratures","11":"product_tag-litterature-et-poetique-comparees","13":"first","14":"instock","15":"taxable","16":"shipping-taxable","17":"purchasable","18":"product-type-simple","19":"entry","20":"content-bg","21":"loop-entry"},"taxonomy_info":{"product_cat":[{"value":397,"label":"Croisements disciplinaires"},{"value":430,"label":"Humanit\u00e9s classiques"},{"value":434,"label":"Litt\u00e9rature"},{"value":436,"label":"Litt\u00e9rature fran\u00e7aise"},{"value":403,"label":"Litt\u00e9ratures"}],"product_tag":[{"value":481,"label":"Litt\u00e9rature et po\u00e9tique compar\u00e9es"}]},"featured_image_src_large":["https:\/\/presses-universitaires.parisnanterre.fr\/wp-content\/uploads\/2016\/11\/CouvBaroqueBizarreV2-713x1024.jpg",713,1024,true],"author_info":[],"comment_info":0,"_links":{"self":[{"href":"https:\/\/presses-universitaires.parisnanterre.fr\/index.php\/wp-json\/wp\/v2\/product\/1724","targetHints":{"allow":["GET"]}}],"collection":[{"href":"https:\/\/presses-universitaires.parisnanterre.fr\/index.php\/wp-json\/wp\/v2\/product"}],"about":[{"href":"https:\/\/presses-universitaires.parisnanterre.fr\/index.php\/wp-json\/wp\/v2\/types\/product"}],"replies":[{"embeddable":true,"href":"https:\/\/presses-universitaires.parisnanterre.fr\/index.php\/wp-json\/wp\/v2\/comments?post=1724"}],"wp:featuredmedia":[{"embeddable":true,"href":"https:\/\/presses-universitaires.parisnanterre.fr\/index.php\/wp-json\/wp\/v2\/media\/1725"}],"wp:attachment":[{"href":"https:\/\/presses-universitaires.parisnanterre.fr\/index.php\/wp-json\/wp\/v2\/media?parent=1724"}],"wp:term":[{"taxonomy":"product_brand","embeddable":true,"href":"https:\/\/presses-universitaires.parisnanterre.fr\/index.php\/wp-json\/wp\/v2\/product_brand?post=1724"},{"taxonomy":"product_cat","embeddable":true,"href":"https:\/\/presses-universitaires.parisnanterre.fr\/index.php\/wp-json\/wp\/v2\/product_cat?post=1724"},{"taxonomy":"product_tag","embeddable":true,"href":"https:\/\/presses-universitaires.parisnanterre.fr\/index.php\/wp-json\/wp\/v2\/product_tag?post=1724"}],"curies":[{"name":"wp","href":"https:\/\/api.w.org\/{rel}","templated":true}]}}