{"id":1715,"date":"2016-10-29T16:11:11","date_gmt":"2016-10-29T16:11:11","guid":{"rendered":"https:\/\/presses-universitaires.parisnanterre.fr\/?post_type=product&#038;p=1715"},"modified":"2025-05-23T17:26:39","modified_gmt":"2025-05-23T17:26:39","slug":"psychologie-comparee-cognition-communication-et-langage","status":"publish","type":"product","link":"https:\/\/presses-universitaires.parisnanterre.fr\/index.php\/produit\/psychologie-comparee-cognition-communication-et-langage\/","title":{"rendered":"Psychologie compar\u00e9e : cognition, communication et langage."},"content":{"rendered":"","protected":false},"excerpt":{"rendered":"<ul>\n<li>Jacques Vauclair<\/li>\n<li>Langue : fran\u00e7ais<\/li>\n<li>100 pages<\/li>\n<li>ISBN : 978-2-84016-241-4<\/li>\n<li>Date de parution : 2016<\/li>\n<li>Cet ouvrage a \u00e9t\u00e9 r\u00e9\u00e9dit\u00e9 dans la collection \u00ab\u00a0Libellus\u00a0\u00bb sous le titre <em>L&rsquo;homme et l&rsquo;animal, cognition compar\u00e9e<\/em> en 2020<\/li>\n<\/ul>\n","protected":false},"featured_media":1716,"comment_status":"closed","ping_status":"closed","template":"","meta":{"_kad_blocks_custom_css":"","_kad_blocks_head_custom_js":"","_kad_blocks_body_custom_js":"","_kad_blocks_footer_custom_js":"","_kadence_starter_templates_imported_post":false,"_kad_post_transparent":"default","_kad_post_title":"","_kad_post_layout":"default","_kad_post_sidebar_id":"","_kad_post_content_style":"default","_kad_post_vertical_padding":"default","_kad_post_feature":"","_kad_post_feature_position":"","_kad_post_header":false,"_kad_post_footer":false,"_kad_post_classname":""},"product_brand":[],"product_cat":[409,394,520,448,406],"product_tag":[385],"class_list":{"0":"post-1715","1":"product","2":"type-product","3":"status-publish","4":"has-post-thumbnail","6":"product_cat-animal-thematiques","7":"product_cat-anthropologie-ethnologie","8":"product_cat-cognition","9":"product_cat-psychologie","10":"product_cat-psychologie-psychanalyse","11":"product_tag-essais-et-conferences","13":"first","14":"instock","15":"taxable","16":"shipping-taxable","17":"purchasable","18":"product-type-simple","19":"entry","20":"content-bg","21":"loop-entry"},"taxonomy_info":{"product_cat":[{"value":409,"label":"Animal"},{"value":394,"label":"Anthropologie, ethnologie"},{"value":520,"label":"Cognition"},{"value":448,"label":"Psychologie"},{"value":406,"label":"Psychologie, psychanalyse"}],"product_tag":[{"value":385,"label":"Essais et conf\u00e9rences"}]},"featured_image_src_large":["https:\/\/presses-universitaires.parisnanterre.fr\/wp-content\/uploads\/2016\/10\/CouvPsychoComparee-649x1024.jpg",649,1024,true],"author_info":[],"comment_info":0,"_links":{"self":[{"href":"https:\/\/presses-universitaires.parisnanterre.fr\/index.php\/wp-json\/wp\/v2\/product\/1715","targetHints":{"allow":["GET"]}}],"collection":[{"href":"https:\/\/presses-universitaires.parisnanterre.fr\/index.php\/wp-json\/wp\/v2\/product"}],"about":[{"href":"https:\/\/presses-universitaires.parisnanterre.fr\/index.php\/wp-json\/wp\/v2\/types\/product"}],"replies":[{"embeddable":true,"href":"https:\/\/presses-universitaires.parisnanterre.fr\/index.php\/wp-json\/wp\/v2\/comments?post=1715"}],"wp:featuredmedia":[{"embeddable":true,"href":"https:\/\/presses-universitaires.parisnanterre.fr\/index.php\/wp-json\/wp\/v2\/media\/1716"}],"wp:attachment":[{"href":"https:\/\/presses-universitaires.parisnanterre.fr\/index.php\/wp-json\/wp\/v2\/media?parent=1715"}],"wp:term":[{"taxonomy":"product_brand","embeddable":true,"href":"https:\/\/presses-universitaires.parisnanterre.fr\/index.php\/wp-json\/wp\/v2\/product_brand?post=1715"},{"taxonomy":"product_cat","embeddable":true,"href":"https:\/\/presses-universitaires.parisnanterre.fr\/index.php\/wp-json\/wp\/v2\/product_cat?post=1715"},{"taxonomy":"product_tag","embeddable":true,"href":"https:\/\/presses-universitaires.parisnanterre.fr\/index.php\/wp-json\/wp\/v2\/product_tag?post=1715"}],"curies":[{"name":"wp","href":"https:\/\/api.w.org\/{rel}","templated":true}]}}