{"id":1697,"date":"2010-10-29T14:21:48","date_gmt":"2010-10-29T14:21:48","guid":{"rendered":"https:\/\/presses-universitaires.parisnanterre.fr\/?post_type=product&#038;p=1697"},"modified":"2025-01-15T09:30:38","modified_gmt":"2025-01-15T09:30:38","slug":"genese-dune-discipline-naissance-dune-revue-sociologie-du-travail","status":"publish","type":"product","link":"https:\/\/presses-universitaires.parisnanterre.fr\/index.php\/produit\/genese-dune-discipline-naissance-dune-revue-sociologie-du-travail\/","title":{"rendered":"Gen\u00e8se d&rsquo;une discipline naissance d&rsquo;une revue <em> Sociologie du travail <\/em>"},"content":{"rendered":"","protected":false},"excerpt":{"rendered":"<ul>\n<li>Anni Borzeix et Gwena\u00eble Rot<\/li>\n<li>Avec les t\u00e9moignages de Michel Crozier, Jean-Daniel Reynaud, Alain Touraine, Jean-Ren\u00e9 Tr\u00e9anton (dir.)<\/li>\n<li>Langue : fran\u00e7ais<\/li>\n<li>395 pages<\/li>\n<li>ISBN : 978-2-84016-053-3<\/li>\n<li>Date de parution : 2010<\/li>\n<\/ul>\n","protected":false},"featured_media":1698,"comment_status":"closed","ping_status":"closed","template":"","meta":{"_kad_blocks_custom_css":"","_kad_blocks_head_custom_js":"","_kad_blocks_body_custom_js":"","_kad_blocks_footer_custom_js":"","_kadence_starter_templates_imported_post":false,"_kad_post_transparent":"default","_kad_post_title":"","_kad_post_layout":"default","_kad_post_sidebar_id":"","_kad_post_content_style":"default","_kad_post_vertical_padding":"default","_kad_post_feature":"","_kad_post_feature_position":"","_kad_post_header":false,"_kad_post_footer":false,"_kad_post_classname":""},"product_brand":[],"product_cat":[407,459],"product_tag":[469],"class_list":{"0":"post-1697","1":"product","2":"type-product","3":"status-publish","4":"has-post-thumbnail","6":"product_cat-sociologie-sciences-sociales","7":"product_cat-travail","8":"product_tag-hors-collection","10":"first","11":"instock","12":"taxable","13":"shipping-taxable","14":"purchasable","15":"product-type-simple","16":"entry","17":"content-bg","18":"loop-entry"},"taxonomy_info":{"product_cat":[{"value":407,"label":"Sociologie, Sciences sociales"},{"value":459,"label":"Travail"}],"product_tag":[{"value":469,"label":"Hors collection"}]},"featured_image_src_large":["https:\/\/presses-universitaires.parisnanterre.fr\/wp-content\/uploads\/2010\/10\/CouvSociologie-860x1024.jpg",860,1024,true],"author_info":[],"comment_info":0,"_links":{"self":[{"href":"https:\/\/presses-universitaires.parisnanterre.fr\/index.php\/wp-json\/wp\/v2\/product\/1697","targetHints":{"allow":["GET"]}}],"collection":[{"href":"https:\/\/presses-universitaires.parisnanterre.fr\/index.php\/wp-json\/wp\/v2\/product"}],"about":[{"href":"https:\/\/presses-universitaires.parisnanterre.fr\/index.php\/wp-json\/wp\/v2\/types\/product"}],"replies":[{"embeddable":true,"href":"https:\/\/presses-universitaires.parisnanterre.fr\/index.php\/wp-json\/wp\/v2\/comments?post=1697"}],"wp:featuredmedia":[{"embeddable":true,"href":"https:\/\/presses-universitaires.parisnanterre.fr\/index.php\/wp-json\/wp\/v2\/media\/1698"}],"wp:attachment":[{"href":"https:\/\/presses-universitaires.parisnanterre.fr\/index.php\/wp-json\/wp\/v2\/media?parent=1697"}],"wp:term":[{"taxonomy":"product_brand","embeddable":true,"href":"https:\/\/presses-universitaires.parisnanterre.fr\/index.php\/wp-json\/wp\/v2\/product_brand?post=1697"},{"taxonomy":"product_cat","embeddable":true,"href":"https:\/\/presses-universitaires.parisnanterre.fr\/index.php\/wp-json\/wp\/v2\/product_cat?post=1697"},{"taxonomy":"product_tag","embeddable":true,"href":"https:\/\/presses-universitaires.parisnanterre.fr\/index.php\/wp-json\/wp\/v2\/product_tag?post=1697"}],"curies":[{"name":"wp","href":"https:\/\/api.w.org\/{rel}","templated":true}]}}