{"id":1693,"date":"2015-10-29T14:07:03","date_gmt":"2015-10-29T14:07:03","guid":{"rendered":"https:\/\/presses-universitaires.parisnanterre.fr\/?post_type=product&#038;p=1693"},"modified":"2024-04-19T09:52:56","modified_gmt":"2024-04-19T09:52:56","slug":"migrations-humaines-et-mises-en-recit-memorielles-approches-croisees-en-anthropologie-et-prehistoire","status":"publish","type":"product","link":"https:\/\/presses-universitaires.parisnanterre.fr\/index.php\/produit\/migrations-humaines-et-mises-en-recit-memorielles-approches-croisees-en-anthropologie-et-prehistoire\/","title":{"rendered":"Migrations humaines et mises en r\u00e9cit m\u00e9morielles. Approches crois\u00e9es en anthropologie et pr\u00e9histoire."},"content":{"rendered":"","protected":false},"excerpt":{"rendered":"<ul>\n<li>Mich\u00e8le Baussant, Ir\u00e8ne Dos Santos, \u00c9velyne Ribert et Isabelle Rivoal (dir.)<\/li>\n<li>Langue : fran\u00e7ais<\/li>\n<li>400 pages<\/li>\n<li>ISBN : 978-2-84016-210-0<\/li>\n<li>Date de parution : 2015<\/li>\n<\/ul>\n","protected":false},"featured_media":1694,"comment_status":"closed","ping_status":"closed","template":"","meta":{"_kad_blocks_custom_css":"","_kad_blocks_head_custom_js":"","_kad_blocks_body_custom_js":"","_kad_blocks_footer_custom_js":"","_kadence_starter_templates_imported_post":false,"_kad_post_transparent":"default","_kad_post_title":"","_kad_post_layout":"default","_kad_post_sidebar_id":"","_kad_post_content_style":"default","_kad_post_vertical_padding":"default","_kad_post_feature":"","_kad_post_feature_position":"","_kad_post_header":false,"_kad_post_footer":false,"_kad_post_classname":""},"product_brand":[],"product_cat":[394,400],"product_tag":[492],"class_list":{"0":"post-1693","1":"product","2":"type-product","3":"status-publish","4":"has-post-thumbnail","6":"product_cat-anthropologie-ethnologie","7":"product_cat-histoire","8":"product_tag-societes-humaines-dans-lhistoire","10":"first","11":"instock","12":"taxable","13":"shipping-taxable","14":"purchasable","15":"product-type-simple","16":"entry","17":"content-bg","18":"loop-entry"},"taxonomy_info":{"product_cat":[{"value":394,"label":"Anthropologie, ethnologie"},{"value":400,"label":"Histoire"}],"product_tag":[{"value":492,"label":"Soci\u00e9t\u00e9s humaines dans l'histoire"}]},"featured_image_src_large":["https:\/\/presses-universitaires.parisnanterre.fr\/wp-content\/uploads\/2021\/10\/CouvMigrationsHumaines-525x1024.jpg",525,1024,true],"author_info":[],"comment_info":0,"_links":{"self":[{"href":"https:\/\/presses-universitaires.parisnanterre.fr\/index.php\/wp-json\/wp\/v2\/product\/1693","targetHints":{"allow":["GET"]}}],"collection":[{"href":"https:\/\/presses-universitaires.parisnanterre.fr\/index.php\/wp-json\/wp\/v2\/product"}],"about":[{"href":"https:\/\/presses-universitaires.parisnanterre.fr\/index.php\/wp-json\/wp\/v2\/types\/product"}],"replies":[{"embeddable":true,"href":"https:\/\/presses-universitaires.parisnanterre.fr\/index.php\/wp-json\/wp\/v2\/comments?post=1693"}],"wp:featuredmedia":[{"embeddable":true,"href":"https:\/\/presses-universitaires.parisnanterre.fr\/index.php\/wp-json\/wp\/v2\/media\/1694"}],"wp:attachment":[{"href":"https:\/\/presses-universitaires.parisnanterre.fr\/index.php\/wp-json\/wp\/v2\/media?parent=1693"}],"wp:term":[{"taxonomy":"product_brand","embeddable":true,"href":"https:\/\/presses-universitaires.parisnanterre.fr\/index.php\/wp-json\/wp\/v2\/product_brand?post=1693"},{"taxonomy":"product_cat","embeddable":true,"href":"https:\/\/presses-universitaires.parisnanterre.fr\/index.php\/wp-json\/wp\/v2\/product_cat?post=1693"},{"taxonomy":"product_tag","embeddable":true,"href":"https:\/\/presses-universitaires.parisnanterre.fr\/index.php\/wp-json\/wp\/v2\/product_tag?post=1693"}],"curies":[{"name":"wp","href":"https:\/\/api.w.org\/{rel}","templated":true}]}}