{"id":1641,"date":"2009-10-26T10:31:08","date_gmt":"2009-10-26T10:31:08","guid":{"rendered":"https:\/\/presses-universitaires.parisnanterre.fr\/?post_type=product&#038;p=1641"},"modified":"2021-10-26T10:32:26","modified_gmt":"2021-10-26T10:32:26","slug":"le-salariat-bancaire-enjeux-sociaux-et-pratique-de-gestion","status":"publish","type":"product","link":"https:\/\/presses-universitaires.parisnanterre.fr\/index.php\/produit\/le-salariat-bancaire-enjeux-sociaux-et-pratique-de-gestion\/","title":{"rendered":"Le salariat bancaire : enjeux sociaux et pratique de gestion."},"content":{"rendered":"","protected":false},"excerpt":{"rendered":"<ul>\n<li>Patrice Baubeau, Chantal Cossalter et Catherine Omn\u00e8s (dir.)<\/li>\n<li>Langue : fran\u00e7ais<\/li>\n<li>234 pages<\/li>\n<li>ISBN : 978-2-84016-041-0<\/li>\n<li>Date de parution : 2009<\/li>\n<\/ul>\n","protected":false},"featured_media":1642,"comment_status":"closed","ping_status":"closed","template":"","meta":{"_kad_blocks_custom_css":"","_kad_blocks_head_custom_js":"","_kad_blocks_body_custom_js":"","_kad_blocks_footer_custom_js":"","_kadence_starter_templates_imported_post":false,"_kad_post_transparent":"default","_kad_post_title":"","_kad_post_layout":"default","_kad_post_sidebar_id":"","_kad_post_content_style":"default","_kad_post_vertical_padding":"default","_kad_post_feature":"","_kad_post_feature_position":"","_kad_post_header":false,"_kad_post_footer":false,"_kad_post_classname":""},"product_brand":[],"product_cat":[397,398,417,426,450],"product_tag":[469],"class_list":{"0":"post-1641","1":"product","2":"type-product","3":"status-publish","4":"has-post-thumbnail","6":"product_cat-croisements-disciplinaires","7":"product_cat-droit-economie-sciences-politiques","8":"product_cat-economie","9":"product_cat-geopolitique","10":"product_cat-sciences-juridiques-et-politiques-thematiques","11":"product_tag-hors-collection","13":"first","14":"instock","15":"taxable","16":"shipping-taxable","17":"purchasable","18":"product-type-simple","19":"entry","20":"content-bg","21":"loop-entry"},"taxonomy_info":{"product_cat":[{"value":397,"label":"Croisements disciplinaires"},{"value":398,"label":"Droit, \u00e9conomie, sciences politiques"},{"value":417,"label":"\u00c9conomie"},{"value":426,"label":"G\u00e9opolitique"},{"value":450,"label":"Sciences juridiques et politiques"}],"product_tag":[{"value":469,"label":"Hors collection"}]},"featured_image_src_large":["https:\/\/presses-universitaires.parisnanterre.fr\/wp-content\/uploads\/2021\/10\/CouvSalariatBancaire-640x1024.jpg",640,1024,true],"author_info":[],"comment_info":0,"_links":{"self":[{"href":"https:\/\/presses-universitaires.parisnanterre.fr\/index.php\/wp-json\/wp\/v2\/product\/1641","targetHints":{"allow":["GET"]}}],"collection":[{"href":"https:\/\/presses-universitaires.parisnanterre.fr\/index.php\/wp-json\/wp\/v2\/product"}],"about":[{"href":"https:\/\/presses-universitaires.parisnanterre.fr\/index.php\/wp-json\/wp\/v2\/types\/product"}],"replies":[{"embeddable":true,"href":"https:\/\/presses-universitaires.parisnanterre.fr\/index.php\/wp-json\/wp\/v2\/comments?post=1641"}],"wp:featuredmedia":[{"embeddable":true,"href":"https:\/\/presses-universitaires.parisnanterre.fr\/index.php\/wp-json\/wp\/v2\/media\/1642"}],"wp:attachment":[{"href":"https:\/\/presses-universitaires.parisnanterre.fr\/index.php\/wp-json\/wp\/v2\/media?parent=1641"}],"wp:term":[{"taxonomy":"product_brand","embeddable":true,"href":"https:\/\/presses-universitaires.parisnanterre.fr\/index.php\/wp-json\/wp\/v2\/product_brand?post=1641"},{"taxonomy":"product_cat","embeddable":true,"href":"https:\/\/presses-universitaires.parisnanterre.fr\/index.php\/wp-json\/wp\/v2\/product_cat?post=1641"},{"taxonomy":"product_tag","embeddable":true,"href":"https:\/\/presses-universitaires.parisnanterre.fr\/index.php\/wp-json\/wp\/v2\/product_tag?post=1641"}],"curies":[{"name":"wp","href":"https:\/\/api.w.org\/{rel}","templated":true}]}}