{"id":1627,"date":"2012-10-26T09:03:22","date_gmt":"2012-10-26T09:03:22","guid":{"rendered":"https:\/\/presses-universitaires.parisnanterre.fr\/?post_type=product&#038;p=1627"},"modified":"2025-01-15T09:14:14","modified_gmt":"2025-01-15T09:14:14","slug":"eclats-de-litterature-grecque-dhomere-a-pascal-quignard-melanges-offerts-a-suzanne-said","status":"publish","type":"product","link":"https:\/\/presses-universitaires.parisnanterre.fr\/index.php\/produit\/eclats-de-litterature-grecque-dhomere-a-pascal-quignard-melanges-offerts-a-suzanne-said\/","title":{"rendered":"\u00c9clats de litt\u00e9rature grecque d&rsquo;Hom\u00e8re \u00e0 Pascal Quignard. M\u00e9langes offerts \u00e0 Suzanne Sa\u00efd"},"content":{"rendered":"","protected":false},"excerpt":{"rendered":"<ul>\n<li>Textes r\u00e9unis par Sandrine Duel, Sophie Gotteland et Estelle Oudot<\/li>\n<li>Langues : fran\u00e7ais, anglais<\/li>\n<li>368 pages<\/li>\n<li>ISBN : 978-2-84016-116-5<\/li>\n<li>Date de parution : 2012<\/li>\n<\/ul>\n","protected":false},"featured_media":1628,"comment_status":"closed","ping_status":"closed","template":"","meta":{"_kad_blocks_custom_css":"","_kad_blocks_head_custom_js":"","_kad_blocks_body_custom_js":"","_kad_blocks_footer_custom_js":"","_kadence_starter_templates_imported_post":false,"_kad_post_transparent":"default","_kad_post_title":"","_kad_post_layout":"default","_kad_post_sidebar_id":"","_kad_post_content_style":"default","_kad_post_vertical_padding":"default","_kad_post_feature":"","_kad_post_feature_position":"","_kad_post_header":false,"_kad_post_footer":false,"_kad_post_classname":""},"product_brand":[],"product_cat":[400,434,435,403],"product_tag":[469],"class_list":{"0":"post-1627","1":"product","2":"type-product","3":"status-publish","4":"has-post-thumbnail","6":"product_cat-histoire","7":"product_cat-litterature","8":"product_cat-litterature-comparee","9":"product_cat-litteratures","10":"product_tag-hors-collection","12":"first","13":"instock","14":"taxable","15":"shipping-taxable","16":"purchasable","17":"product-type-simple","18":"entry","19":"content-bg","20":"loop-entry"},"taxonomy_info":{"product_cat":[{"value":400,"label":"Histoire"},{"value":434,"label":"Litt\u00e9rature"},{"value":435,"label":"Litt\u00e9rature compar\u00e9e"},{"value":403,"label":"Litt\u00e9ratures"}],"product_tag":[{"value":469,"label":"Hors collection"}]},"featured_image_src_large":["https:\/\/presses-universitaires.parisnanterre.fr\/wp-content\/uploads\/2012\/10\/CouvEclatLitterature-740x1024.jpg",740,1024,true],"author_info":[],"comment_info":0,"_links":{"self":[{"href":"https:\/\/presses-universitaires.parisnanterre.fr\/index.php\/wp-json\/wp\/v2\/product\/1627","targetHints":{"allow":["GET"]}}],"collection":[{"href":"https:\/\/presses-universitaires.parisnanterre.fr\/index.php\/wp-json\/wp\/v2\/product"}],"about":[{"href":"https:\/\/presses-universitaires.parisnanterre.fr\/index.php\/wp-json\/wp\/v2\/types\/product"}],"replies":[{"embeddable":true,"href":"https:\/\/presses-universitaires.parisnanterre.fr\/index.php\/wp-json\/wp\/v2\/comments?post=1627"}],"wp:featuredmedia":[{"embeddable":true,"href":"https:\/\/presses-universitaires.parisnanterre.fr\/index.php\/wp-json\/wp\/v2\/media\/1628"}],"wp:attachment":[{"href":"https:\/\/presses-universitaires.parisnanterre.fr\/index.php\/wp-json\/wp\/v2\/media?parent=1627"}],"wp:term":[{"taxonomy":"product_brand","embeddable":true,"href":"https:\/\/presses-universitaires.parisnanterre.fr\/index.php\/wp-json\/wp\/v2\/product_brand?post=1627"},{"taxonomy":"product_cat","embeddable":true,"href":"https:\/\/presses-universitaires.parisnanterre.fr\/index.php\/wp-json\/wp\/v2\/product_cat?post=1627"},{"taxonomy":"product_tag","embeddable":true,"href":"https:\/\/presses-universitaires.parisnanterre.fr\/index.php\/wp-json\/wp\/v2\/product_tag?post=1627"}],"curies":[{"name":"wp","href":"https:\/\/api.w.org\/{rel}","templated":true}]}}